{"id":20328,"date":"2021-02-21T14:39:55","date_gmt":"2021-02-21T14:39:55","guid":{"rendered":"https:\/\/www.autonvaraosahaku.fi\/?product=kyb-sm1022-jousijalan-tukilaakeri"},"modified":"2021-02-21T14:39:56","modified_gmt":"2021-02-21T14:39:56","slug":"kyb-sm1022-jousijalan-tukilaakeri","status":"publish","type":"product","link":"https:\/\/www.autonvaraosahaku.fi\/?product=kyb-sm1022-jousijalan-tukilaakeri","title":{"rendered":"KYB SM1022 Jousijalan tukilaakeri"},"content":{"rendered":"<p>Asennuspuoli: Etuakseli; lis\u00e4tieto: Suspension Mounting Kit; Alustarakenne: f\u00fcr Fahrzeuge ohne tiefergelegtes Fahrwerk; VOLVO: V70 II SW,XC90 I,V70 I LV,S60 I,S80 I TS, XY,XC70 CROSS COUNTRY,C70 I Cabriolet,C70 I Coupe,S70 LS; 30647763, 30683637, 3546238, 35462381, 8646713, 86467131, 9173203, 9461728, 94617289; Iskarin Yl\u00e4p\u00e4\u00e4,Iskunvaimentimen Yl\u00e4p\u00e4\u00e4<\/p>\n","protected":false},"excerpt":{"rendered":"<p>KYB Jousijalan Tukilaakeri SM1022 Iskarin Yl\u00e4p\u00e4\u00e4,Iskunvaimentimen Yl\u00e4p\u00e4\u00e4 VOLVO,V70 II SW,XC90 I,V70 I LV,S60 I,S80 I TS, XY,XC70 CROSS COUNTRY<\/p>\n","protected":false},"featured_media":0,"template":"","meta":{"site-sidebar-layout":"default","site-content-layout":"default","ast-global-header-display":"","ast-main-header-display":"","ast-hfb-above-header-display":"","ast-hfb-below-header-display":"","ast-hfb-mobile-header-display":"","site-post-title":"","ast-breadcrumbs-content":"","ast-featured-img":"","footer-sml-layout":"","theme-transparent-header-meta":"","adv-header-id-meta":"","stick-header-meta":"","header-above-stick-meta":"","header-main-stick-meta":"","header-below-stick-meta":""},"pwb-brand":[226],"product_cat":[45],"product_tag":[],"class_list":{"0":"post-20328","1":"product","2":"type-product","3":"status-publish","5":"pwb-brand-kyb","6":"product_cat-jousijalan-tukilaakeri","7":"desktop-align-left","8":"tablet-align-left","9":"mobile-align-left","11":"first","12":"instock","13":"product-type-external"},"brands":[{"id":226,"name":"KYB","slug":"kyb"}],"_links":{"self":[{"href":"https:\/\/www.autonvaraosahaku.fi\/index.php?rest_route=\/wp\/v2\/product\/20328","targetHints":{"allow":["GET"]}}],"collection":[{"href":"https:\/\/www.autonvaraosahaku.fi\/index.php?rest_route=\/wp\/v2\/product"}],"about":[{"href":"https:\/\/www.autonvaraosahaku.fi\/index.php?rest_route=\/wp\/v2\/types\/product"}],"wp:attachment":[{"href":"https:\/\/www.autonvaraosahaku.fi\/index.php?rest_route=%2Fwp%2Fv2%2Fmedia&parent=20328"}],"wp:term":[{"taxonomy":"pwb-brand","embeddable":true,"href":"https:\/\/www.autonvaraosahaku.fi\/index.php?rest_route=%2Fwp%2Fv2%2Fpwb-brand&post=20328"},{"taxonomy":"product_cat","embeddable":true,"href":"https:\/\/www.autonvaraosahaku.fi\/index.php?rest_route=%2Fwp%2Fv2%2Fproduct_cat&post=20328"},{"taxonomy":"product_tag","embeddable":true,"href":"https:\/\/www.autonvaraosahaku.fi\/index.php?rest_route=%2Fwp%2Fv2%2Fproduct_tag&post=20328"}],"curies":[{"name":"wp","href":"https:\/\/api.w.org\/{rel}","templated":true}]}}