{"id":20329,"date":"2021-02-21T14:39:55","date_gmt":"2021-02-21T14:39:55","guid":{"rendered":"https:\/\/www.autonvaraosahaku.fi\/?product=orlen-qfs405b10-moottorioljy"},"modified":"2021-02-21T14:39:56","modified_gmt":"2021-02-21T14:39:56","slug":"orlen-qfs405b10-moottorioljy","status":"publish","type":"product","link":"https:\/\/www.autonvaraosahaku.fi\/?product=orlen-qfs405b10-moottorioljy","title":{"rendered":"ORLEN QFS405B10 Moottori\u00f6ljy"},"content":{"rendered":"<p>Pakkaustyyppi: Kanisteri; Tilavuus (litra): 1; Erittely: API CF; Viskositeettiluokka SAE: 10W-40; Valmistajan hyv\u00e4ksym\u00e4: MB 229.1; \u00d6ljy: Osasynteettinen \u00f6ljy; Tuotelinja: PLATINUM CLASSIC; Versio: DIESEL SEMISYNTHETIC; API-m\u00e4\u00e4rittely: CF; MERCEDES-BENZ: C-CLASS W203,E-CLASS W211,A-CLASS W168,C-CLASS T-Model S203,C-CLASS W202,E-CLASS T-Model S211,190 W201,SLK R170,E-CLASS W210,E-CLASS W212,M-CLASS W164,C-CLASS Coupe CL203,M-CLASS W163,Stufenheck W124,E-CLASS T-Model S212,E-CLASS Kombi S210,CLK C208,SL R129,CLK C209,SL R107,C-CLASS Kombi S202,Stufenheck W123,S-CLASS W220,S-CLASS W126,S-CLASS W221,CLS C219,VANEO 414,SL R230,KOMBI Kombi S124,E-CLASS W124,R-CLASS W251, V251,G-CLASS W463,VITO Bus 638,E-CLASS Coupe C207,CLK Cabriolet A208,COUPE C124,CLK Cabriolet A209,G-CLASS W460,S-CLASS W140,E-CLASS Kombi S124,COUPE C123,SPRINTER 3-t Kasten 903,SPRINTER 2-t Bus 901, 902,V-CLASS 638\/2,E-CLASS Cabriolet A207,S-CLASS Coupe C126,GL-CLASS X164,G-CLASS W461,SPRINTER 2-t Kasten 901, 902,SPRINTER 3-t Bus 903,KOMBI Kombi S123,SPRINTER 3-t Pritsche\/Fahrgestell 903,T1 Bus 601,100 Bus 631,S-CLASS Coupe C215,VITO Kasten 638,E-CLASS Cabriolet A124,SL Coupe C107,E-CLASS Coupe C124,T1 Pritsche\/Fahrgestell 602,T1 Kasten ; OPEL: VECTRA A 86_, 87_,VECTRA A CC 88_, 89_,CAMPO TF_,ASTRA F Van 55_,KADETT E Combo 38_, 48_; RENAULT: 19 II B\/C53_,SUPER 5 B\/C40_,RAPID Kasten F40_, G40_,19 I B\/C53_,TRAFIC Kasten TXX,9 L42_,TRAFIC Bus TXW,19 II Chamade L53_,11 B\/C37_,21 Stufenheck L48_,19 I Chamade L53_,MASTER I Kasten T__,TRAFIC Kasten T1, T3, T4,18 134_,21 Kombi K48_,18 Variable 135_,21 B48_,MASTER I Bus T__,19 II Kasten S53_,TRAFIC Pritsche\/Fahrgestell P6,19 I Kasten S53_,MASTER I Pritsche\/Fahrgestell P__,TRAFIC Pritsche\/Fahrgestell PXX,SUPER 5 Kasten S40_; FIAT: DUCATO Pritsche\/Fahrgestell 230,DUCATO Bus 230,DOBLO Cargo 223,PUNTO 176,DOBLO 119,DUCATO Kasten 230L,PANDA 141A_,BRAVO I 182,ULYSSE 220,BRAVA 182,SCUDO Kasten 220L,MAREA Weekend 185,SCUDO Combinato 220P,PALIO Weekend 178DX,TIPO 160,CROMA 154,MAREA 185,TEMPRA 159,PUNTO Van 176L,TEMPRA S.W. 159; TOYOTA: AVENSIS Kombi T25,COROLLA Verso ZER_, ZZE12_, R1_,RAV 4 III ACA3_, ACE_, ALA3_, GSA3_, ZSA3_,RAV 4 II CLA2_, XA2_, ZCA2_, ACA2_,COROLLA ZZE12_, NDE12_, ZDE12_,AVENSIS T25_,YARIS VERSO _NLP2_, _NCP2_,COROLLA Kombi _E12J_, _E12T_,AVENSIS Stufenheck T25,AVENSIS _T22_,COROLLA Liftback _E11_,COROLLA Compact _E11_,AVENSIS Station Wagon _T22_,COROLLA Verso ZDE12_, CDE12_,PREVIA MCR3_, ACR3_, CLR3_,LAND CRUISER KDJ12_, GRJ12_,HILUX III Pick-up TGN1_, GGN2_, GGN1_, KUN2_, KUN1_,COROLLA Stufenheck _E12J_, _E12T_,AVENSIS Liftback _T22_,COROLLA _E11_,COROLLA Wagon __E11_,LAND CRUISER 150 KDJ15_, GRJ15_,HILUX VI Pick-up _N1_,HILUX V Pick-up LN_, KZN1_, VZN1_,HIACE IV Bus LH1_,LAND CRUISER VDJ20_, UZJ20_,HIACE IV Kasten LXH1_, RZH1_, LH1_; CITRO\u00cbN: JUMPY U6U; NISSAN: X-TRAIL T30,ALMERA TINO V10,ALMERA II Hatchback N16,PRIMERA P11,PRIMERA Kombi WP12,PRIMERA P12,TERRANO II R20,PRIMERA Traveller WP11,PRIMERA Hatchback P11,PRIMERA Hatchback P12,ALMERA Mk II N16,VANETTE CARGO Kasten HC 23; MAZDA: 323 F VI BJ,PREMACY CP,3 BL,5 CW,626 V Hatchback GF,626 V Station Wagon GW,3 Stufenheck BL,626 IV Hatchback GE,B-SERIE UN,323 C IV BG,121 III JASM, JBSM,626 IV GE,323 III Hatchback BF,626 III GD,FAMILIA IV BG,626 III Hatchback GD,E-SERIE Kasten SR2,626 III Station Wagon GV,B-SERIE UF,323 III BF,323 III Station Wagon BW,B-SERIE Pritsche\/Fahrgestell UN; KIA: SORENTO I JC,CARENS II FJ,CARNIVAL II GQ,K2500 SD; MITSUBISHI: COLT VI Z3_A, Z2_A,CARISMA DA_,COLT CZC Cabriolet RG,CARISMA Stufenheck DA_,L 300 Bus P0_W, P1_W, P2_W,L 300 Pritsche\/Fahrgestell L03_P,L 300 Kasten P0_W, P1_W,L 200 K3_T, K2_T, K1_T, K0_T,L 300 Pritsche\/Fahrgestell P1_T<\/p>\n","protected":false},"excerpt":{"rendered":"<p>ORLEN Moottori\u00f6ljy QFS405B10<\/p>\n","protected":false},"featured_media":0,"template":"","meta":{"site-sidebar-layout":"default","site-content-layout":"default","ast-global-header-display":"","ast-main-header-display":"","ast-hfb-above-header-display":"","ast-hfb-below-header-display":"","ast-hfb-mobile-header-display":"","site-post-title":"","ast-breadcrumbs-content":"","ast-featured-img":"","footer-sml-layout":"","theme-transparent-header-meta":"","adv-header-id-meta":"","stick-header-meta":"","header-above-stick-meta":"","header-main-stick-meta":"","header-below-stick-meta":""},"pwb-brand":[405],"product_cat":[129],"product_tag":[],"class_list":{"0":"post-20329","1":"product","2":"type-product","3":"status-publish","5":"pwb-brand-orlen","6":"product_cat-moottorioljy","7":"desktop-align-left","8":"tablet-align-left","9":"mobile-align-left","11":"first","12":"instock","13":"product-type-external"},"brands":[{"id":405,"name":"ORLEN","slug":"orlen"}],"_links":{"self":[{"href":"https:\/\/www.autonvaraosahaku.fi\/index.php?rest_route=\/wp\/v2\/product\/20329","targetHints":{"allow":["GET"]}}],"collection":[{"href":"https:\/\/www.autonvaraosahaku.fi\/index.php?rest_route=\/wp\/v2\/product"}],"about":[{"href":"https:\/\/www.autonvaraosahaku.fi\/index.php?rest_route=\/wp\/v2\/types\/product"}],"wp:attachment":[{"href":"https:\/\/www.autonvaraosahaku.fi\/index.php?rest_route=%2Fwp%2Fv2%2Fmedia&parent=20329"}],"wp:term":[{"taxonomy":"pwb-brand","embeddable":true,"href":"https:\/\/www.autonvaraosahaku.fi\/index.php?rest_route=%2Fwp%2Fv2%2Fpwb-brand&post=20329"},{"taxonomy":"product_cat","embeddable":true,"href":"https:\/\/www.autonvaraosahaku.fi\/index.php?rest_route=%2Fwp%2Fv2%2Fproduct_cat&post=20329"},{"taxonomy":"product_tag","embeddable":true,"href":"https:\/\/www.autonvaraosahaku.fi\/index.php?rest_route=%2Fwp%2Fv2%2Fproduct_tag&post=20329"}],"curies":[{"name":"wp","href":"https:\/\/api.w.org\/{rel}","templated":true}]}}