{"id":20332,"date":"2021-02-21T14:39:55","date_gmt":"2021-02-21T14:39:55","guid":{"rendered":"https:\/\/www.autonvaraosahaku.fi\/?product=mannol-mn7918-4-moottorioljy"},"modified":"2021-02-21T14:39:57","modified_gmt":"2021-02-21T14:39:57","slug":"mannol-mn7918-4-moottorioljy","status":"publish","type":"product","link":"https:\/\/www.autonvaraosahaku.fi\/?product=mannol-mn7918-4-moottorioljy","title":{"rendered":"MANNOL MN7918-4 Moottori\u00f6ljy"},"content":{"rendered":"<p>Tilavuus (litra): 4; Viskositeettiluokka SAE: 0W-20; Erittely: API SN+, ILSAC GF-5; Valmistajan hyv\u00e4ksym\u00e4: MB 229.71, BMW Longlife-17 FE+, dexos1 GEN 2, Volvo VCC RBS0-2AE, GM Dexos1 GEN 2; \u00d6ljy: Synteettinen \u00f6ljy; Tuotelinja: LEGEND; Versio: ULTRA; API-m\u00e4\u00e4rittely: SN+; BMW: 1 F20,3 Touring F31,3 F30, F35, F80,1 F21,3 Gran Turismo F34,4 Coupe F32, F82,2 Coupe F22,4 Cabriolet F33, F83,4 Gran Coupe F36,5 G30,2 Cabriolet F23,5 Touring G31,X2 F39,X3 G01,i8 I12; VOLVO: XC60,V70 III BW,V60,V40 Schr\u00e4gheck,XC70 II,S80 II AS,S60 II,XC90 II,V90 II,S90 II,XC60 II,XC40 536; MERCEDES-BENZ: S-CLASS W222, V222, X222,C-CLASS T-Model S205,C-CLASS W205,E-CLASS W213,E-CLASS T-Model S213,C-CLASS Coupe C205,C-CLASS Cabriolet A205,E-CLASS Coupe C238,E-CLASS Cabriolet A238,E-CLASS All-Terrain S213; OPEL: CORSA D,ASTRA J Sports Tourer,INSIGNIA Caravan,ASTRA J,MERIVA B,ZAFIRA TOURER C P12,MOKKA,ADAM,INSIGNIA,INSIGNIA Stufenheck,ASTRA GTC J,ASTRA J Stufenheck,CASCADA W13,CORSA E,ASTRA K,ASTRA K Caravan,INSIGNIA A Country Tourer G09,CROSSLAND X,GRANDLAND X A18,INSIGNIA CC,INSIGNIA B Country Tourer Z18<\/p>\n","protected":false},"excerpt":{"rendered":"<p>MANNOL Moottori\u00f6ljy MN7918-4<\/p>\n","protected":false},"featured_media":0,"template":"","meta":{"site-sidebar-layout":"default","site-content-layout":"default","ast-global-header-display":"","ast-main-header-display":"","ast-hfb-above-header-display":"","ast-hfb-below-header-display":"","ast-hfb-mobile-header-display":"","site-post-title":"","ast-breadcrumbs-content":"","ast-featured-img":"","footer-sml-layout":"","theme-transparent-header-meta":"","adv-header-id-meta":"","stick-header-meta":"","header-above-stick-meta":"","header-main-stick-meta":"","header-below-stick-meta":""},"pwb-brand":[167],"product_cat":[129],"product_tag":[],"class_list":{"0":"post-20332","1":"product","2":"type-product","3":"status-publish","5":"pwb-brand-mannol","6":"product_cat-moottorioljy","7":"desktop-align-left","8":"tablet-align-left","9":"mobile-align-left","11":"first","12":"instock","13":"product-type-external"},"brands":[{"id":167,"name":"MANNOL","slug":"mannol"}],"_links":{"self":[{"href":"https:\/\/www.autonvaraosahaku.fi\/index.php?rest_route=\/wp\/v2\/product\/20332","targetHints":{"allow":["GET"]}}],"collection":[{"href":"https:\/\/www.autonvaraosahaku.fi\/index.php?rest_route=\/wp\/v2\/product"}],"about":[{"href":"https:\/\/www.autonvaraosahaku.fi\/index.php?rest_route=\/wp\/v2\/types\/product"}],"wp:attachment":[{"href":"https:\/\/www.autonvaraosahaku.fi\/index.php?rest_route=%2Fwp%2Fv2%2Fmedia&parent=20332"}],"wp:term":[{"taxonomy":"pwb-brand","embeddable":true,"href":"https:\/\/www.autonvaraosahaku.fi\/index.php?rest_route=%2Fwp%2Fv2%2Fpwb-brand&post=20332"},{"taxonomy":"product_cat","embeddable":true,"href":"https:\/\/www.autonvaraosahaku.fi\/index.php?rest_route=%2Fwp%2Fv2%2Fproduct_cat&post=20332"},{"taxonomy":"product_tag","embeddable":true,"href":"https:\/\/www.autonvaraosahaku.fi\/index.php?rest_route=%2Fwp%2Fv2%2Fproduct_tag&post=20332"}],"curies":[{"name":"wp","href":"https:\/\/api.w.org\/{rel}","templated":true}]}}