{"id":20333,"date":"2021-02-21T14:39:55","date_gmt":"2021-02-21T14:39:55","guid":{"rendered":"https:\/\/www.autonvaraosahaku.fi\/?product=topran-409-696-lammityslaitteen-puhaltimen-vastus"},"modified":"2021-02-21T14:39:57","modified_gmt":"2021-02-21T14:39:57","slug":"topran-409-696-lammityslaitteen-puhaltimen-vastus","status":"publish","type":"product","link":"https:\/\/www.autonvaraosahaku.fi\/?product=topran-409-696-lammityslaitteen-puhaltimen-vastus","title":{"rendered":"TOPRAN 409 696 L\u00e4mmityslaitteen puhaltimen vastus"},"content":{"rendered":"<p>Pistokkeen kotelon muoto: suorakulmainen (rectangular); Napojen m\u00e4\u00e4r\u00e4: 4; Alustanumerosta: J440065; MERCEDES-BENZ: A-CLASS W168,VANEO 414; 1688200897, A1688200897; Vastus, Sis\u00e4ilmantuuletin<\/p>\n","protected":false},"excerpt":{"rendered":"<p>TOPRAN L\u00e4mmityslaitteen Puhaltimen Vastus 409 696 Vastus, Sis\u00e4ilmantuuletin MERCEDES-BENZ,A-CLASS W168,VANEO 414<\/p>\n","protected":false},"featured_media":0,"template":"","meta":{"site-sidebar-layout":"default","site-content-layout":"default","ast-global-header-display":"","ast-main-header-display":"","ast-hfb-above-header-display":"","ast-hfb-below-header-display":"","ast-hfb-mobile-header-display":"","site-post-title":"","ast-breadcrumbs-content":"","ast-featured-img":"","footer-sml-layout":"","theme-transparent-header-meta":"","adv-header-id-meta":"","stick-header-meta":"","header-above-stick-meta":"","header-main-stick-meta":"","header-below-stick-meta":""},"pwb-brand":[18],"product_cat":[134],"product_tag":[],"class_list":{"0":"post-20333","1":"product","2":"type-product","3":"status-publish","5":"pwb-brand-topran","6":"product_cat-lammityslaitteen-puhaltimen-vastus","7":"desktop-align-left","8":"tablet-align-left","9":"mobile-align-left","11":"first","12":"instock","13":"product-type-external"},"brands":[{"id":18,"name":"TOPRAN","slug":"topran"}],"_links":{"self":[{"href":"https:\/\/www.autonvaraosahaku.fi\/index.php?rest_route=\/wp\/v2\/product\/20333","targetHints":{"allow":["GET"]}}],"collection":[{"href":"https:\/\/www.autonvaraosahaku.fi\/index.php?rest_route=\/wp\/v2\/product"}],"about":[{"href":"https:\/\/www.autonvaraosahaku.fi\/index.php?rest_route=\/wp\/v2\/types\/product"}],"wp:attachment":[{"href":"https:\/\/www.autonvaraosahaku.fi\/index.php?rest_route=%2Fwp%2Fv2%2Fmedia&parent=20333"}],"wp:term":[{"taxonomy":"pwb-brand","embeddable":true,"href":"https:\/\/www.autonvaraosahaku.fi\/index.php?rest_route=%2Fwp%2Fv2%2Fpwb-brand&post=20333"},{"taxonomy":"product_cat","embeddable":true,"href":"https:\/\/www.autonvaraosahaku.fi\/index.php?rest_route=%2Fwp%2Fv2%2Fproduct_cat&post=20333"},{"taxonomy":"product_tag","embeddable":true,"href":"https:\/\/www.autonvaraosahaku.fi\/index.php?rest_route=%2Fwp%2Fv2%2Fproduct_tag&post=20333"}],"curies":[{"name":"wp","href":"https:\/\/api.w.org\/{rel}","templated":true}]}}