{"id":20335,"date":"2021-02-21T14:39:55","date_gmt":"2021-02-21T14:39:55","guid":{"rendered":"https:\/\/www.autonvaraosahaku.fi\/?product=era-775238a-polttoainepumppu"},"modified":"2021-02-21T14:39:57","modified_gmt":"2021-02-21T14:39:57","slug":"era-775238a-polttoainepumppu","status":"publish","type":"product","link":"https:\/\/www.autonvaraosahaku.fi\/?product=era-775238a-polttoainepumppu","title":{"rendered":"ERA 775238A Polttoainepumppu"},"content":{"rendered":"<p>Paine (bar): 3; K\u00e4ytt\u00f6: S\u00e4hk\u00f6inen; Liittimi\u00e4: 4; Siirtom\u00e4\u00e4r\u00e4 (l\/h): 100; FORD: FOCUS II Kombi DA_,FOCUS II DA_,FOCUS C-MAX,C-MAX DM2,FOCUS II Stufenheck DA_,FOCUS II Cabriolet; 1234552, 1254193, 1305354, 1309160, 1312617, 1320135, 1323864, 1341220, 1341332, 1345817, 1364663, 1383338, 1388677, 1432010, 1447501, 1498060, 1529595, 1602781, 3M519H307AA, 3M519H307AB, 3M519H307AC, 3M519H307AD, 3M519H307AE, 3M519H307AU, 3M519H307AV, ZY081335XA, ZY081335XE, ZY081335XF, ZY081335XH; Polttoaineen Sy\u00f6tt\u00f6yksikk\u00f6<\/p>\n","protected":false},"excerpt":{"rendered":"<p>ERA Polttoainepumppu 775238A Polttoaineen Sy\u00f6tt\u00f6yksikk\u00f6 FORD,FOCUS II Kombi DA_,FOCUS II DA_,FOCUS C-MAX,C-MAX DM2,FOCUS II Stufenheck DA_<\/p>\n","protected":false},"featured_media":0,"template":"","meta":{"site-sidebar-layout":"default","site-content-layout":"default","ast-global-header-display":"","ast-main-header-display":"","ast-hfb-above-header-display":"","ast-hfb-below-header-display":"","ast-hfb-mobile-header-display":"","site-post-title":"","ast-breadcrumbs-content":"","ast-featured-img":"","footer-sml-layout":"","theme-transparent-header-meta":"","adv-header-id-meta":"","stick-header-meta":"","header-above-stick-meta":"","header-main-stick-meta":"","header-below-stick-meta":""},"pwb-brand":[64],"product_cat":[73],"product_tag":[],"class_list":{"0":"post-20335","1":"product","2":"type-product","3":"status-publish","5":"pwb-brand-era","6":"product_cat-polttoainepumppu","7":"desktop-align-left","8":"tablet-align-left","9":"mobile-align-left","11":"first","12":"instock","13":"product-type-external"},"brands":[{"id":64,"name":"ERA","slug":"era"}],"_links":{"self":[{"href":"https:\/\/www.autonvaraosahaku.fi\/index.php?rest_route=\/wp\/v2\/product\/20335","targetHints":{"allow":["GET"]}}],"collection":[{"href":"https:\/\/www.autonvaraosahaku.fi\/index.php?rest_route=\/wp\/v2\/product"}],"about":[{"href":"https:\/\/www.autonvaraosahaku.fi\/index.php?rest_route=\/wp\/v2\/types\/product"}],"wp:attachment":[{"href":"https:\/\/www.autonvaraosahaku.fi\/index.php?rest_route=%2Fwp%2Fv2%2Fmedia&parent=20335"}],"wp:term":[{"taxonomy":"pwb-brand","embeddable":true,"href":"https:\/\/www.autonvaraosahaku.fi\/index.php?rest_route=%2Fwp%2Fv2%2Fpwb-brand&post=20335"},{"taxonomy":"product_cat","embeddable":true,"href":"https:\/\/www.autonvaraosahaku.fi\/index.php?rest_route=%2Fwp%2Fv2%2Fproduct_cat&post=20335"},{"taxonomy":"product_tag","embeddable":true,"href":"https:\/\/www.autonvaraosahaku.fi\/index.php?rest_route=%2Fwp%2Fv2%2Fproduct_tag&post=20335"}],"curies":[{"name":"wp","href":"https:\/\/api.w.org\/{rel}","templated":true}]}}