{"id":20337,"date":"2021-02-21T14:39:55","date_gmt":"2021-02-21T14:39:55","guid":{"rendered":"https:\/\/www.autonvaraosahaku.fi\/?product=jp-group-1197500300-peruutustutka-anturit"},"modified":"2021-02-21T14:39:58","modified_gmt":"2021-02-21T14:39:58","slug":"jp-group-1197500300-peruutustutka-anturit","status":"publish","type":"product","link":"https:\/\/www.autonvaraosahaku.fi\/?product=jp-group-1197500300-peruutustutka-anturit","title":{"rendered":"JP GROUP 1197500300 Peruutustutka anturit"},"content":{"rendered":"<p>Asennuspuoli: Edess\u00e4; Liittimi\u00e4: 3; V\u00e4ri: Musta; Valmistusvuosi alkaen: 11\/2011; VW: TOURAN 1T1, 1T2,GOLF VI 5K1,PASSAT Variant 3C5,GOLF PLUS 5M1, 521,PASSAT 3C2,TIGUAN 5N_,TOURAN 1T3,GOLF VI Variant AJ5,EOS 1F7, 1F8,PASSAT CC 357,SHARAN 7N1, 7N2,GOLF VI Cabriolet 517; AUDI: A3 8P1,A3 Sportback 8PA,A6 Avant 4G5, C7, 4GD,Q3 8U,A6 4G2, C7, 4GC,A7 Sportback 4GA, 4GF,A3 Cabriolet 8P7; SKODA: YETI 5L,SUPERB Kombi 3T5,SUPERB 3T4; SEAT: ALHAMBRA 710, 711; 1T0919297A, 1T0919297A, 1T0919297A, 1T0919297A; Tunnistin, Et\u00e4isyystunnistin<\/p>\n","protected":false},"excerpt":{"rendered":"<p>JP GROUP Peruutustutka Anturit JP Group 1197500300 Tunnistin, Et\u00e4isyystunnistin VW,AUDI,SKODA,TOURAN 1T1, 1T2,GOLF VI 5K1,PASSAT Variant 3C5<\/p>\n","protected":false},"featured_media":0,"template":"","meta":{"site-sidebar-layout":"default","site-content-layout":"default","ast-global-header-display":"","ast-main-header-display":"","ast-hfb-above-header-display":"","ast-hfb-below-header-display":"","ast-hfb-mobile-header-display":"","site-post-title":"","ast-breadcrumbs-content":"","ast-featured-img":"","footer-sml-layout":"","theme-transparent-header-meta":"","adv-header-id-meta":"","stick-header-meta":"","header-above-stick-meta":"","header-main-stick-meta":"","header-below-stick-meta":""},"pwb-brand":[131],"product_cat":[217],"product_tag":[],"class_list":{"0":"post-20337","1":"product","2":"type-product","3":"status-publish","5":"pwb-brand-jp-group","6":"product_cat-peruutustutka-anturit","7":"desktop-align-left","8":"tablet-align-left","9":"mobile-align-left","11":"first","12":"instock","13":"product-type-external"},"brands":[{"id":131,"name":"JP GROUP","slug":"jp-group"}],"_links":{"self":[{"href":"https:\/\/www.autonvaraosahaku.fi\/index.php?rest_route=\/wp\/v2\/product\/20337","targetHints":{"allow":["GET"]}}],"collection":[{"href":"https:\/\/www.autonvaraosahaku.fi\/index.php?rest_route=\/wp\/v2\/product"}],"about":[{"href":"https:\/\/www.autonvaraosahaku.fi\/index.php?rest_route=\/wp\/v2\/types\/product"}],"wp:attachment":[{"href":"https:\/\/www.autonvaraosahaku.fi\/index.php?rest_route=%2Fwp%2Fv2%2Fmedia&parent=20337"}],"wp:term":[{"taxonomy":"pwb-brand","embeddable":true,"href":"https:\/\/www.autonvaraosahaku.fi\/index.php?rest_route=%2Fwp%2Fv2%2Fpwb-brand&post=20337"},{"taxonomy":"product_cat","embeddable":true,"href":"https:\/\/www.autonvaraosahaku.fi\/index.php?rest_route=%2Fwp%2Fv2%2Fproduct_cat&post=20337"},{"taxonomy":"product_tag","embeddable":true,"href":"https:\/\/www.autonvaraosahaku.fi\/index.php?rest_route=%2Fwp%2Fv2%2Fproduct_tag&post=20337"}],"curies":[{"name":"wp","href":"https:\/\/api.w.org\/{rel}","templated":true}]}}