{"id":20371,"date":"2021-02-21T14:40:03","date_gmt":"2021-02-21T14:40:03","guid":{"rendered":"https:\/\/www.autonvaraosahaku.fi\/?product=bosal-800-335-keskimmainen-aanenvaimennin"},"modified":"2021-02-21T14:40:05","modified_gmt":"2021-02-21T14:40:05","slug":"bosal-800-335-keskimmainen-aanenvaimennin","status":"publish","type":"product","link":"https:\/\/www.autonvaraosahaku.fi\/?product=bosal-800-335-keskimmainen-aanenvaimennin","title":{"rendered":"BOSAL 800-335 Keskimm\u00e4inen \u00e4\u00e4nenvaimennin"},"content":{"rendered":"<p>Valmistusvuosi alkaen: 11\/2003; OPEL: CORSA C F08, F68,TIGRA TwinTop,CORSA C Kasten F08, W5L; VAUXHALL: CORSA Mk II C W5L, F08,CORSAVAN Mk II C,TIGRA Convertible; 13126159, 5852127, 5852231, 5852277, 5852483, 5852484, 13126159, 13139864, 13204581, 5852127, 5852231, 5852277, 9129946<\/p>\n","protected":false},"excerpt":{"rendered":"<p>BOSAL Pakoputki 800-335  OPEL,VAUXHALL,CORSA C F08, F68,TIGRA TwinTop,CORSA C Kasten F08, W5L,CORSA Mk II C W5L, F08,CORSAVAN Mk II C<\/p>\n","protected":false},"featured_media":0,"template":"","meta":{"site-sidebar-layout":"default","site-content-layout":"default","ast-global-header-display":"","ast-main-header-display":"","ast-hfb-above-header-display":"","ast-hfb-below-header-display":"","ast-hfb-mobile-header-display":"","site-post-title":"","ast-breadcrumbs-content":"","ast-featured-img":"","footer-sml-layout":"","theme-transparent-header-meta":"","adv-header-id-meta":"","stick-header-meta":"","header-above-stick-meta":"","header-main-stick-meta":"","header-below-stick-meta":""},"pwb-brand":[248],"product_cat":[212],"product_tag":[],"class_list":{"0":"post-20371","1":"product","2":"type-product","3":"status-publish","5":"pwb-brand-bosal","6":"product_cat-keskimmainen-aanenvaimennin","7":"desktop-align-left","8":"tablet-align-left","9":"mobile-align-left","11":"first","12":"instock","13":"product-type-external"},"brands":[{"id":248,"name":"BOSAL","slug":"bosal"}],"_links":{"self":[{"href":"https:\/\/www.autonvaraosahaku.fi\/index.php?rest_route=\/wp\/v2\/product\/20371","targetHints":{"allow":["GET"]}}],"collection":[{"href":"https:\/\/www.autonvaraosahaku.fi\/index.php?rest_route=\/wp\/v2\/product"}],"about":[{"href":"https:\/\/www.autonvaraosahaku.fi\/index.php?rest_route=\/wp\/v2\/types\/product"}],"wp:attachment":[{"href":"https:\/\/www.autonvaraosahaku.fi\/index.php?rest_route=%2Fwp%2Fv2%2Fmedia&parent=20371"}],"wp:term":[{"taxonomy":"pwb-brand","embeddable":true,"href":"https:\/\/www.autonvaraosahaku.fi\/index.php?rest_route=%2Fwp%2Fv2%2Fpwb-brand&post=20371"},{"taxonomy":"product_cat","embeddable":true,"href":"https:\/\/www.autonvaraosahaku.fi\/index.php?rest_route=%2Fwp%2Fv2%2Fproduct_cat&post=20371"},{"taxonomy":"product_tag","embeddable":true,"href":"https:\/\/www.autonvaraosahaku.fi\/index.php?rest_route=%2Fwp%2Fv2%2Fproduct_tag&post=20371"}],"curies":[{"name":"wp","href":"https:\/\/api.w.org\/{rel}","templated":true}]}}