{"id":20372,"date":"2021-02-21T14:40:03","date_gmt":"2021-02-21T14:40:03","guid":{"rendered":"https:\/\/www.autonvaraosahaku.fi\/?product=master-sport-714-3-of-pcs-ms-oljynsuodatin"},"modified":"2021-02-21T14:40:05","modified_gmt":"2021-02-21T14:40:05","slug":"master-sport-714-3-of-pcs-ms-oljynsuodatin","status":"publish","type":"product","link":"https:\/\/www.autonvaraosahaku.fi\/?product=master-sport-714-3-of-pcs-ms-oljynsuodatin","title":{"rendered":"MASTER-SPORT 714\/3-OF-PCS-MS \u00d6ljynsuodatin"},"content":{"rendered":"<p>Ulkol\u00e4pimitta [mm]: 76; Korvaava tuote\/korvaava tiedote 2: yhdell\u00e4 peruutuksenestoventtiilill\u00e4; Avauspaine ohitusventtiili [bar]: 1,5; Ulkol\u00e4pimitta 2 [mm]: 71; Korkeus (mm): 79; Sis\u00e4l\u00e4pimitta 2 [mm]: 62; Kierremitta: 3\/4-16 UNF; Nettopaino [kg]: 0,3; Bruttopaino [kg]: 0,32; Valmistusvuosi alkaen: 04\/1981; LANCIA: DELTA I 831AB0,KAPPA 838A,THEMA 834,DELTA II 836,KAPPA SW 838B,KAPPA Coupe 838,DEDRA 835,Y10 156,THEMA SW 834,PRISMA 831AB0; FIAT: PUNTO 176,PANDA 141A_,PUNTO Cabriolet 176C,UNO 146A\/E,X 1\/9 128 AS,127,FIORINO Kasten 146,TIPO 160,128 Coupe,128,TEMPRA 159,RITMO I 138A,TEMPRA S.W. 159,FIORINO Pick up 146,FIORINO 147,CAMPAGNOLA,REGATA 138,RITMO Cabriolet,127 Panorama,128 Familiare,FIORINO 127,147,FIORINO Pick up 147,REGATA Weekend 138,147 Panorama,DUNA 146 B,DUNA Weekend 146 B; ALFA ROMEO: 147 937,156 Sportwagon 932,156 932,GT 937,SPIDER 916S_,166 936,GTV 916C_,164 164,155 167; AUTOBIANCHI: Y10; MASERATI: BITURBO Coupe,BITURBO Spider,BITURBO 70, 77,420\/430 69, 78, AF3; ZASTAVA: 101 1100,YUGO,YUGO FLORIDA; INNOCENTI: ELBA 146; 60574554, 4212109, 4228326, 4339509, 4356500, 4363484, 4371581, 4382101, 4394463, 43944630, 4434790, 4434792, 46805830, 5939831, 5951865, 60574554, 60810709, 71736166, 7581562, 7689285, 5012555, 5019918, 244191401, 452040901, 1520860400, 7701415064<\/p>\n","protected":false},"excerpt":{"rendered":"<p>MASTER-SPORT \u00d6ljynsuodatin 714\/3-OF-PCS-MS  LANCIA,FIAT,ALFA ROMEO,DELTA I 831AB0,KAPPA 838A,THEMA 834,DELTA II 836,KAPPA SW 838B,KAPPA Coupe 838<\/p>\n","protected":false},"featured_media":0,"template":"","meta":{"site-sidebar-layout":"default","site-content-layout":"default","ast-global-header-display":"","ast-main-header-display":"","ast-hfb-above-header-display":"","ast-hfb-below-header-display":"","ast-hfb-mobile-header-display":"","site-post-title":"","ast-breadcrumbs-content":"","ast-featured-img":"","footer-sml-layout":"","theme-transparent-header-meta":"","adv-header-id-meta":"","stick-header-meta":"","header-above-stick-meta":"","header-main-stick-meta":"","header-below-stick-meta":""},"pwb-brand":[61],"product_cat":[30],"product_tag":[],"class_list":{"0":"post-20372","1":"product","2":"type-product","3":"status-publish","5":"pwb-brand-master-sport","6":"product_cat-oljynsuodatin","7":"desktop-align-left","8":"tablet-align-left","9":"mobile-align-left","11":"first","12":"instock","13":"product-type-external"},"brands":[{"id":61,"name":"MASTER-SPORT","slug":"master-sport"}],"_links":{"self":[{"href":"https:\/\/www.autonvaraosahaku.fi\/index.php?rest_route=\/wp\/v2\/product\/20372","targetHints":{"allow":["GET"]}}],"collection":[{"href":"https:\/\/www.autonvaraosahaku.fi\/index.php?rest_route=\/wp\/v2\/product"}],"about":[{"href":"https:\/\/www.autonvaraosahaku.fi\/index.php?rest_route=\/wp\/v2\/types\/product"}],"wp:attachment":[{"href":"https:\/\/www.autonvaraosahaku.fi\/index.php?rest_route=%2Fwp%2Fv2%2Fmedia&parent=20372"}],"wp:term":[{"taxonomy":"pwb-brand","embeddable":true,"href":"https:\/\/www.autonvaraosahaku.fi\/index.php?rest_route=%2Fwp%2Fv2%2Fpwb-brand&post=20372"},{"taxonomy":"product_cat","embeddable":true,"href":"https:\/\/www.autonvaraosahaku.fi\/index.php?rest_route=%2Fwp%2Fv2%2Fproduct_cat&post=20372"},{"taxonomy":"product_tag","embeddable":true,"href":"https:\/\/www.autonvaraosahaku.fi\/index.php?rest_route=%2Fwp%2Fv2%2Fproduct_tag&post=20372"}],"curies":[{"name":"wp","href":"https:\/\/api.w.org\/{rel}","templated":true}]}}