{"id":20425,"date":"2021-02-21T14:40:15","date_gmt":"2021-02-21T14:40:15","guid":{"rendered":"https:\/\/www.autonvaraosahaku.fi\/?product=ridex-9f0224-polttoainesuodatin"},"modified":"2021-02-21T14:40:16","modified_gmt":"2021-02-21T14:40:16","slug":"ridex-9f0224-polttoainesuodatin","status":"publish","type":"product","link":"https:\/\/www.autonvaraosahaku.fi\/?product=ridex-9f0224-polttoainesuodatin","title":{"rendered":"RIDEX 9F0224 Polttoainesuodatin"},"content":{"rendered":"<p>Ulkol\u00e4pimitta [mm]: 70; Ulkol\u00e4pimitta 1 [mm]: 71; Kierre sis\u00e4\u00e4ntulo: 8; Kierre ulostulo: 8; Sis\u00e4\u00e4ntulol\u00e4pimitta [mm]: 8; Ulostulon l\u00e4pimitta [mm]: 8; Korkeus (mm): 175; Suodatintyyppi: Letkusuodatin; Paino [kg]: 0,24; Moottorinumero: B6I; MAZDA: 323 F VI BJ,MX-5 I NA,626 V Hatchback GF,626 V GF,626 V Station Wagon GW,323 P V BA,MX-3 EC,FAMILIA VI BJ,323 C IV BG,FAMILIA IV BF,FAMILIA V BA,FAMILIA V BG8,RX 7 II FC,121 II DB,626 III GD,FAMILIA IV BG,626 III Hatchback GD,626 III Coupe GD,E-SERIE Kasten SR2,RX 7 II Cabriolet; KIA: SHUMA FB,SEPHIA Stufenheck FA,SEPHIA FA,SEPHIA FB; 0K20120490, 0K24020490, K20120490, K24020490, MZT4220490, OK20120490, B3H720490, B6BF13480, B6BF20490, B6BF20490A, BP0113480, BP0120490A, BPY113480, BPY120490, FP3413480, FP3420490, N32620490, N32620490A, N37820490, Z50120490, Z5Y113480<\/p>\n","protected":false},"excerpt":{"rendered":"<p>RIDEX Polttoainesuodatin 9F0224  MAZDA,KIA,323 F VI BJ,MX-5 I NA,626 V Hatchback GF,626 V GF,626 V Station Wagon GW,323 P V BA,MX-3 EC,FAMILIA VI BJ<\/p>\n","protected":false},"featured_media":0,"template":"","meta":{"site-sidebar-layout":"default","site-content-layout":"default","ast-global-header-display":"","ast-main-header-display":"","ast-hfb-above-header-display":"","ast-hfb-below-header-display":"","ast-hfb-mobile-header-display":"","site-post-title":"","ast-breadcrumbs-content":"","ast-featured-img":"","footer-sml-layout":"","theme-transparent-header-meta":"","adv-header-id-meta":"","stick-header-meta":"","header-above-stick-meta":"","header-main-stick-meta":"","header-below-stick-meta":""},"pwb-brand":[157],"product_cat":[29],"product_tag":[],"class_list":{"0":"post-20425","1":"product","2":"type-product","3":"status-publish","5":"pwb-brand-ridex","6":"product_cat-polttoainesuodatin","7":"desktop-align-left","8":"tablet-align-left","9":"mobile-align-left","11":"first","12":"instock","13":"product-type-external"},"brands":[{"id":157,"name":"RIDEX","slug":"ridex"}],"_links":{"self":[{"href":"https:\/\/www.autonvaraosahaku.fi\/index.php?rest_route=\/wp\/v2\/product\/20425","targetHints":{"allow":["GET"]}}],"collection":[{"href":"https:\/\/www.autonvaraosahaku.fi\/index.php?rest_route=\/wp\/v2\/product"}],"about":[{"href":"https:\/\/www.autonvaraosahaku.fi\/index.php?rest_route=\/wp\/v2\/types\/product"}],"wp:attachment":[{"href":"https:\/\/www.autonvaraosahaku.fi\/index.php?rest_route=%2Fwp%2Fv2%2Fmedia&parent=20425"}],"wp:term":[{"taxonomy":"pwb-brand","embeddable":true,"href":"https:\/\/www.autonvaraosahaku.fi\/index.php?rest_route=%2Fwp%2Fv2%2Fpwb-brand&post=20425"},{"taxonomy":"product_cat","embeddable":true,"href":"https:\/\/www.autonvaraosahaku.fi\/index.php?rest_route=%2Fwp%2Fv2%2Fproduct_cat&post=20425"},{"taxonomy":"product_tag","embeddable":true,"href":"https:\/\/www.autonvaraosahaku.fi\/index.php?rest_route=%2Fwp%2Fv2%2Fproduct_tag&post=20425"}],"curies":[{"name":"wp","href":"https:\/\/api.w.org\/{rel}","templated":true}]}}