{"id":20433,"date":"2021-02-21T14:40:15","date_gmt":"2021-02-21T14:40:15","guid":{"rendered":"https:\/\/www.autonvaraosahaku.fi\/?product=ridex-2s0014-starttimoottori"},"modified":"2021-02-21T14:40:17","modified_gmt":"2021-02-21T14:40:17","slug":"ridex-2s0014-starttimoottori","status":"publish","type":"product","link":"https:\/\/www.autonvaraosahaku.fi\/?product=ridex-2s0014-starttimoottori","title":{"rendered":"RIDEX 2S0014 Starttimoottori"},"content":{"rendered":"<p>J\u00e4nnite (V): 12; K\u00e4ynnistinmoottori teho (kW): 2,00; Hammasluku: 10; Asento \/ aste: ->\/65\u00b0; Reikien m\u00e4\u00e4r\u00e4: 2; Py\u00f6rimissuunta: Py\u00f6rimissuunta my\u00f6t\u00e4p\u00e4iv\u00e4\u00e4n; Sovitus (mm): 77; Vaihteistok\u00e4ynnistin: ; L\u00e4pimitta 1\/l\u00e4pimitta 2 [mm]: M10\/M10; KIA: PREGIO Kasten TB,PREGIO Bus; HYUNDAI: TERRACAN HP,GALLOPER II JK-01,H-1 Kasten,H-1 \/ STAREX,GALLOPER I,H100 Bus P,H-1 Pritsche\/Fahrgestell; MITSUBISHI: PAJERO II V3_W, V2_W, V4_W,PAJERO I L04_G, L14_G,GALLOPER JK-01,PAJERO III Gel\u00e4ndewagen offen V6_W, V7_W,PAJERO I Canvas Top L04_G,PAJERO II Canvas Top V2_W, V4_W,Canter (FE3, FE4) 5.Generation; 3610047600, HK988300, HQ808670, 3610047650, M002T56182, M002T56185, M002T60185, M002T61171, M002T62771, M002T63171, M002T74171, M2T56182, M2T56185, M2T57273, M2T60185, M2T61171, M2T62771, M2T63171, M2T74171, MD121581, MD140190, MD164976, MD164978, MD191437, MG120445; Startti,K\u00e4ynnistinmoottori<\/p>\n","protected":false},"excerpt":{"rendered":"<p>RIDEX Starttimoottori 2S0014 Startti,K\u00e4ynnistinmoottori KIA,HYUNDAI,MITSUBISHI,PREGIO Kasten TB,PREGIO Bus,TERRACAN HP,GALLOPER II JK-01,H-1 Kasten<\/p>\n","protected":false},"featured_media":0,"template":"","meta":{"site-sidebar-layout":"default","site-content-layout":"default","ast-global-header-display":"","ast-main-header-display":"","ast-hfb-above-header-display":"","ast-hfb-below-header-display":"","ast-hfb-mobile-header-display":"","site-post-title":"","ast-breadcrumbs-content":"","ast-featured-img":"","footer-sml-layout":"","theme-transparent-header-meta":"","adv-header-id-meta":"","stick-header-meta":"","header-above-stick-meta":"","header-main-stick-meta":"","header-below-stick-meta":""},"pwb-brand":[157],"product_cat":[295],"product_tag":[],"class_list":{"0":"post-20433","1":"product","2":"type-product","3":"status-publish","5":"pwb-brand-ridex","6":"product_cat-starttimoottori","7":"desktop-align-left","8":"tablet-align-left","9":"mobile-align-left","11":"first","12":"instock","13":"product-type-external"},"brands":[{"id":157,"name":"RIDEX","slug":"ridex"}],"_links":{"self":[{"href":"https:\/\/www.autonvaraosahaku.fi\/index.php?rest_route=\/wp\/v2\/product\/20433","targetHints":{"allow":["GET"]}}],"collection":[{"href":"https:\/\/www.autonvaraosahaku.fi\/index.php?rest_route=\/wp\/v2\/product"}],"about":[{"href":"https:\/\/www.autonvaraosahaku.fi\/index.php?rest_route=\/wp\/v2\/types\/product"}],"wp:attachment":[{"href":"https:\/\/www.autonvaraosahaku.fi\/index.php?rest_route=%2Fwp%2Fv2%2Fmedia&parent=20433"}],"wp:term":[{"taxonomy":"pwb-brand","embeddable":true,"href":"https:\/\/www.autonvaraosahaku.fi\/index.php?rest_route=%2Fwp%2Fv2%2Fpwb-brand&post=20433"},{"taxonomy":"product_cat","embeddable":true,"href":"https:\/\/www.autonvaraosahaku.fi\/index.php?rest_route=%2Fwp%2Fv2%2Fproduct_cat&post=20433"},{"taxonomy":"product_tag","embeddable":true,"href":"https:\/\/www.autonvaraosahaku.fi\/index.php?rest_route=%2Fwp%2Fv2%2Fproduct_tag&post=20433"}],"curies":[{"name":"wp","href":"https:\/\/api.w.org\/{rel}","templated":true}]}}