{"id":20441,"date":"2021-02-21T14:40:19","date_gmt":"2021-02-21T14:40:19","guid":{"rendered":"https:\/\/www.autonvaraosahaku.fi\/?product=elring-430-680-tiivisteet"},"modified":"2021-02-21T14:40:20","modified_gmt":"2021-02-21T14:40:20","slug":"elring-430-680-tiivisteet","status":"publish","type":"product","link":"https:\/\/www.autonvaraosahaku.fi\/?product=elring-430-680-tiivisteet","title":{"rendered":"ELRING 430.680 Tiivisteet"},"content":{"rendered":"<p>Materiaali: EPDM (eteenipropeeni-dieeni-kumi); Versio: Valeo Thermique; TECDOC-moottorinumero: 15188; FIAT: DUCATO Pritsche\/Fahrgestell 230,DUCATO Bus 230,DUCATO Kasten 244,DUCATO Pritsche\/Fahrgestell 244,DUCATO Kasten 230L,ULYSSE 179AX,DUCATO Bus 244, Z_,ULYSSE 220,SCUDO Kasten 220L,SCUDO Combinato 220P,SCUDO Pritsche\/Fahrgestell 220_; PEUGEOT: 206 Schr\u00e4gheck 2A\/C,206 CC 2D,207 WA_, WC_,307 SW 3H,307 CC 3B,407 SW 6E_,307 3A\/C,207 SW WK_,206 SW 2E\/K,807 E,307 Break 3E,306 Schr\u00e4gheck 7A, 7C, N3, N5,607 9D, 9U,407 6D_,406 Break 8E\/F,PARTNER Combispace 5F,PARTNER Kasten 5,406 Coupe 8C,306 Break 7E, N3, N5,406 8B,806 221,407 Coupe 6C_,BOXER Kasten 230L,BOXER Kasten 244,306 7B, N3, N5,307 Stufenheck,207 Stufenheck,EXPERT Kasten 222,BOXER Bus 230P,BOXER Bus 244, Z_,BOXER Pritsche\/Fahrgestell ZCT_,206 Van,605 6B,EXPERT 224,405 II 4B,306 Van N_, 7_,BOXER Pritsche\/Fahrgestell 244,405 II Break 4E,EXPERT Pritsche\/Fahrgestell 223,PARTNER Pritsche\/Fahrgestell,306 Kasten\/Schr\u00e4gheck; TOYOTA: COROLLA Liftback _E11_,COROLLA Compact _E11_,COROLLA _E11_,COROLLA Wagon __E11_; CITRO\u00cbN: BERLINGO MF,XSARA PICASSO N68,C4 Picasso I UD_,C8 EA_, EB_,C4 I LC_,BERLINGO Kasten M_,C5 II Break RE_,C5 I DC_,C5 I Break DE_,XSARA N1,C4 Coupe LA_,C5 II RC_,XSARA Break N2,JUMPER Kasten 244,XM Y4,XANTIA X2,XSARA Coupe N0,XANTIA X1,EVASION 22, U6,C4 Stufenheck L,XANTIA Break X2,ZX N2,JUMPY U6U,JUMPY Kasten BS_, BT_, BY_, BZ_,JUMPER Kasten 230L,JUMPER Bus 244, Z_,XM Y3,XANTIA Break X1,JUMPER Bus 230P,ZX Break N2,JUMPER Pritsche\/Fahrgestell 244,XM Break Y4,BX Break XB-_,JUMPER Pritsche\/Fahrgestell 230,C15 VD-_,JUMPY Pritsche\/Fahrgestell BU_, BV_, BW_, BX_,XM Break Y3,XSARA Kasten,XSARA Kasten\/Schr\u00e4gheck; SUZUKI: GRAND VITARA I FT,VITARA ET, TA,VITARA Cabrio ET, TA,BALENO Kombi EG,BALENO EG,BALENO Schr\u00e4gheck EG; LANCIA: PHEDRA 179,ZETA 220; LADA: NIVA 2121; 110419, 110419; Tiivisterengas \u00d6ljynj\u00e4\u00e4hdytin,Tiivistesarja \u00d6ljynj\u00e4\u00e4hdytin<\/p>\n","protected":false},"excerpt":{"rendered":"<p>ELRING Tiiviste \u00d6ljynj\u00e4\u00e4hdytin 430.680 Tiivisterengas \u00d6ljynj\u00e4\u00e4hdytin,Tiivistesarja \u00d6ljynj\u00e4\u00e4hdytin FIAT,PEUGEOT,TOYOTA,DUCATO Pritsche\/Fahrgestell 230<\/p>\n","protected":false},"featured_media":0,"template":"","meta":{"site-sidebar-layout":"default","site-content-layout":"default","ast-global-header-display":"","ast-main-header-display":"","ast-hfb-above-header-display":"","ast-hfb-below-header-display":"","ast-hfb-mobile-header-display":"","site-post-title":"","ast-breadcrumbs-content":"","ast-featured-img":"","footer-sml-layout":"","theme-transparent-header-meta":"","adv-header-id-meta":"","stick-header-meta":"","header-above-stick-meta":"","header-main-stick-meta":"","header-below-stick-meta":""},"pwb-brand":[26],"product_cat":[27],"product_tag":[],"class_list":{"0":"post-20441","1":"product","2":"type-product","3":"status-publish","5":"pwb-brand-elring","6":"product_cat-tiivisteet","7":"desktop-align-left","8":"tablet-align-left","9":"mobile-align-left","11":"first","12":"instock","13":"product-type-external"},"brands":[{"id":26,"name":"ELRING","slug":"elring"}],"_links":{"self":[{"href":"https:\/\/www.autonvaraosahaku.fi\/index.php?rest_route=\/wp\/v2\/product\/20441","targetHints":{"allow":["GET"]}}],"collection":[{"href":"https:\/\/www.autonvaraosahaku.fi\/index.php?rest_route=\/wp\/v2\/product"}],"about":[{"href":"https:\/\/www.autonvaraosahaku.fi\/index.php?rest_route=\/wp\/v2\/types\/product"}],"wp:attachment":[{"href":"https:\/\/www.autonvaraosahaku.fi\/index.php?rest_route=%2Fwp%2Fv2%2Fmedia&parent=20441"}],"wp:term":[{"taxonomy":"pwb-brand","embeddable":true,"href":"https:\/\/www.autonvaraosahaku.fi\/index.php?rest_route=%2Fwp%2Fv2%2Fpwb-brand&post=20441"},{"taxonomy":"product_cat","embeddable":true,"href":"https:\/\/www.autonvaraosahaku.fi\/index.php?rest_route=%2Fwp%2Fv2%2Fproduct_cat&post=20441"},{"taxonomy":"product_tag","embeddable":true,"href":"https:\/\/www.autonvaraosahaku.fi\/index.php?rest_route=%2Fwp%2Fv2%2Fproduct_tag&post=20441"}],"curies":[{"name":"wp","href":"https:\/\/api.w.org\/{rel}","templated":true}]}}