{"id":20443,"date":"2021-02-21T14:40:19","date_gmt":"2021-02-21T14:40:19","guid":{"rendered":"https:\/\/www.autonvaraosahaku.fi\/?product=meyle-100-152-2101-hd-kardaanin-kuminivel"},"modified":"2021-02-21T14:40:20","modified_gmt":"2021-02-21T14:40:20","slug":"meyle-100-152-2101-hd-kardaanin-kuminivel","status":"publish","type":"product","link":"https:\/\/www.autonvaraosahaku.fi\/?product=meyle-100-152-2101-hd-kardaanin-kuminivel","title":{"rendered":"MEYLE 100 152 2101\/HD Kardaanin kuminivel"},"content":{"rendered":"<p>Asennuspuoli: Edess\u00e4; L\u00e4pimitta [mm]: 150; Lis\u00e4tarvike\/lis\u00e4tieto: Asennusmateriaalilla; Nivelmalli: Kumi-\/Hardynivel; Reikien m\u00e4\u00e4r\u00e4: 6; Reik\u00e4ympyr\u00e4-\u00d8 [mm]: 105; M\u00e4\u00e4r\u00e4yksikk\u00f6: Sarja; Vahvistettu malli: ; Vaihteistomalli: Schaltgetriebe 6 Gang; VW: GOLF IV 1J1,GOLF V 1K1,GOLF VI 5K1,PASSAT Variant 3C5,PASSAT 3C2,TIGUAN 5N_,PASSAT Variant 365,GOLF IV Variant 1J5,GOLF VII 5G1, BE1,CADDY III Kombi 2KB, 2KJ, 2CB, 2CJ,GOLF VI Variant AJ5,GOLF V Variant 1K5,CADDY III Kasten 2KA, 2KH, 2CA, 2CH,BORA 1J2,GOLF VII Kombi BA5,PASSAT CC 357,NEW BEETLE 9C1, 1C1,SHARAN 7N1, 7N2,CC 358,PASSAT ALLTRACK 365,PASSAT Variant 3G5,TIGUAN AD1,PASSAT 3G2,PASSAT ALLTRACK 3G5,T-ROC A11,ARTEON 3H7,TIGUAN ALLSPACE BW2; AUDI: A3 8P1,A3 8L1,A3 Sportback 8PA,TT 8N3,A3 Sportback 8VA,Q3 8U,TT Roadster 8N9,A3 Limousine 8VS,A3 8V1,A3 Cabriolet 8V7,Q2 GA; SKODA: OCTAVIA Combi 1Z5,OCTAVIA Combi 1U5,OCTAVIA Combi 5E5,YETI 5L,SUPERB Kombi 3T5,OCTAVIA 1U2,SUPERB 3T4,OCTAVIA 5E3,SUPERB Kombi 3V5,KODIAQ NS7,SUPERB 3V3,KAROQ NU7; SEAT: LEON 1M1,ALTEA XL 5P5, 5P8,LEON ST 5F8,ALHAMBRA 710, 711,ATECA KH7; 1J0521127A, 5Q0521127; R\u00e4ttinivel,Nivel, Pitkitt\u00e4isakseli<\/p>\n","protected":false},"excerpt":{"rendered":"<p>MEYLE Kardaanin Kuminivel MEYLE-HD-KIT: Better solution for you! 100 152 2101\/HD R\u00e4ttinivel,Nivel, Pitkitt\u00e4isakseli VW,AUDI,SKODA,GOLF IV 1J1<\/p>\n","protected":false},"featured_media":0,"template":"","meta":{"site-sidebar-layout":"default","site-content-layout":"default","ast-global-header-display":"","ast-main-header-display":"","ast-hfb-above-header-display":"","ast-hfb-below-header-display":"","ast-hfb-mobile-header-display":"","site-post-title":"","ast-breadcrumbs-content":"","ast-featured-img":"","footer-sml-layout":"","theme-transparent-header-meta":"","adv-header-id-meta":"","stick-header-meta":"","header-above-stick-meta":"","header-main-stick-meta":"","header-below-stick-meta":""},"pwb-brand":[84],"product_cat":[56],"product_tag":[],"class_list":{"0":"post-20443","1":"product","2":"type-product","3":"status-publish","5":"pwb-brand-meyle","6":"product_cat-kardaanin-kuminivel","7":"desktop-align-left","8":"tablet-align-left","9":"mobile-align-left","11":"first","12":"instock","13":"product-type-external"},"brands":[{"id":84,"name":"MEYLE","slug":"meyle"}],"_links":{"self":[{"href":"https:\/\/www.autonvaraosahaku.fi\/index.php?rest_route=\/wp\/v2\/product\/20443","targetHints":{"allow":["GET"]}}],"collection":[{"href":"https:\/\/www.autonvaraosahaku.fi\/index.php?rest_route=\/wp\/v2\/product"}],"about":[{"href":"https:\/\/www.autonvaraosahaku.fi\/index.php?rest_route=\/wp\/v2\/types\/product"}],"wp:attachment":[{"href":"https:\/\/www.autonvaraosahaku.fi\/index.php?rest_route=%2Fwp%2Fv2%2Fmedia&parent=20443"}],"wp:term":[{"taxonomy":"pwb-brand","embeddable":true,"href":"https:\/\/www.autonvaraosahaku.fi\/index.php?rest_route=%2Fwp%2Fv2%2Fpwb-brand&post=20443"},{"taxonomy":"product_cat","embeddable":true,"href":"https:\/\/www.autonvaraosahaku.fi\/index.php?rest_route=%2Fwp%2Fv2%2Fproduct_cat&post=20443"},{"taxonomy":"product_tag","embeddable":true,"href":"https:\/\/www.autonvaraosahaku.fi\/index.php?rest_route=%2Fwp%2Fv2%2Fproduct_tag&post=20443"}],"curies":[{"name":"wp","href":"https:\/\/api.w.org\/{rel}","templated":true}]}}