{"id":20505,"date":"2021-02-21T14:40:32","date_gmt":"2021-02-21T14:40:32","guid":{"rendered":"https:\/\/www.autonvaraosahaku.fi\/?product=skf-vkds-322074-b-alatukivarsi"},"modified":"2021-02-21T14:40:33","modified_gmt":"2021-02-21T14:40:33","slug":"skf-vkds-322074-b-alatukivarsi","status":"publish","type":"product","link":"https:\/\/www.autonvaraosahaku.fi\/?product=skf-vkds-322074-b-alatukivarsi","title":{"rendered":"SKF VKDS 322074 B Alatukivarsi"},"content":{"rendered":"<p>Aukkov\u00e4li 1 \/ aukkov\u00e4li 2: 225,5; Ohjausmalli: Poikittaistukivarsi; Korvaava tuote\/korvaava tiedote 2: Alapallo-\/pallonivelell\u00e4; Tukivarren muoto: Kolmiotukivarsi; parilliset tuotenumerot: VKDS 322081 B; Asennuspuoli: Vorderachse rechts; TOYOTA: PROACE Kasten\/Kombi; FIAT: SCUDO 270_,SCUDO Kasten 270_,SCUDO Pritsche\/Fahrgestell 270_; CITRO\u00cbN: JUMPY,JUMPY Kasten,JUMPY Pritsche\/Fahrgestell; PEUGEOT: EXPERT Tepee VF3V_,EXPERT Kasten VF3A_, VF3U_, VF3X_,EXPERT 224,EXPERT Pritsche\/Fahrgestell; 3521N9, 1497407080, 3521N9, SU001A0993; Tukivarsi,Tukivarsi, Py\u00f6r\u00e4ntuenta<\/p>\n","protected":false},"excerpt":{"rendered":"<p>SKF Alatukivarsi VKDS 322074 B Tukivarsi,Tukivarsi, Py\u00f6r\u00e4ntuenta TOYOTA,FIAT,CITRO\u00cbN,PROACE Kasten\/Kombi,SCUDO 270_,SCUDO Kasten 270_<\/p>\n","protected":false},"featured_media":0,"template":"","meta":{"site-sidebar-layout":"default","site-content-layout":"default","ast-global-header-display":"","ast-main-header-display":"","ast-hfb-above-header-display":"","ast-hfb-below-header-display":"","ast-hfb-mobile-header-display":"","site-post-title":"","ast-breadcrumbs-content":"","ast-featured-img":"","footer-sml-layout":"","theme-transparent-header-meta":"","adv-header-id-meta":"","stick-header-meta":"","header-above-stick-meta":"","header-main-stick-meta":"","header-below-stick-meta":""},"pwb-brand":[237],"product_cat":[62],"product_tag":[],"class_list":{"0":"post-20505","1":"product","2":"type-product","3":"status-publish","5":"pwb-brand-skf","6":"product_cat-alatukivarsi","7":"desktop-align-left","8":"tablet-align-left","9":"mobile-align-left","11":"first","12":"instock","13":"product-type-external"},"brands":[{"id":237,"name":"SKF","slug":"skf"}],"_links":{"self":[{"href":"https:\/\/www.autonvaraosahaku.fi\/index.php?rest_route=\/wp\/v2\/product\/20505","targetHints":{"allow":["GET"]}}],"collection":[{"href":"https:\/\/www.autonvaraosahaku.fi\/index.php?rest_route=\/wp\/v2\/product"}],"about":[{"href":"https:\/\/www.autonvaraosahaku.fi\/index.php?rest_route=\/wp\/v2\/types\/product"}],"wp:attachment":[{"href":"https:\/\/www.autonvaraosahaku.fi\/index.php?rest_route=%2Fwp%2Fv2%2Fmedia&parent=20505"}],"wp:term":[{"taxonomy":"pwb-brand","embeddable":true,"href":"https:\/\/www.autonvaraosahaku.fi\/index.php?rest_route=%2Fwp%2Fv2%2Fpwb-brand&post=20505"},{"taxonomy":"product_cat","embeddable":true,"href":"https:\/\/www.autonvaraosahaku.fi\/index.php?rest_route=%2Fwp%2Fv2%2Fproduct_cat&post=20505"},{"taxonomy":"product_tag","embeddable":true,"href":"https:\/\/www.autonvaraosahaku.fi\/index.php?rest_route=%2Fwp%2Fv2%2Fproduct_tag&post=20505"}],"curies":[{"name":"wp","href":"https:\/\/api.w.org\/{rel}","templated":true}]}}