{"id":20517,"date":"2021-02-21T14:40:32","date_gmt":"2021-02-21T14:40:32","guid":{"rendered":"https:\/\/www.autonvaraosahaku.fi\/?product=mapco-7920-hehkutulppa"},"modified":"2021-02-21T14:40:34","modified_gmt":"2021-02-21T14:40:34","slug":"mapco-7920-hehkutulppa","status":"publish","type":"product","link":"https:\/\/www.autonvaraosahaku.fi\/?product=mapco-7920-hehkutulppa","title":{"rendered":"MAPCO 7920 Hehkutulppa"},"content":{"rendered":"<p>J\u00e4nnite (V): 4,4; Liittimet: 4 mm; Kartionousu: 93; Kierremitta: M8x1,0; Kokonaispituus (mm): 132; Avainv\u00e4li: 8 mm; Kiristysmomentti: 10; Virta (A): 9; Hehkutulppatyyppi: j\u00e4lkihehkutuksenkest\u00e4v\u00e4, Hehkutulppa, puikko; Asennussyvyys (mm): 28; Katkeamismomentti [Nm]: 20; Moottorinumero: D5204T2; HYUNDAI: ix55; KIA: BORREGO; VOLVO: V70 II SW,V50 MW,XC60,XC90 I,S60 I,V70 III BW,C30,V60,S40 II MS,XC70 CROSS COUNTRY,C70 II Cabriolet,XC70 II,S80 II AS,S60 II; 046072015F, 46072015F, 8653880, 12625507, 367103A000, 367103A000, 32017065, 32017066, 8653880<\/p>\n","protected":false},"excerpt":{"rendered":"<p>MAPCO Hehkutulppa 7920  HYUNDAI,KIA,VOLVO,ix55,BORREGO,V70 II SW,V50 MW,XC60,XC90 I,S60 I,V70 III BW,C30,V60,S40 II MS,XC70 CROSS COUNTRY<\/p>\n","protected":false},"featured_media":0,"template":"","meta":{"site-sidebar-layout":"default","site-content-layout":"default","ast-global-header-display":"","ast-main-header-display":"","ast-hfb-above-header-display":"","ast-hfb-below-header-display":"","ast-hfb-mobile-header-display":"","site-post-title":"","ast-breadcrumbs-content":"","ast-featured-img":"","footer-sml-layout":"","theme-transparent-header-meta":"","adv-header-id-meta":"","stick-header-meta":"","header-above-stick-meta":"","header-main-stick-meta":"","header-below-stick-meta":""},"pwb-brand":[36],"product_cat":[52],"product_tag":[],"class_list":{"0":"post-20517","1":"product","2":"type-product","3":"status-publish","5":"pwb-brand-mapco","6":"product_cat-hehkutulppa","7":"desktop-align-left","8":"tablet-align-left","9":"mobile-align-left","11":"first","12":"instock","13":"product-type-external"},"brands":[{"id":36,"name":"MAPCO","slug":"mapco"}],"_links":{"self":[{"href":"https:\/\/www.autonvaraosahaku.fi\/index.php?rest_route=\/wp\/v2\/product\/20517","targetHints":{"allow":["GET"]}}],"collection":[{"href":"https:\/\/www.autonvaraosahaku.fi\/index.php?rest_route=\/wp\/v2\/product"}],"about":[{"href":"https:\/\/www.autonvaraosahaku.fi\/index.php?rest_route=\/wp\/v2\/types\/product"}],"wp:attachment":[{"href":"https:\/\/www.autonvaraosahaku.fi\/index.php?rest_route=%2Fwp%2Fv2%2Fmedia&parent=20517"}],"wp:term":[{"taxonomy":"pwb-brand","embeddable":true,"href":"https:\/\/www.autonvaraosahaku.fi\/index.php?rest_route=%2Fwp%2Fv2%2Fpwb-brand&post=20517"},{"taxonomy":"product_cat","embeddable":true,"href":"https:\/\/www.autonvaraosahaku.fi\/index.php?rest_route=%2Fwp%2Fv2%2Fproduct_cat&post=20517"},{"taxonomy":"product_tag","embeddable":true,"href":"https:\/\/www.autonvaraosahaku.fi\/index.php?rest_route=%2Fwp%2Fv2%2Fproduct_tag&post=20517"}],"curies":[{"name":"wp","href":"https:\/\/api.w.org\/{rel}","templated":true}]}}