{"id":20520,"date":"2021-02-21T14:40:36","date_gmt":"2021-02-21T14:40:36","guid":{"rendered":"https:\/\/www.autonvaraosahaku.fi\/?product=mapco-75500-jakoketju"},"modified":"2021-02-21T14:40:36","modified_gmt":"2021-02-21T14:40:36","slug":"mapco-75500-jakoketju","status":"publish","type":"product","link":"https:\/\/www.autonvaraosahaku.fi\/?product=mapco-75500-jakoketju","title":{"rendered":"MAPCO 75500 Jakoketju"},"content":{"rendered":"<p>Ketjurakenne: Kaksoisketju; Korvaava tuote\/korvaava tiedote 2: Hammaspy\u00f6r\u00e4ll\u00e4; Valmistusvuoteen: 05\/2003; NISSAN: X-TRAIL T30,ALMERA TINO V10,ALMERA II Hatchback N16,NAVARA D40,PATHFINDER R51,PRIMERA Kombi WP12,PRIMERA P12,PRIMERA Hatchback P12,PICK UP D22,ALMERA Mk II N16; 130148H800, 130215M300, 13021AD200, 13024AD200, 13024EB70A, 13028AD202, 13028AD212, 13028EB70B, 13070AD200, 13070BN310, 130855M310, 13085AD205, 13085AD210, 13085AD215, 13085AD220, 13085BN300, 13085EB310, 13091AD200, 13091AD210<\/p>\n","protected":false},"excerpt":{"rendered":"<p>MAPCO Jakoketjusarja 75500  NISSAN,X-TRAIL T30,ALMERA TINO V10,ALMERA II Hatchback N16,NAVARA D40,PATHFINDER R51,PRIMERA Kombi WP12,PRIMERA P12<\/p>\n","protected":false},"featured_media":0,"template":"","meta":{"site-sidebar-layout":"default","site-content-layout":"default","ast-global-header-display":"","ast-main-header-display":"","ast-hfb-above-header-display":"","ast-hfb-below-header-display":"","ast-hfb-mobile-header-display":"","site-post-title":"","ast-breadcrumbs-content":"","ast-featured-img":"","footer-sml-layout":"","theme-transparent-header-meta":"","adv-header-id-meta":"","stick-header-meta":"","header-above-stick-meta":"","header-main-stick-meta":"","header-below-stick-meta":""},"pwb-brand":[36],"product_cat":[60],"product_tag":[],"class_list":{"0":"post-20520","1":"product","2":"type-product","3":"status-publish","5":"pwb-brand-mapco","6":"product_cat-jakoketju","7":"desktop-align-left","8":"tablet-align-left","9":"mobile-align-left","11":"first","12":"instock","13":"product-type-external"},"brands":[{"id":36,"name":"MAPCO","slug":"mapco"}],"_links":{"self":[{"href":"https:\/\/www.autonvaraosahaku.fi\/index.php?rest_route=\/wp\/v2\/product\/20520","targetHints":{"allow":["GET"]}}],"collection":[{"href":"https:\/\/www.autonvaraosahaku.fi\/index.php?rest_route=\/wp\/v2\/product"}],"about":[{"href":"https:\/\/www.autonvaraosahaku.fi\/index.php?rest_route=\/wp\/v2\/types\/product"}],"wp:attachment":[{"href":"https:\/\/www.autonvaraosahaku.fi\/index.php?rest_route=%2Fwp%2Fv2%2Fmedia&parent=20520"}],"wp:term":[{"taxonomy":"pwb-brand","embeddable":true,"href":"https:\/\/www.autonvaraosahaku.fi\/index.php?rest_route=%2Fwp%2Fv2%2Fpwb-brand&post=20520"},{"taxonomy":"product_cat","embeddable":true,"href":"https:\/\/www.autonvaraosahaku.fi\/index.php?rest_route=%2Fwp%2Fv2%2Fproduct_cat&post=20520"},{"taxonomy":"product_tag","embeddable":true,"href":"https:\/\/www.autonvaraosahaku.fi\/index.php?rest_route=%2Fwp%2Fv2%2Fproduct_tag&post=20520"}],"curies":[{"name":"wp","href":"https:\/\/api.w.org\/{rel}","templated":true}]}}