{"id":20526,"date":"2021-02-21T14:40:36","date_gmt":"2021-02-21T14:40:36","guid":{"rendered":"https:\/\/www.autonvaraosahaku.fi\/?product=diederichs-1033240-etusaleikko"},"modified":"2021-02-21T14:40:37","modified_gmt":"2021-02-21T14:40:37","slug":"diederichs-1033240-etusaleikko","status":"publish","type":"product","link":"https:\/\/www.autonvaraosahaku.fi\/?product=diederichs-1033240-etusaleikko","title":{"rendered":"DIEDERICHS 1033240 Etus\u00e4leikk\u00f6"},"content":{"rendered":"<p>V\u00e4ri: Musta; Asennuspuoli: Edess\u00e4; Varusteet: ajoneuvoille ilman pys\u00e4k\u00f6intitutkaa; Ei varustelumuunnoksille: Serie S-Line; Varustelumahdollisuudet: RS3 Optik; Materiaali: Muovi; Tuotelinja: HD Tuning; Tuning: 1; AUDI: A3 Sportback 8VA,A3 Limousine 8VS,A3 8V1,A3 Cabriolet 8V7; Etumaski,J\u00e4\u00e4hdyttimen S\u00e4leikk\u00f6<\/p>\n","protected":false},"excerpt":{"rendered":"<p>DIEDERICHS Etus\u00e4leikk\u00f6 1033240 Etumaski,J\u00e4\u00e4hdyttimen S\u00e4leikk\u00f6 AUDI,A3 Sportback 8VA,A3 Limousine 8VS,A3 8V1,A3 Cabriolet 8V7<\/p>\n","protected":false},"featured_media":0,"template":"","meta":{"site-sidebar-layout":"default","site-content-layout":"default","ast-global-header-display":"","ast-main-header-display":"","ast-hfb-above-header-display":"","ast-hfb-below-header-display":"","ast-hfb-mobile-header-display":"","site-post-title":"","ast-breadcrumbs-content":"","ast-featured-img":"","footer-sml-layout":"","theme-transparent-header-meta":"","adv-header-id-meta":"","stick-header-meta":"","header-above-stick-meta":"","header-main-stick-meta":"","header-below-stick-meta":""},"pwb-brand":[227],"product_cat":[302],"product_tag":[],"class_list":{"0":"post-20526","1":"product","2":"type-product","3":"status-publish","5":"pwb-brand-diederichs","6":"product_cat-etusaleikko","7":"desktop-align-left","8":"tablet-align-left","9":"mobile-align-left","11":"first","12":"instock","13":"product-type-external"},"brands":[{"id":227,"name":"DIEDERICHS","slug":"diederichs"}],"_links":{"self":[{"href":"https:\/\/www.autonvaraosahaku.fi\/index.php?rest_route=\/wp\/v2\/product\/20526","targetHints":{"allow":["GET"]}}],"collection":[{"href":"https:\/\/www.autonvaraosahaku.fi\/index.php?rest_route=\/wp\/v2\/product"}],"about":[{"href":"https:\/\/www.autonvaraosahaku.fi\/index.php?rest_route=\/wp\/v2\/types\/product"}],"wp:attachment":[{"href":"https:\/\/www.autonvaraosahaku.fi\/index.php?rest_route=%2Fwp%2Fv2%2Fmedia&parent=20526"}],"wp:term":[{"taxonomy":"pwb-brand","embeddable":true,"href":"https:\/\/www.autonvaraosahaku.fi\/index.php?rest_route=%2Fwp%2Fv2%2Fpwb-brand&post=20526"},{"taxonomy":"product_cat","embeddable":true,"href":"https:\/\/www.autonvaraosahaku.fi\/index.php?rest_route=%2Fwp%2Fv2%2Fproduct_cat&post=20526"},{"taxonomy":"product_tag","embeddable":true,"href":"https:\/\/www.autonvaraosahaku.fi\/index.php?rest_route=%2Fwp%2Fv2%2Fproduct_tag&post=20526"}],"curies":[{"name":"wp","href":"https:\/\/api.w.org\/{rel}","templated":true}]}}