{"id":20531,"date":"2021-02-21T14:40:36","date_gmt":"2021-02-21T14:40:36","guid":{"rendered":"https:\/\/www.autonvaraosahaku.fi\/?product=ridex-685i0137-sytytysjohto"},"modified":"2021-02-21T14:40:37","modified_gmt":"2021-02-21T14:40:37","slug":"ridex-685i0137-sytytysjohto","status":"publish","type":"product","link":"https:\/\/www.autonvaraosahaku.fi\/?product=ridex-685i0137-sytytysjohto","title":{"rendered":"RIDEX 685I0137 Sytytysjohto"},"content":{"rendered":"<p>Sytytysjohto: Vastussytytysjohdin; Materiaali: Silikoni; M\u00e4\u00e4r\u00e4: 4; L\u00e4pimitta [mm]: 7; Sytytystulppa: Liit\u00e4nt\u00e4 SAE; Sytytyspuola: Liit\u00e4nt\u00e4 M4; Pituus 1 (mm): 525; Pituus 2 (mm): 285; Pituus 3 [mm]: 285; Pituus 4 [mm]: 245; Virranjakaja: Liit\u00e4nt\u00e4 SAE; Paino [kg]: 0,4; Alustanumerosta: P1000001; CHEVROLET: CAPTIVA C100, C140,NUBIRA Kombi,LACETTI J200,REZZO,NUBIRA Stufenheck; DAEWOO: REZZO KLAU,EVANDA KLAL,NUBIRA Stufenheck KLAN,NUBIRA Wagon KLAN,NUBIRA Wagon KLAJ,LEGANZA KLAV,NUBIRA Stufenheck KLAJ,NUBIRA KLAJ; OPEL: ASTRA G CC F48_, F08_,ASTRA G Caravan F35_,VECTRA B 36_,ASTRA F CC 53_, 54_, 58_, 59_,OMEGA B Caravan 21_, 22_, 23_,OMEGA B 25_, 26_, 27_,ANTARA,VECTRA B Caravan 31_,ASTRA F Caravan 51_, 52_,ASTRA G Stufenheck F69_,CALIBRA A 85_,VECTRA B CC 38_,VECTRA A 86_, 87_,ASTRA F Cabriolet 53_B,ASTRA F 56_, 57_,SINTRA,FRONTERA A 5_MWL4,VECTRA A CC 88_, 89_; VAUXHALL: ZAFIRA Mk I A F75,ASTRA Mk IV G CC,ANTARA J26, H26,ASTRA Mk III F CC,ASTRA Mk IV G Sedan,OMEGA B,VECTRA B CC,CAVALIER Mk III 87,VECTRA B Estate,VECTRA B,ASTRA Mk III F Estate,CAVALIER Mk III CC,OMEGA B Estate; 96190263, 1612001, 1612013, 1612598, 90487571, T777C, T986B, 1612001, 1612013, 90487571; Sytytysjohtosarja,Sytytyskaapeli<\/p>\n","protected":false},"excerpt":{"rendered":"<p>RIDEX Sytytysjohto 685I0137 Sytytysjohtosarja,Sytytyskaapeli CHEVROLET,DAEWOO,OPEL,CAPTIVA C100, C140,NUBIRA Kombi,LACETTI J200,REZZO<\/p>\n","protected":false},"featured_media":0,"template":"","meta":{"site-sidebar-layout":"default","site-content-layout":"default","ast-global-header-display":"","ast-main-header-display":"","ast-hfb-above-header-display":"","ast-hfb-below-header-display":"","ast-hfb-mobile-header-display":"","site-post-title":"","ast-breadcrumbs-content":"","ast-featured-img":"","footer-sml-layout":"","theme-transparent-header-meta":"","adv-header-id-meta":"","stick-header-meta":"","header-above-stick-meta":"","header-main-stick-meta":"","header-below-stick-meta":""},"pwb-brand":[157],"product_cat":[198],"product_tag":[],"class_list":{"0":"post-20531","1":"product","2":"type-product","3":"status-publish","5":"pwb-brand-ridex","6":"product_cat-sytytysjohto","7":"desktop-align-left","8":"tablet-align-left","9":"mobile-align-left","11":"first","12":"instock","13":"product-type-external"},"brands":[{"id":157,"name":"RIDEX","slug":"ridex"}],"_links":{"self":[{"href":"https:\/\/www.autonvaraosahaku.fi\/index.php?rest_route=\/wp\/v2\/product\/20531","targetHints":{"allow":["GET"]}}],"collection":[{"href":"https:\/\/www.autonvaraosahaku.fi\/index.php?rest_route=\/wp\/v2\/product"}],"about":[{"href":"https:\/\/www.autonvaraosahaku.fi\/index.php?rest_route=\/wp\/v2\/types\/product"}],"wp:attachment":[{"href":"https:\/\/www.autonvaraosahaku.fi\/index.php?rest_route=%2Fwp%2Fv2%2Fmedia&parent=20531"}],"wp:term":[{"taxonomy":"pwb-brand","embeddable":true,"href":"https:\/\/www.autonvaraosahaku.fi\/index.php?rest_route=%2Fwp%2Fv2%2Fpwb-brand&post=20531"},{"taxonomy":"product_cat","embeddable":true,"href":"https:\/\/www.autonvaraosahaku.fi\/index.php?rest_route=%2Fwp%2Fv2%2Fproduct_cat&post=20531"},{"taxonomy":"product_tag","embeddable":true,"href":"https:\/\/www.autonvaraosahaku.fi\/index.php?rest_route=%2Fwp%2Fv2%2Fproduct_tag&post=20531"}],"curies":[{"name":"wp","href":"https:\/\/api.w.org\/{rel}","templated":true}]}}