{"id":20536,"date":"2021-02-21T14:40:36","date_gmt":"2021-02-21T14:40:36","guid":{"rendered":"https:\/\/www.autonvaraosahaku.fi\/?product=elwis-royal-9144256-venttiilikopan-tiiviste"},"modified":"2021-02-21T14:40:38","modified_gmt":"2021-02-21T14:40:38","slug":"elwis-royal-9144256-venttiilikopan-tiiviste","status":"publish","type":"product","link":"https:\/\/www.autonvaraosahaku.fi\/?product=elwis-royal-9144256-venttiilikopan-tiiviste","title":{"rendered":"ELWIS ROYAL 9144256 Venttiilikopan tiiviste"},"content":{"rendered":"<p>Tarvittava kappalem\u00e4\u00e4r\u00e4: 1; VOLVO: V50 MW,V70 III BW,C30,S40 II MS,C70 II Cabriolet,S80 II AS; LANCIA: PHEDRA 179; FORD: FOCUS II Kombi DA_,MONDEO IV Turnier BA7,FOCUS II DA_,S-MAX WA6,FOCUS C-MAX,GALAXY WA6,KUGA I,C-MAX DM2,MONDEO IV BA7,FOCUS II Stufenheck DA_,FOCUS II Cabriolet,MONDEO IV Stufenheck BA7; FIAT: SCUDO 270_,ULYSSE 179AX,SCUDO Kasten 270_,SCUDO Kasten 220L,SCUDO Pritsche\/Fahrgestell 270_,SCUDO Pritsche\/Fahrgestell 220_; CITRO\u00cbN: C5 III Break TD_,C4 Picasso I UD_,C4 Grand Picasso I UA_,C8 EA_, EB_,C4 I LC_,C5 II Break RE_,C5 III RD_,C4 Coupe LA_,C5 II RC_,JUMPY,JUMPY Kasten; PEUGEOT: 307 SW 3H,307 CC 3B,407 SW 6E_,307 3A\/C,308 SW,807 E,308 4A_, 4C_,307 Break 3E,508 SW,607 9D, 9U,407 6D_,308 CC,508,407 Coupe 6C_,EXPERT Tepee VF3V_,EXPERT Kasten VF3A_, VF3U_, VF3X_,EXPERT Pritsche\/Fahrgestell; 9654983280, 1365586, 3M5Q6L004CA, 0348S3, 30757077<\/p>\n","protected":false},"excerpt":{"rendered":"<p>ELWIS ROYAL Tiivistesarja, Vent. Koppa 9144256  VOLVO,LANCIA,FORD,V50 MW,V70 III BW,C30,S40 II MS,C70 II Cabriolet,S80 II AS,PHEDRA 179<\/p>\n","protected":false},"featured_media":0,"template":"","meta":{"site-sidebar-layout":"default","site-content-layout":"default","ast-global-header-display":"","ast-main-header-display":"","ast-hfb-above-header-display":"","ast-hfb-below-header-display":"","ast-hfb-mobile-header-display":"","site-post-title":"","ast-breadcrumbs-content":"","ast-featured-img":"","footer-sml-layout":"","theme-transparent-header-meta":"","adv-header-id-meta":"","stick-header-meta":"","header-above-stick-meta":"","header-main-stick-meta":"","header-below-stick-meta":""},"pwb-brand":[120],"product_cat":[44],"product_tag":[],"class_list":{"0":"post-20536","1":"product","2":"type-product","3":"status-publish","5":"pwb-brand-elwis-royal","6":"product_cat-venttiilikopan-tiiviste","7":"desktop-align-left","8":"tablet-align-left","9":"mobile-align-left","11":"first","12":"instock","13":"product-type-external"},"brands":[{"id":120,"name":"ELWIS ROYAL","slug":"elwis-royal"}],"_links":{"self":[{"href":"https:\/\/www.autonvaraosahaku.fi\/index.php?rest_route=\/wp\/v2\/product\/20536","targetHints":{"allow":["GET"]}}],"collection":[{"href":"https:\/\/www.autonvaraosahaku.fi\/index.php?rest_route=\/wp\/v2\/product"}],"about":[{"href":"https:\/\/www.autonvaraosahaku.fi\/index.php?rest_route=\/wp\/v2\/types\/product"}],"wp:attachment":[{"href":"https:\/\/www.autonvaraosahaku.fi\/index.php?rest_route=%2Fwp%2Fv2%2Fmedia&parent=20536"}],"wp:term":[{"taxonomy":"pwb-brand","embeddable":true,"href":"https:\/\/www.autonvaraosahaku.fi\/index.php?rest_route=%2Fwp%2Fv2%2Fpwb-brand&post=20536"},{"taxonomy":"product_cat","embeddable":true,"href":"https:\/\/www.autonvaraosahaku.fi\/index.php?rest_route=%2Fwp%2Fv2%2Fproduct_cat&post=20536"},{"taxonomy":"product_tag","embeddable":true,"href":"https:\/\/www.autonvaraosahaku.fi\/index.php?rest_route=%2Fwp%2Fv2%2Fproduct_tag&post=20536"}],"curies":[{"name":"wp","href":"https:\/\/api.w.org\/{rel}","templated":true}]}}