{"id":20543,"date":"2021-02-21T14:40:40","date_gmt":"2021-02-21T14:40:40","guid":{"rendered":"https:\/\/www.autonvaraosahaku.fi\/?product=bts-turbo-cp41908-hydraulinen-venttiilinnostin"},"modified":"2021-02-21T14:40:40","modified_gmt":"2021-02-21T14:40:40","slug":"bts-turbo-cp41908-hydraulinen-venttiilinnostin","status":"publish","type":"product","link":"https:\/\/www.autonvaraosahaku.fi\/?product=bts-turbo-cp41908-hydraulinen-venttiilinnostin","title":{"rendered":"BTS TURBO CP41908 Hydraulinen venttiilinnostin"},"content":{"rendered":"<p>MERCEDES-BENZ: 190 W201,Stufenheck W124,SL R129,SL R107,S-CLASS W126,KOMBI Kombi S124,G-CLASS W463,COUPE C124,G-CLASS Cabrio W463; 1030501033<\/p>\n","protected":false},"excerpt":{"rendered":"<p>BTS TURBO Keinuvipu, Moottorins\u00e4\u00e4t\u00f6 CP41908  MERCEDES-BENZ,190 W201,Stufenheck W124,SL R129,SL R107,S-CLASS W126,KOMBI Kombi S124,G-CLASS W463<\/p>\n","protected":false},"featured_media":0,"template":"","meta":{"site-sidebar-layout":"default","site-content-layout":"default","ast-global-header-display":"","ast-main-header-display":"","ast-hfb-above-header-display":"","ast-hfb-below-header-display":"","ast-hfb-mobile-header-display":"","site-post-title":"","ast-breadcrumbs-content":"","ast-featured-img":"","footer-sml-layout":"","theme-transparent-header-meta":"","adv-header-id-meta":"","stick-header-meta":"","header-above-stick-meta":"","header-main-stick-meta":"","header-below-stick-meta":""},"pwb-brand":[426],"product_cat":[126],"product_tag":[],"class_list":{"0":"post-20543","1":"product","2":"type-product","3":"status-publish","5":"pwb-brand-bts-turbo","6":"product_cat-hydraulinen-venttiilinnostin","7":"desktop-align-left","8":"tablet-align-left","9":"mobile-align-left","11":"first","12":"instock","13":"product-type-external"},"brands":[{"id":426,"name":"BTS TURBO","slug":"bts-turbo"}],"_links":{"self":[{"href":"https:\/\/www.autonvaraosahaku.fi\/index.php?rest_route=\/wp\/v2\/product\/20543","targetHints":{"allow":["GET"]}}],"collection":[{"href":"https:\/\/www.autonvaraosahaku.fi\/index.php?rest_route=\/wp\/v2\/product"}],"about":[{"href":"https:\/\/www.autonvaraosahaku.fi\/index.php?rest_route=\/wp\/v2\/types\/product"}],"wp:attachment":[{"href":"https:\/\/www.autonvaraosahaku.fi\/index.php?rest_route=%2Fwp%2Fv2%2Fmedia&parent=20543"}],"wp:term":[{"taxonomy":"pwb-brand","embeddable":true,"href":"https:\/\/www.autonvaraosahaku.fi\/index.php?rest_route=%2Fwp%2Fv2%2Fpwb-brand&post=20543"},{"taxonomy":"product_cat","embeddable":true,"href":"https:\/\/www.autonvaraosahaku.fi\/index.php?rest_route=%2Fwp%2Fv2%2Fproduct_cat&post=20543"},{"taxonomy":"product_tag","embeddable":true,"href":"https:\/\/www.autonvaraosahaku.fi\/index.php?rest_route=%2Fwp%2Fv2%2Fproduct_tag&post=20543"}],"curies":[{"name":"wp","href":"https:\/\/api.w.org\/{rel}","templated":true}]}}