{"id":20603,"date":"2021-02-21T14:40:52","date_gmt":"2021-02-21T14:40:52","guid":{"rendered":"https:\/\/www.autonvaraosahaku.fi\/?product=filtron-ar-229-ilmansuodatin"},"modified":"2021-02-21T14:40:52","modified_gmt":"2021-02-21T14:40:52","slug":"filtron-ar-229-ilmansuodatin","status":"publish","type":"product","link":"https:\/\/www.autonvaraosahaku.fi\/?product=filtron-ar-229-ilmansuodatin","title":{"rendered":"FILTRON AR 229 Ilmansuodatin"},"content":{"rendered":"<p>Korkeus (mm): 62,5; Sis\u00e4l\u00e4pimitta [mm]: 186; Ulkol\u00e4pimitta [mm]: 244, 244; Valmistusvuoteen: 07\/1986; RENAULT: CLIO I B\/C57_, 5\/357_,19 II B\/C53_,SUPER 5 B\/C40_,RAPID Kasten F40_, G40_,19 I B\/C53_,9 L42_,19 II Chamade L53_,11 B\/C37_,19 I Chamade L53_,CLIO I Kasten S57_,11 Kasten S37_,19 II Kasten S53_,19 I Kasten S53_,SUPER 5 Kasten S40_; ARO: 10; PC1004, PC809, 1444K3, 7700711477, 7700721968, 7700722657, 7700726615, 7700726616, 7701027194, 7701027195, 7701349530, 7702131573, 7702134953, 7702145581, 7702247686, 8963500079, 8983500079, 7701023283, 93892086<\/p>\n","protected":false},"excerpt":{"rendered":"<p>FILTRON Ilmansuodatin AR 229  RENAULT,ARO,CLIO I B\/C57_, 5\/357_,19 II B\/C53_,SUPER 5 B\/C40_,RAPID Kasten F40_, G40_,19 I B\/C53_,9 L42_<\/p>\n","protected":false},"featured_media":0,"template":"","meta":{"site-sidebar-layout":"default","site-content-layout":"default","ast-global-header-display":"","ast-main-header-display":"","ast-hfb-above-header-display":"","ast-hfb-below-header-display":"","ast-hfb-mobile-header-display":"","site-post-title":"","ast-breadcrumbs-content":"","ast-featured-img":"","footer-sml-layout":"","theme-transparent-header-meta":"","adv-header-id-meta":"","stick-header-meta":"","header-above-stick-meta":"","header-main-stick-meta":"","header-below-stick-meta":""},"pwb-brand":[359],"product_cat":[31],"product_tag":[],"class_list":{"0":"post-20603","1":"product","2":"type-product","3":"status-publish","5":"pwb-brand-filtron","6":"product_cat-ilmansuodatin","7":"desktop-align-left","8":"tablet-align-left","9":"mobile-align-left","11":"first","12":"instock","13":"product-type-external"},"brands":[{"id":359,"name":"FILTRON","slug":"filtron"}],"_links":{"self":[{"href":"https:\/\/www.autonvaraosahaku.fi\/index.php?rest_route=\/wp\/v2\/product\/20603","targetHints":{"allow":["GET"]}}],"collection":[{"href":"https:\/\/www.autonvaraosahaku.fi\/index.php?rest_route=\/wp\/v2\/product"}],"about":[{"href":"https:\/\/www.autonvaraosahaku.fi\/index.php?rest_route=\/wp\/v2\/types\/product"}],"wp:attachment":[{"href":"https:\/\/www.autonvaraosahaku.fi\/index.php?rest_route=%2Fwp%2Fv2%2Fmedia&parent=20603"}],"wp:term":[{"taxonomy":"pwb-brand","embeddable":true,"href":"https:\/\/www.autonvaraosahaku.fi\/index.php?rest_route=%2Fwp%2Fv2%2Fpwb-brand&post=20603"},{"taxonomy":"product_cat","embeddable":true,"href":"https:\/\/www.autonvaraosahaku.fi\/index.php?rest_route=%2Fwp%2Fv2%2Fproduct_cat&post=20603"},{"taxonomy":"product_tag","embeddable":true,"href":"https:\/\/www.autonvaraosahaku.fi\/index.php?rest_route=%2Fwp%2Fv2%2Fproduct_tag&post=20603"}],"curies":[{"name":"wp","href":"https:\/\/api.w.org\/{rel}","templated":true}]}}