{"id":20642,"date":"2021-02-21T14:41:00","date_gmt":"2021-02-21T14:41:00","guid":{"rendered":"https:\/\/www.autonvaraosahaku.fi\/?product=esen-skv-94skv060-lammityslaitteen-puhaltimen-vastus"},"modified":"2021-02-21T14:41:01","modified_gmt":"2021-02-21T14:41:01","slug":"esen-skv-94skv060-lammityslaitteen-puhaltimen-vastus","status":"publish","type":"product","link":"https:\/\/www.autonvaraosahaku.fi\/?product=esen-skv-94skv060-lammityslaitteen-puhaltimen-vastus","title":{"rendered":"ESEN SKV 94SKV060 L\u00e4mmityslaitteen puhaltimen vastus"},"content":{"rendered":"<p>Paino [kg]: 0,07; Napojen m\u00e4\u00e4r\u00e4: 5; ABARTH: PUNTO 199_; OPEL: CORSA D,ADAM,CORSA D Van,CORSA E,CORSA E Van; ALFA ROMEO: MITO 955; FIAT: GRANDE PUNTO 199,DUCATO Kasten 250,DUCATO Pritsche\/Fahrgestell 250,PUNTO EVO 199,DUCATO Bus 250,DOBLO Kasten\/Kombi 263,PUNTO 199,QUBO 225,DOBLO Gro\u00dfraumlimousine 152, 263,FIORINO Kasten\/Kombi 225,LINEA 323,PUNTO Van 199,DOBLO Pritsche\/Fahrgestell 263,GRANDE PUNTO Van 199_,PUNTO EVO Van 199_; CITRO\u00cbN: JUMPER Kasten,JUMPER Bus,JUMPER Pritsche\/Fahrgestell; PEUGEOT: BOXER Kasten,BOXER Bus,BOXER Pritsche\/Fahrgestell; VAUXHALL: CORSA Mk III D L_8,ADAM,CORSAVAN Mk III D,CORSA Mk IV E; 55702407, 77364061, 77364555, 6450XR, 55702407, 77364061, 77364555, 013480494, 13248240, 13480494, 6845796, 6450XR, 13248240, 13480494; Vastus, Sis\u00e4ilmantuuletin<\/p>\n","protected":false},"excerpt":{"rendered":"<p>ESEN SKV L\u00e4mmityslaitteen Puhaltimen Vastus 94SKV060 Vastus, Sis\u00e4ilmantuuletin ABARTH,OPEL,ALFA ROMEO,PUNTO 199_,CORSA D,ADAM,CORSA D Van,CORSA E<\/p>\n","protected":false},"featured_media":0,"template":"","meta":{"site-sidebar-layout":"default","site-content-layout":"default","ast-global-header-display":"","ast-main-header-display":"","ast-hfb-above-header-display":"","ast-hfb-below-header-display":"","ast-hfb-mobile-header-display":"","site-post-title":"","ast-breadcrumbs-content":"","ast-featured-img":"","footer-sml-layout":"","theme-transparent-header-meta":"","adv-header-id-meta":"","stick-header-meta":"","header-above-stick-meta":"","header-main-stick-meta":"","header-below-stick-meta":""},"pwb-brand":[384],"product_cat":[134],"product_tag":[],"class_list":{"0":"post-20642","1":"product","2":"type-product","3":"status-publish","5":"pwb-brand-esen-skv","6":"product_cat-lammityslaitteen-puhaltimen-vastus","7":"desktop-align-left","8":"tablet-align-left","9":"mobile-align-left","11":"first","12":"instock","13":"product-type-external"},"brands":[{"id":384,"name":"ESEN SKV","slug":"esen-skv"}],"_links":{"self":[{"href":"https:\/\/www.autonvaraosahaku.fi\/index.php?rest_route=\/wp\/v2\/product\/20642","targetHints":{"allow":["GET"]}}],"collection":[{"href":"https:\/\/www.autonvaraosahaku.fi\/index.php?rest_route=\/wp\/v2\/product"}],"about":[{"href":"https:\/\/www.autonvaraosahaku.fi\/index.php?rest_route=\/wp\/v2\/types\/product"}],"wp:attachment":[{"href":"https:\/\/www.autonvaraosahaku.fi\/index.php?rest_route=%2Fwp%2Fv2%2Fmedia&parent=20642"}],"wp:term":[{"taxonomy":"pwb-brand","embeddable":true,"href":"https:\/\/www.autonvaraosahaku.fi\/index.php?rest_route=%2Fwp%2Fv2%2Fpwb-brand&post=20642"},{"taxonomy":"product_cat","embeddable":true,"href":"https:\/\/www.autonvaraosahaku.fi\/index.php?rest_route=%2Fwp%2Fv2%2Fproduct_cat&post=20642"},{"taxonomy":"product_tag","embeddable":true,"href":"https:\/\/www.autonvaraosahaku.fi\/index.php?rest_route=%2Fwp%2Fv2%2Fproduct_tag&post=20642"}],"curies":[{"name":"wp","href":"https:\/\/api.w.org\/{rel}","templated":true}]}}