{"id":20649,"date":"2021-02-21T14:41:00","date_gmt":"2021-02-21T14:41:00","guid":{"rendered":"https:\/\/www.autonvaraosahaku.fi\/?product=fanfaro-ff6504-5-moottorioljy"},"modified":"2021-02-21T14:41:01","modified_gmt":"2021-02-21T14:41:01","slug":"fanfaro-ff6504-5-moottorioljy","status":"publish","type":"product","link":"https:\/\/www.autonvaraosahaku.fi\/?product=fanfaro-ff6504-5-moottorioljy","title":{"rendered":"FANFARO FF6504-5 Moottori\u00f6ljy"},"content":{"rendered":"<p>Tuotelinja: Master Line; Versio: Gazolin; Viskositeettiluokka SAE: 10W-40; \u00d6ljy: Osasynteettinen \u00f6ljy; Erittely: API SG, API CD; Tilavuus (litra): 5; Pakkaustyyppi: Kanisteri; API-m\u00e4\u00e4rittely: CD, SG<\/p>\n","protected":false},"excerpt":{"rendered":"<p>FANFARO Moottori\u00f6ljy FF6504-5<\/p>\n","protected":false},"featured_media":0,"template":"","meta":{"site-sidebar-layout":"default","site-content-layout":"default","ast-global-header-display":"","ast-main-header-display":"","ast-hfb-above-header-display":"","ast-hfb-below-header-display":"","ast-hfb-mobile-header-display":"","site-post-title":"","ast-breadcrumbs-content":"","ast-featured-img":"","footer-sml-layout":"","theme-transparent-header-meta":"","adv-header-id-meta":"","stick-header-meta":"","header-above-stick-meta":"","header-main-stick-meta":"","header-below-stick-meta":""},"pwb-brand":[160],"product_cat":[129],"product_tag":[],"class_list":{"0":"post-20649","1":"product","2":"type-product","3":"status-publish","5":"pwb-brand-fanfaro","6":"product_cat-moottorioljy","7":"desktop-align-left","8":"tablet-align-left","9":"mobile-align-left","11":"first","12":"instock","13":"product-type-external"},"brands":[{"id":160,"name":"FANFARO","slug":"fanfaro"}],"_links":{"self":[{"href":"https:\/\/www.autonvaraosahaku.fi\/index.php?rest_route=\/wp\/v2\/product\/20649","targetHints":{"allow":["GET"]}}],"collection":[{"href":"https:\/\/www.autonvaraosahaku.fi\/index.php?rest_route=\/wp\/v2\/product"}],"about":[{"href":"https:\/\/www.autonvaraosahaku.fi\/index.php?rest_route=\/wp\/v2\/types\/product"}],"wp:attachment":[{"href":"https:\/\/www.autonvaraosahaku.fi\/index.php?rest_route=%2Fwp%2Fv2%2Fmedia&parent=20649"}],"wp:term":[{"taxonomy":"pwb-brand","embeddable":true,"href":"https:\/\/www.autonvaraosahaku.fi\/index.php?rest_route=%2Fwp%2Fv2%2Fpwb-brand&post=20649"},{"taxonomy":"product_cat","embeddable":true,"href":"https:\/\/www.autonvaraosahaku.fi\/index.php?rest_route=%2Fwp%2Fv2%2Fproduct_cat&post=20649"},{"taxonomy":"product_tag","embeddable":true,"href":"https:\/\/www.autonvaraosahaku.fi\/index.php?rest_route=%2Fwp%2Fv2%2Fproduct_tag&post=20649"}],"curies":[{"name":"wp","href":"https:\/\/api.w.org\/{rel}","templated":true}]}}