{"id":20650,"date":"2021-02-21T14:41:00","date_gmt":"2021-02-21T14:41:00","guid":{"rendered":"https:\/\/www.autonvaraosahaku.fi\/?product=febi-bilstein-108394-jarrulevyt"},"modified":"2021-02-21T14:41:02","modified_gmt":"2021-02-21T14:41:02","slug":"febi-bilstein-108394-jarrulevyt","status":"publish","type":"product","link":"https:\/\/www.autonvaraosahaku.fi\/?product=febi-bilstein-108394-jarrulevyt","title":{"rendered":"FEBI BILSTEIN 108394 Jarrulevyt"},"content":{"rendered":"<p>Jarrulevyn paksuus (mm): 23; Kiinnitysreikien lukum\u00e4\u00e4r\u00e4: 5, 2; Paksuus [mm]: 44,4; Ulkol\u00e4pimitta [mm]: 280,0; Reik\u00e4ympyr\u00e4-\u00d8 [mm]: 114,3; Pinta: pinnoitettu; Jarrulevytyyppi: Tuuletettu, sis\u00e4; Asennuspuoli: Etuakseli; V\u00e4himm\u00e4ispaksuus (mm): 21; Paino [kg]: 6,710; keskitt\u00e4misl\u00e4pimitta [mm]: 69, 69; Valmistusvuosi alkaen: 05\/2015; KIA: CEE&#8217;D JD,CEE`D Sportswagon JD,PRO CEE\u00b4D JD,CEE&#8217;D Combi Van JD; HYUNDAI: i30 GD,i30 CW GD,i30 Coupe,i30 PDE,i30 Kombi PDE,KONA OS,CRETA; 517122V000, 517123X000, 51712A6000, 51712M0000, 517122V000, 51712A6000; Jarrulevy<\/p>\n","protected":false},"excerpt":{"rendered":"<p>FEBI BILSTEIN Jarrulevyt 108394 Jarrulevy KIA,HYUNDAI,CEE&#8217;D JD,CEE`D Sportswagon JD,PRO CEE\u00b4D JD,CEE&#8217;D Combi Van JD,i30 GD,i30 CW GD,i30 Coupe<\/p>\n","protected":false},"featured_media":0,"template":"","meta":{"site-sidebar-layout":"default","site-content-layout":"default","ast-global-header-display":"","ast-main-header-display":"","ast-hfb-above-header-display":"","ast-hfb-below-header-display":"","ast-hfb-mobile-header-display":"","site-post-title":"","ast-breadcrumbs-content":"","ast-featured-img":"","footer-sml-layout":"","theme-transparent-header-meta":"","adv-header-id-meta":"","stick-header-meta":"","header-above-stick-meta":"","header-main-stick-meta":"","header-below-stick-meta":""},"pwb-brand":[50],"product_cat":[66],"product_tag":[],"class_list":{"0":"post-20650","1":"product","2":"type-product","3":"status-publish","5":"pwb-brand-febi-bilstein","6":"product_cat-jarrulevyt","7":"desktop-align-left","8":"tablet-align-left","9":"mobile-align-left","11":"first","12":"instock","13":"product-type-external"},"brands":[{"id":50,"name":"FEBI BILSTEIN","slug":"febi-bilstein"}],"_links":{"self":[{"href":"https:\/\/www.autonvaraosahaku.fi\/index.php?rest_route=\/wp\/v2\/product\/20650","targetHints":{"allow":["GET"]}}],"collection":[{"href":"https:\/\/www.autonvaraosahaku.fi\/index.php?rest_route=\/wp\/v2\/product"}],"about":[{"href":"https:\/\/www.autonvaraosahaku.fi\/index.php?rest_route=\/wp\/v2\/types\/product"}],"wp:attachment":[{"href":"https:\/\/www.autonvaraosahaku.fi\/index.php?rest_route=%2Fwp%2Fv2%2Fmedia&parent=20650"}],"wp:term":[{"taxonomy":"pwb-brand","embeddable":true,"href":"https:\/\/www.autonvaraosahaku.fi\/index.php?rest_route=%2Fwp%2Fv2%2Fpwb-brand&post=20650"},{"taxonomy":"product_cat","embeddable":true,"href":"https:\/\/www.autonvaraosahaku.fi\/index.php?rest_route=%2Fwp%2Fv2%2Fproduct_cat&post=20650"},{"taxonomy":"product_tag","embeddable":true,"href":"https:\/\/www.autonvaraosahaku.fi\/index.php?rest_route=%2Fwp%2Fv2%2Fproduct_tag&post=20650"}],"curies":[{"name":"wp","href":"https:\/\/api.w.org\/{rel}","templated":true}]}}