{"id":20749,"date":"2021-02-21T14:41:20","date_gmt":"2021-02-21T14:41:20","guid":{"rendered":"https:\/\/www.autonvaraosahaku.fi\/?product=maxgear-18-0385-jaahdytysnesteen-laippa"},"modified":"2021-02-21T14:41:22","modified_gmt":"2021-02-21T14:41:22","slug":"maxgear-18-0385-jaahdytysnesteen-laippa","status":"publish","type":"product","link":"https:\/\/www.autonvaraosahaku.fi\/?product=maxgear-18-0385-jaahdytysnesteen-laippa","title":{"rendered":"MAXGEAR 18-0385 J\u00e4\u00e4hdytysnesteen laippa"},"content":{"rendered":"<p>Asennuspuoli: Sylinterikansi, Etup\u00e4\u00e4, Vaihteiston puoli; L\u00e4mmityslaite \/ j\u00e4\u00e4hdytys: Termokatkaisijan liittimell\u00e4; Materiaali: Muovi; TECDOC-moottorinumero: 20498; VW: GOLF V 1K1,POLO 9N_,TOURAN 1T1, 1T2,PASSAT Variant 3C5,GOLF PLUS 5M1, 521,PASSAT 3C2,SHARAN 7M8, 7M9, 7M6,TRANSPORTER V Bus 7HB, 7HJ, 7EB, 7EJ, 7EF,MULTIVAN V 7HM, 7HN, 7HF, 7EF, 7EM, 7EN,TRANSPORTER V Kasten 7HA, 7HH, 7EA, 7EH,JETTA III 1K2,TRANSPORTER V Pritsche\/Fahrgestell 7JD, 7JE, 7JL, 7JY, 7JZ,; AUDI: A6 Avant 4F5, C6,A3 8P1,A3 Sportback 8PA,A4 Avant 8ED, B7,A6 4F2, C6,A4 8EC, B7; SKODA: OCTAVIA Combi 1Z5,FABIA,ROOMSTER 5J,OCTAVIA 1Z3,FAVORIT Forman 785; SEAT: IBIZA IV 6L1,LEON 1P1,ALTEA 5P1,ALTEA XL 5P5, 5P8,CORDOBA 6L2,TOLEDO III 5P2; 038121132G, 038121132G, 038121132G, 038121132G<\/p>\n","protected":false},"excerpt":{"rendered":"<p>MAXGEAR J\u00e4\u00e4hdytysnesteen Laippa 18-0385  VW,AUDI,SKODA,GOLF V 1K1,POLO 9N_,TOURAN 1T1, 1T2,PASSAT Variant 3C5,GOLF PLUS 5M1, 521,PASSAT 3C2<\/p>\n","protected":false},"featured_media":0,"template":"","meta":{"site-sidebar-layout":"default","site-content-layout":"default","ast-global-header-display":"","ast-main-header-display":"","ast-hfb-above-header-display":"","ast-hfb-below-header-display":"","ast-hfb-mobile-header-display":"","site-post-title":"","ast-breadcrumbs-content":"","ast-featured-img":"","footer-sml-layout":"","theme-transparent-header-meta":"","adv-header-id-meta":"","stick-header-meta":"","header-above-stick-meta":"","header-main-stick-meta":"","header-below-stick-meta":""},"pwb-brand":[48],"product_cat":[207],"product_tag":[],"class_list":{"0":"post-20749","1":"product","2":"type-product","3":"status-publish","5":"pwb-brand-maxgear","6":"product_cat-jaahdytysnesteen-laippa","7":"desktop-align-left","8":"tablet-align-left","9":"mobile-align-left","11":"first","12":"instock","13":"product-type-external"},"brands":[{"id":48,"name":"MAXGEAR","slug":"maxgear"}],"_links":{"self":[{"href":"https:\/\/www.autonvaraosahaku.fi\/index.php?rest_route=\/wp\/v2\/product\/20749","targetHints":{"allow":["GET"]}}],"collection":[{"href":"https:\/\/www.autonvaraosahaku.fi\/index.php?rest_route=\/wp\/v2\/product"}],"about":[{"href":"https:\/\/www.autonvaraosahaku.fi\/index.php?rest_route=\/wp\/v2\/types\/product"}],"wp:attachment":[{"href":"https:\/\/www.autonvaraosahaku.fi\/index.php?rest_route=%2Fwp%2Fv2%2Fmedia&parent=20749"}],"wp:term":[{"taxonomy":"pwb-brand","embeddable":true,"href":"https:\/\/www.autonvaraosahaku.fi\/index.php?rest_route=%2Fwp%2Fv2%2Fpwb-brand&post=20749"},{"taxonomy":"product_cat","embeddable":true,"href":"https:\/\/www.autonvaraosahaku.fi\/index.php?rest_route=%2Fwp%2Fv2%2Fproduct_cat&post=20749"},{"taxonomy":"product_tag","embeddable":true,"href":"https:\/\/www.autonvaraosahaku.fi\/index.php?rest_route=%2Fwp%2Fv2%2Fproduct_tag&post=20749"}],"curies":[{"name":"wp","href":"https:\/\/api.w.org\/{rel}","templated":true}]}}