{"id":20789,"date":"2021-02-21T14:41:29","date_gmt":"2021-02-21T14:41:29","guid":{"rendered":"https:\/\/www.autonvaraosahaku.fi\/?product=hella-6pp-009-409-341-anturit-sensorit"},"modified":"2021-02-21T14:41:30","modified_gmt":"2021-02-21T14:41:30","slug":"hella-6pp-009-409-341-anturit-sensorit","status":"publish","type":"product","link":"https:\/\/www.autonvaraosahaku.fi\/?product=hella-6pp-009-409-341-anturit-sensorit","title":{"rendered":"HELLA 6PP 009 409-341 Anturit (sensorit)"},"content":{"rendered":"<p>Asennusmalli: Poltti\/ruuvi; Napojen m\u00e4\u00e4r\u00e4: 3; Liittimi\u00e4: 2; L\u00e4pimitta 1\/l\u00e4pimitta 2 [mm]: 7,5 \/ 8,5; FORD: MONDEO IV Turnier BA7,S-MAX WA6,FOCUS III Turnier,KUGA I,FOCUS III,MONDEO IV BA7,FOCUS III Stufenheck,MONDEO IV Stufenheck BA7,FOCUS III Kasten\/Schr\u00e4gheck; 1786775; Sensori Pakokaasupaine<\/p>\n","protected":false},"excerpt":{"rendered":"<p>HELLA DPF Paine-Eroanturi 6PP 009 409-341 Sensori Pakokaasupaine FORD,MONDEO IV Turnier BA7,S-MAX WA6,FOCUS III Turnier,KUGA I,FOCUS III,MONDEO IV BA7<\/p>\n","protected":false},"featured_media":0,"template":"","meta":{"site-sidebar-layout":"default","site-content-layout":"default","ast-global-header-display":"","ast-main-header-display":"","ast-hfb-above-header-display":"","ast-hfb-below-header-display":"","ast-hfb-mobile-header-display":"","site-post-title":"","ast-breadcrumbs-content":"","ast-featured-img":"","footer-sml-layout":"","theme-transparent-header-meta":"","adv-header-id-meta":"","stick-header-meta":"","header-above-stick-meta":"","header-main-stick-meta":"","header-below-stick-meta":""},"pwb-brand":[24],"product_cat":[98],"product_tag":[],"class_list":{"0":"post-20789","1":"product","2":"type-product","3":"status-publish","5":"pwb-brand-hella","6":"product_cat-anturit-sensorit","7":"desktop-align-left","8":"tablet-align-left","9":"mobile-align-left","11":"first","12":"instock","13":"product-type-external"},"brands":[{"id":24,"name":"HELLA","slug":"hella"}],"_links":{"self":[{"href":"https:\/\/www.autonvaraosahaku.fi\/index.php?rest_route=\/wp\/v2\/product\/20789","targetHints":{"allow":["GET"]}}],"collection":[{"href":"https:\/\/www.autonvaraosahaku.fi\/index.php?rest_route=\/wp\/v2\/product"}],"about":[{"href":"https:\/\/www.autonvaraosahaku.fi\/index.php?rest_route=\/wp\/v2\/types\/product"}],"wp:attachment":[{"href":"https:\/\/www.autonvaraosahaku.fi\/index.php?rest_route=%2Fwp%2Fv2%2Fmedia&parent=20789"}],"wp:term":[{"taxonomy":"pwb-brand","embeddable":true,"href":"https:\/\/www.autonvaraosahaku.fi\/index.php?rest_route=%2Fwp%2Fv2%2Fpwb-brand&post=20789"},{"taxonomy":"product_cat","embeddable":true,"href":"https:\/\/www.autonvaraosahaku.fi\/index.php?rest_route=%2Fwp%2Fv2%2Fproduct_cat&post=20789"},{"taxonomy":"product_tag","embeddable":true,"href":"https:\/\/www.autonvaraosahaku.fi\/index.php?rest_route=%2Fwp%2Fv2%2Fproduct_tag&post=20789"}],"curies":[{"name":"wp","href":"https:\/\/api.w.org\/{rel}","templated":true}]}}