{"id":20813,"date":"2021-02-21T14:41:33","date_gmt":"2021-02-21T14:41:33","guid":{"rendered":"https:\/\/www.autonvaraosahaku.fi\/?product=hella-8et-009-149-671-ilmamassamittari"},"modified":"2021-02-21T14:41:35","modified_gmt":"2021-02-21T14:41:35","slug":"hella-8et-009-149-671-ilmamassamittari","status":"publish","type":"product","link":"https:\/\/www.autonvaraosahaku.fi\/?product=hella-8et-009-149-671-ilmamassamittari","title":{"rendered":"HELLA 8ET 009 149-671 Ilmamassamittari"},"content":{"rendered":"<p>Asennusmalli: Putkijalka; Liittimi\u00e4: 6; Imuputken liittimen l\u00e4pimitta [mm]: 70; Uusi osa: ; VW: GOLF IV 1J1,GOLF III 1H1,SHARAN 7M8, 7M9, 7M6,PASSAT Variant 3B5,PASSAT 3B2,GOLF Mk III Cabriolet 1E7,CADDY II Kasten 9K9A,POLO Variant 6KV5,POLO CLASSIC 6KV2,VENTO 1H2,LT 28-46 II Kasten 2DA, 2DD, 2DH,LT 28-35 II Bus 2DB, 2DE, 2DK,LT 28-46 II Pritsche\/Fahrgestell 2DC, 2DF, 2DG, 2DL, 2DM,CADDY II Kombi 9K9B,GOLF III Van 1H1; AUDI: A3 8L1,A4 8D2, B5,A4 Avant 8D5, B5,CABRIOLET 8G7, B4,A6 Avant 4A, C4,A6 4A, C4; SKODA: OCTAVIA Combi 1U5,OCTAVIA 1U2; SEAT: ALHAMBRA 7V8, 7V9; FORD: GALAXY WGR; 074906461, 1003751, 95VW12B529BA, 074906461, 74906461, 074906461, 74906461, 074906461; Ilmam\u00e4\u00e4r\u00e4mittari,MAF Anturi<\/p>\n","protected":false},"excerpt":{"rendered":"<p>HELLA Ilmamassamittari 8ET 009 149-671 Ilmam\u00e4\u00e4r\u00e4mittari,MAF Anturi VW,AUDI,SKODA,GOLF IV 1J1,GOLF III 1H1,SHARAN 7M8, 7M9, 7M6,PASSAT Variant 3B5<\/p>\n","protected":false},"featured_media":0,"template":"","meta":{"site-sidebar-layout":"default","site-content-layout":"default","ast-global-header-display":"","ast-main-header-display":"","ast-hfb-above-header-display":"","ast-hfb-below-header-display":"","ast-hfb-mobile-header-display":"","site-post-title":"","ast-breadcrumbs-content":"","ast-featured-img":"","footer-sml-layout":"","theme-transparent-header-meta":"","adv-header-id-meta":"","stick-header-meta":"","header-above-stick-meta":"","header-main-stick-meta":"","header-below-stick-meta":""},"pwb-brand":[24],"product_cat":[270],"product_tag":[],"class_list":{"0":"post-20813","1":"product","2":"type-product","3":"status-publish","5":"pwb-brand-hella","6":"product_cat-ilmamassamittari","7":"desktop-align-left","8":"tablet-align-left","9":"mobile-align-left","11":"first","12":"instock","13":"product-type-external"},"brands":[{"id":24,"name":"HELLA","slug":"hella"}],"_links":{"self":[{"href":"https:\/\/www.autonvaraosahaku.fi\/index.php?rest_route=\/wp\/v2\/product\/20813","targetHints":{"allow":["GET"]}}],"collection":[{"href":"https:\/\/www.autonvaraosahaku.fi\/index.php?rest_route=\/wp\/v2\/product"}],"about":[{"href":"https:\/\/www.autonvaraosahaku.fi\/index.php?rest_route=\/wp\/v2\/types\/product"}],"wp:attachment":[{"href":"https:\/\/www.autonvaraosahaku.fi\/index.php?rest_route=%2Fwp%2Fv2%2Fmedia&parent=20813"}],"wp:term":[{"taxonomy":"pwb-brand","embeddable":true,"href":"https:\/\/www.autonvaraosahaku.fi\/index.php?rest_route=%2Fwp%2Fv2%2Fpwb-brand&post=20813"},{"taxonomy":"product_cat","embeddable":true,"href":"https:\/\/www.autonvaraosahaku.fi\/index.php?rest_route=%2Fwp%2Fv2%2Fproduct_cat&post=20813"},{"taxonomy":"product_tag","embeddable":true,"href":"https:\/\/www.autonvaraosahaku.fi\/index.php?rest_route=%2Fwp%2Fv2%2Fproduct_tag&post=20813"}],"curies":[{"name":"wp","href":"https:\/\/api.w.org\/{rel}","templated":true}]}}