{"id":20817,"date":"2021-02-21T14:41:33","date_gmt":"2021-02-21T14:41:33","guid":{"rendered":"https:\/\/www.autonvaraosahaku.fi\/?product=ridex-13d0248-vetoakseli"},"modified":"2021-02-21T14:41:35","modified_gmt":"2021-02-21T14:41:35","slug":"ridex-13d0248-vetoakseli","status":"publish","type":"product","link":"https:\/\/www.autonvaraosahaku.fi\/?product=ridex-13d0248-vetoakseli","title":{"rendered":"RIDEX 13D0248 Vetoakseli"},"content":{"rendered":"<p>Ulkohammastus, py\u00f6r\u00e4npuoli: 25; Ulkohammastus tasauspy\u00f6r\u00e4st\u00f6puoli: 26; Pituus (mm): 630; Tiivisteen l\u00e4pimitta [mm]: 53; Nivelen l\u00e4pimitta py\u00f6r\u00e4puoli [mm]: 84; Nivelen l\u00e4pimitta vaihteistopuoli [mm]: 82; Kierremitta: M22x1.5; Vaihto-osa: ; Valmistusvuosi alkaen: 03\/2003; FORD: TRANSIT CONNECT P65_, P70_, P80_,TOURNEO CONNECT; 1328365, 1383755, 1451465, 1501263, 2T143B437CA, 2T143B437CB, 2T143B437CC, 2T143B437CD, 2T143B437CE, 4501957, 4994093, 9T163B437AA, 9T163B437AAD, RM2T143B437CB, 9T1Z3B437A<\/p>\n","protected":false},"excerpt":{"rendered":"<p>RIDEX Vetoakseli 13D0248  FORD,TRANSIT CONNECT P65_, P70_, P80_,TOURNEO CONNECT<\/p>\n","protected":false},"featured_media":0,"template":"","meta":{"site-sidebar-layout":"default","site-content-layout":"default","ast-global-header-display":"","ast-main-header-display":"","ast-hfb-above-header-display":"","ast-hfb-below-header-display":"","ast-hfb-mobile-header-display":"","site-post-title":"","ast-breadcrumbs-content":"","ast-featured-img":"","footer-sml-layout":"","theme-transparent-header-meta":"","adv-header-id-meta":"","stick-header-meta":"","header-above-stick-meta":"","header-main-stick-meta":"","header-below-stick-meta":""},"pwb-brand":[157],"product_cat":[215],"product_tag":[],"class_list":{"0":"post-20817","1":"product","2":"type-product","3":"status-publish","5":"pwb-brand-ridex","6":"product_cat-vetoakseli","7":"desktop-align-left","8":"tablet-align-left","9":"mobile-align-left","11":"first","12":"instock","13":"product-type-external"},"brands":[{"id":157,"name":"RIDEX","slug":"ridex"}],"_links":{"self":[{"href":"https:\/\/www.autonvaraosahaku.fi\/index.php?rest_route=\/wp\/v2\/product\/20817","targetHints":{"allow":["GET"]}}],"collection":[{"href":"https:\/\/www.autonvaraosahaku.fi\/index.php?rest_route=\/wp\/v2\/product"}],"about":[{"href":"https:\/\/www.autonvaraosahaku.fi\/index.php?rest_route=\/wp\/v2\/types\/product"}],"wp:attachment":[{"href":"https:\/\/www.autonvaraosahaku.fi\/index.php?rest_route=%2Fwp%2Fv2%2Fmedia&parent=20817"}],"wp:term":[{"taxonomy":"pwb-brand","embeddable":true,"href":"https:\/\/www.autonvaraosahaku.fi\/index.php?rest_route=%2Fwp%2Fv2%2Fpwb-brand&post=20817"},{"taxonomy":"product_cat","embeddable":true,"href":"https:\/\/www.autonvaraosahaku.fi\/index.php?rest_route=%2Fwp%2Fv2%2Fproduct_cat&post=20817"},{"taxonomy":"product_tag","embeddable":true,"href":"https:\/\/www.autonvaraosahaku.fi\/index.php?rest_route=%2Fwp%2Fv2%2Fproduct_tag&post=20817"}],"curies":[{"name":"wp","href":"https:\/\/api.w.org\/{rel}","templated":true}]}}