{"id":20853,"date":"2021-02-21T14:41:41","date_gmt":"2021-02-21T14:41:41","guid":{"rendered":"https:\/\/www.autonvaraosahaku.fi\/?product=ufi-26-053-00-polttoainesuodatin"},"modified":"2021-02-21T14:41:43","modified_gmt":"2021-02-21T14:41:43","slug":"ufi-26-053-00-polttoainesuodatin","status":"publish","type":"product","link":"https:\/\/www.autonvaraosahaku.fi\/?product=ufi-26-053-00-polttoainesuodatin","title":{"rendered":"UFI 26.053.00 Polttoainesuodatin"},"content":{"rendered":"<p>Ulkol\u00e4pimitta [mm]: 93,0; Sis\u00e4l\u00e4pimitta 1 [mm]: 21,0; Sis\u00e4l\u00e4pimitta 2 [mm]: 9,0; Ulkol\u00e4pimitta 1 [mm]: 66,0; Korkeus (mm): 116,0; PEUGEOT: BOXER Kasten,BOXER Bus,BOXER Pritsche\/Fahrgestell; CITRO\u00cbN: JUMPER Kasten,JUMPER Bus,JUMPER Pritsche\/Fahrgestell; 68223662AA, 1614111980, 77366641, 77367433, 1614111980<\/p>\n","protected":false},"excerpt":{"rendered":"<p>UFI Polttoainesuodatin 26.053.00  PEUGEOT,CITRO\u00cbN,BOXER Kasten,BOXER Bus,BOXER Pritsche\/Fahrgestell,JUMPER Kasten,JUMPER Bus<\/p>\n","protected":false},"featured_media":0,"template":"","meta":{"site-sidebar-layout":"default","site-content-layout":"default","ast-global-header-display":"","ast-main-header-display":"","ast-hfb-above-header-display":"","ast-hfb-below-header-display":"","ast-hfb-mobile-header-display":"","site-post-title":"","ast-breadcrumbs-content":"","ast-featured-img":"","footer-sml-layout":"","theme-transparent-header-meta":"","adv-header-id-meta":"","stick-header-meta":"","header-above-stick-meta":"","header-main-stick-meta":"","header-below-stick-meta":""},"pwb-brand":[109],"product_cat":[29],"product_tag":[],"class_list":{"0":"post-20853","1":"product","2":"type-product","3":"status-publish","5":"pwb-brand-ufi","6":"product_cat-polttoainesuodatin","7":"desktop-align-left","8":"tablet-align-left","9":"mobile-align-left","11":"first","12":"instock","13":"product-type-external"},"brands":[{"id":109,"name":"UFI","slug":"ufi"}],"_links":{"self":[{"href":"https:\/\/www.autonvaraosahaku.fi\/index.php?rest_route=\/wp\/v2\/product\/20853","targetHints":{"allow":["GET"]}}],"collection":[{"href":"https:\/\/www.autonvaraosahaku.fi\/index.php?rest_route=\/wp\/v2\/product"}],"about":[{"href":"https:\/\/www.autonvaraosahaku.fi\/index.php?rest_route=\/wp\/v2\/types\/product"}],"wp:attachment":[{"href":"https:\/\/www.autonvaraosahaku.fi\/index.php?rest_route=%2Fwp%2Fv2%2Fmedia&parent=20853"}],"wp:term":[{"taxonomy":"pwb-brand","embeddable":true,"href":"https:\/\/www.autonvaraosahaku.fi\/index.php?rest_route=%2Fwp%2Fv2%2Fpwb-brand&post=20853"},{"taxonomy":"product_cat","embeddable":true,"href":"https:\/\/www.autonvaraosahaku.fi\/index.php?rest_route=%2Fwp%2Fv2%2Fproduct_cat&post=20853"},{"taxonomy":"product_tag","embeddable":true,"href":"https:\/\/www.autonvaraosahaku.fi\/index.php?rest_route=%2Fwp%2Fv2%2Fproduct_tag&post=20853"}],"curies":[{"name":"wp","href":"https:\/\/api.w.org\/{rel}","templated":true}]}}