{"id":20870,"date":"2021-02-21T14:41:45","date_gmt":"2021-02-21T14:41:45","guid":{"rendered":"https:\/\/www.autonvaraosahaku.fi\/?product=hella-8gh-186-996-001-lamput-hehkulamppu"},"modified":"2021-02-21T14:41:47","modified_gmt":"2021-02-21T14:41:47","slug":"hella-8gh-186-996-001-lamput-hehkulamppu","status":"publish","type":"product","link":"https:\/\/www.autonvaraosahaku.fi\/?product=hella-8gh-186-996-001-lamput-hehkulamppu","title":{"rendered":"HELLA 8GH 186 996-001 Lamput (hehkulamppu)"},"content":{"rendered":"<p>Lamppumalli: H16; J\u00e4nnite (V): 12; Nimellisteho (W): 19; M\u00e4\u00e4r\u00e4: 1; Tarkistuskilpi: E1; Kantamalli: PGJ19-3; Pakkaustyyppi: Laatikko; Valmistusvuosi alkaen: 09\/2013; SKODA: OCTAVIA Combi 5E5,OCTAVIA 5E3; LADA: VESTA,VESTA SW; LEXUS: RX GYL1_, GGL15, AGL10,IS III GSE3_, AVE3_; SSANGYONG: KORANDO,RODIUS II,TIVOLI,XLV Gel\u00e4ndewagen geschlossen,REXTON Y400; SUZUKI: IGNIS MF,SWIFT V AZ; OPEL: VIVARO Combi,VIVARO Kasten,VIVARO Pritsche\/Fahrgestell; SUBARU: OUTBACK BS,LEVORG; TOYOTA: AURIS NZE18_, ZRE18_,AURIS TOURING SPORTS ADE18_, ZWE18_, ZRE18_,RAV 4 IV ZSA4_, ALA4_,YARIS NCP15_,COROLLA Stufenheck NRE18_, ZRE17_, ZRE18_, NDE18_,PRIUS C NHP10_,AYGO PAB4_, KGB4_,C-HR _X1_,HILUX Pick-up GUN1_; DACIA: DUSTER,SANDERO II,LODGY,LOGAN MCV II,LOGAN II,DUSTER Kasten; FIAT: TALENTO Kasten 296_,TALENTO Bus 296_,FULLBACK Pick-up 502_, 503_,TALENTO Pritsche\/Fahrgestell 296_; Polttimo, Sumuvalo<\/p>\n","protected":false},"excerpt":{"rendered":"<p>HELLA Sumuvalon Polttimo LONG LIFE UP TO 3x LONGER LIFETIME 8GH 186 996-001 Polttimo, Sumuvalo SKODA,LADA,LEXUS,OCTAVIA Combi 5E5,OCTAVIA 5E3,VESTA<\/p>\n","protected":false},"featured_media":0,"template":"","meta":{"site-sidebar-layout":"default","site-content-layout":"default","ast-global-header-display":"","ast-main-header-display":"","ast-hfb-above-header-display":"","ast-hfb-below-header-display":"","ast-hfb-mobile-header-display":"","site-post-title":"","ast-breadcrumbs-content":"","ast-featured-img":"","footer-sml-layout":"","theme-transparent-header-meta":"","adv-header-id-meta":"","stick-header-meta":"","header-above-stick-meta":"","header-main-stick-meta":"","header-below-stick-meta":""},"pwb-brand":[24],"product_cat":[151],"product_tag":[],"class_list":{"0":"post-20870","1":"product","2":"type-product","3":"status-publish","5":"pwb-brand-hella","6":"product_cat-lamput-hehkulamppu","7":"desktop-align-left","8":"tablet-align-left","9":"mobile-align-left","11":"first","12":"instock","13":"product-type-external"},"brands":[{"id":24,"name":"HELLA","slug":"hella"}],"_links":{"self":[{"href":"https:\/\/www.autonvaraosahaku.fi\/index.php?rest_route=\/wp\/v2\/product\/20870","targetHints":{"allow":["GET"]}}],"collection":[{"href":"https:\/\/www.autonvaraosahaku.fi\/index.php?rest_route=\/wp\/v2\/product"}],"about":[{"href":"https:\/\/www.autonvaraosahaku.fi\/index.php?rest_route=\/wp\/v2\/types\/product"}],"wp:attachment":[{"href":"https:\/\/www.autonvaraosahaku.fi\/index.php?rest_route=%2Fwp%2Fv2%2Fmedia&parent=20870"}],"wp:term":[{"taxonomy":"pwb-brand","embeddable":true,"href":"https:\/\/www.autonvaraosahaku.fi\/index.php?rest_route=%2Fwp%2Fv2%2Fpwb-brand&post=20870"},{"taxonomy":"product_cat","embeddable":true,"href":"https:\/\/www.autonvaraosahaku.fi\/index.php?rest_route=%2Fwp%2Fv2%2Fproduct_cat&post=20870"},{"taxonomy":"product_tag","embeddable":true,"href":"https:\/\/www.autonvaraosahaku.fi\/index.php?rest_route=%2Fwp%2Fv2%2Fproduct_tag&post=20870"}],"curies":[{"name":"wp","href":"https:\/\/api.w.org\/{rel}","templated":true}]}}