{"id":20876,"date":"2021-02-21T14:41:45","date_gmt":"2021-02-21T14:41:45","guid":{"rendered":"https:\/\/www.autonvaraosahaku.fi\/?product=ngk-94395-ilmamassamittari"},"modified":"2021-02-21T14:41:47","modified_gmt":"2021-02-21T14:41:47","slug":"ngk-94395-ilmamassamittari","status":"publish","type":"product","link":"https:\/\/www.autonvaraosahaku.fi\/?product=ngk-94395-ilmamassamittari","title":{"rendered":"NGK 94395 Ilmamassamittari"},"content":{"rendered":"<p>Kotelomalli: Ilman koppaa, Ilman koppaa; Korvaava tuote\/korvaava tiedote 2: Sis\u00e4\u00e4nrakennetulla ilmal\u00e4mp\u00f6tilasensorilla, Sis\u00e4\u00e4nrakennetulla ilmal\u00e4mp\u00f6tilasensorilla; Pituus (mm): 45; TECDOC-moottorinumero: 24922; FORD: FIESTA VI,MONDEO IV Turnier BA7,S-MAX WA6,GALAXY WA6,TRANSIT MK-7 Kasten,RANGER TKE,MONDEO IV BA7,TRANSIT MK-7 Bus,TRANSIT CONNECT P65_, P70_, P80_,B-MAX JK,TRANSIT MK-7 Pritsche\/Fahrgestell,TRANSIT CUSTOM Kasten,TOURNEO CUSTOM Bus,MONDEO IV Stufenheck BA7,TRANSIT CUSTOM Bus,TOURNEO CONNECT \/ GRAND TOURNEO CONNECT Kombi,TRANSIT CONNECT Kasten,TRANSIT Custom  Bus,TRANSIT Custom Pritsche\/Fahrgestell; PEUGEOT: BOXER Kasten,BOXER Bus,BOXER Pritsche\/Fahrgestell; CITRO\u00cbN: JUMPER Kasten,JUMPER Bus,JUMPER Pritsche\/Fahrgestell; MAZDA: 3 BK,2 DY,2 DE,3 BL,5 CW,3 Stufenheck BL; VOLVO: V50 MW,XC60,V70 III BW,C30,V60,S40 II MS,V40 Schr\u00e4gheck,S80 II AS,S60 II; LAND ROVER: FREELANDER 2 FA_,RANGE ROVER EVOQUE LV,DISCOVERY SPORT LC; JAGUAR: XF _J05_, CC9,XF SPORTBRAKE CC9; FORD USA: MUSTANG Coupe; 9674958880, 1516668, 8V2112B579AA, LR019830, 9674958880, 30757655; Ilmam\u00e4\u00e4r\u00e4mittari,MAF Anturi<\/p>\n","protected":false},"excerpt":{"rendered":"<p>NGK Ilmamassamittari 94395 Ilmam\u00e4\u00e4r\u00e4mittari,MAF Anturi FORD,PEUGEOT,CITRO\u00cbN,FIESTA VI,MONDEO IV Turnier BA7,S-MAX WA6,GALAXY WA6,TRANSIT MK-7 Kasten<\/p>\n","protected":false},"featured_media":0,"template":"","meta":{"site-sidebar-layout":"default","site-content-layout":"default","ast-global-header-display":"","ast-main-header-display":"","ast-hfb-above-header-display":"","ast-hfb-below-header-display":"","ast-hfb-mobile-header-display":"","site-post-title":"","ast-breadcrumbs-content":"","ast-featured-img":"","footer-sml-layout":"","theme-transparent-header-meta":"","adv-header-id-meta":"","stick-header-meta":"","header-above-stick-meta":"","header-main-stick-meta":"","header-below-stick-meta":""},"pwb-brand":[189],"product_cat":[270],"product_tag":[],"class_list":{"0":"post-20876","1":"product","2":"type-product","3":"status-publish","5":"pwb-brand-ngk","6":"product_cat-ilmamassamittari","7":"desktop-align-left","8":"tablet-align-left","9":"mobile-align-left","11":"first","12":"instock","13":"product-type-external"},"brands":[{"id":189,"name":"NGK","slug":"ngk"}],"_links":{"self":[{"href":"https:\/\/www.autonvaraosahaku.fi\/index.php?rest_route=\/wp\/v2\/product\/20876","targetHints":{"allow":["GET"]}}],"collection":[{"href":"https:\/\/www.autonvaraosahaku.fi\/index.php?rest_route=\/wp\/v2\/product"}],"about":[{"href":"https:\/\/www.autonvaraosahaku.fi\/index.php?rest_route=\/wp\/v2\/types\/product"}],"wp:attachment":[{"href":"https:\/\/www.autonvaraosahaku.fi\/index.php?rest_route=%2Fwp%2Fv2%2Fmedia&parent=20876"}],"wp:term":[{"taxonomy":"pwb-brand","embeddable":true,"href":"https:\/\/www.autonvaraosahaku.fi\/index.php?rest_route=%2Fwp%2Fv2%2Fpwb-brand&post=20876"},{"taxonomy":"product_cat","embeddable":true,"href":"https:\/\/www.autonvaraosahaku.fi\/index.php?rest_route=%2Fwp%2Fv2%2Fproduct_cat&post=20876"},{"taxonomy":"product_tag","embeddable":true,"href":"https:\/\/www.autonvaraosahaku.fi\/index.php?rest_route=%2Fwp%2Fv2%2Fproduct_tag&post=20876"}],"curies":[{"name":"wp","href":"https:\/\/api.w.org\/{rel}","templated":true}]}}