{"id":20890,"date":"2021-02-21T14:41:49","date_gmt":"2021-02-21T14:41:49","guid":{"rendered":"https:\/\/www.autonvaraosahaku.fi\/?product=vaico-v30-10016-jakoketju"},"modified":"2021-02-21T14:41:51","modified_gmt":"2021-02-21T14:41:51","slug":"vaico-v30-10016-jakoketju","status":"publish","type":"product","link":"https:\/\/www.autonvaraosahaku.fi\/?product=vaico-v30-10016-jakoketju","title":{"rendered":"VAICO V30-10016 Jakoketju"},"content":{"rendered":"<p>Lis\u00e4tarvike\/lis\u00e4tieto: Tarvikkeilla; Ketjulenkkej\u00e4: 142; Ketjurakenne: Yksinkertainen, ketjulukolla; Jakoketjun mitat: G53HP, G53HR; Korvaava tuote\/korvaava tiedote 2: nokka-akselille; Tarvittava kappalem\u00e4\u00e4r\u00e4: 1; Paino [kg]: 4,317; Pakkausleveys [cm]: 14,5; Pakkauskorkeus [mm]: 14,2; Pakkaussyvyys [cm]: 40,5; lis\u00e4tieto: CST98; Huomioi tekniset tiedot: ; MERCEDES-BENZ: C-CLASS W203,E-CLASS W211,C-CLASS W204,C-CLASS T-Model S204,C-CLASS T-Model S203,E-CLASS T-Model S211,E-CLASS W212,C-CLASS Coupe CL203,SLK R171,CLK C209,SPRINTER 3,5-t Kasten 906,CLK Cabriolet A209,SPRINTER 3,5-t Bus 906,CLC-CLASS CL203,SPRINTER 3,5-t Pritsche\/Fahrgestell 906,SPRINTER 3-t Bus 906,SPRINTER 5-t Pritsche\/Fahrgestell 906,SPRINTER 3-t Pritsche\/Fahrgestell 906; 11318671014, 8671014, 0009931976, 0009932076kit, 0009932176, 0009932176kit, 0039979794, 0049972494, 2710500311, 2710500411, 2710500611, 2710500800, 2710500900, 2710501247, 2710501447, 2710520416, 2710521016, 2710521116, A0009931976, A0009932076kit, A0009932176, A0009932176kit, A0039979794, A0049972494, A2710500311, A2710500411, A2710500611, A2710500800, A2710500900, A2710501247, A2710501447, A2710520416, A2710521016, A2710521116, 0007680V001000000, 0007681V001000000, A0007681V001000000<\/p>\n","protected":false},"excerpt":{"rendered":"<p>VAICO Jakoketjusarja V30-10016  MERCEDES-BENZ,C-CLASS W203,E-CLASS W211,C-CLASS W204,C-CLASS T-Model S204,C-CLASS T-Model S203,E-CLASS T-Model S211<\/p>\n","protected":false},"featured_media":0,"template":"","meta":{"site-sidebar-layout":"default","site-content-layout":"default","ast-global-header-display":"","ast-main-header-display":"","ast-hfb-above-header-display":"","ast-hfb-below-header-display":"","ast-hfb-mobile-header-display":"","site-post-title":"","ast-breadcrumbs-content":"","ast-featured-img":"","footer-sml-layout":"","theme-transparent-header-meta":"","adv-header-id-meta":"","stick-header-meta":"","header-above-stick-meta":"","header-main-stick-meta":"","header-below-stick-meta":""},"pwb-brand":[330],"product_cat":[60],"product_tag":[],"class_list":{"0":"post-20890","1":"product","2":"type-product","3":"status-publish","5":"pwb-brand-vaico","6":"product_cat-jakoketju","7":"desktop-align-left","8":"tablet-align-left","9":"mobile-align-left","11":"first","12":"instock","13":"product-type-external"},"brands":[{"id":330,"name":"VAICO","slug":"vaico"}],"_links":{"self":[{"href":"https:\/\/www.autonvaraosahaku.fi\/index.php?rest_route=\/wp\/v2\/product\/20890","targetHints":{"allow":["GET"]}}],"collection":[{"href":"https:\/\/www.autonvaraosahaku.fi\/index.php?rest_route=\/wp\/v2\/product"}],"about":[{"href":"https:\/\/www.autonvaraosahaku.fi\/index.php?rest_route=\/wp\/v2\/types\/product"}],"wp:attachment":[{"href":"https:\/\/www.autonvaraosahaku.fi\/index.php?rest_route=%2Fwp%2Fv2%2Fmedia&parent=20890"}],"wp:term":[{"taxonomy":"pwb-brand","embeddable":true,"href":"https:\/\/www.autonvaraosahaku.fi\/index.php?rest_route=%2Fwp%2Fv2%2Fpwb-brand&post=20890"},{"taxonomy":"product_cat","embeddable":true,"href":"https:\/\/www.autonvaraosahaku.fi\/index.php?rest_route=%2Fwp%2Fv2%2Fproduct_cat&post=20890"},{"taxonomy":"product_tag","embeddable":true,"href":"https:\/\/www.autonvaraosahaku.fi\/index.php?rest_route=%2Fwp%2Fv2%2Fproduct_tag&post=20890"}],"curies":[{"name":"wp","href":"https:\/\/api.w.org\/{rel}","templated":true}]}}