{"id":20902,"date":"2021-02-21T14:41:53","date_gmt":"2021-02-21T14:41:53","guid":{"rendered":"https:\/\/www.autonvaraosahaku.fi\/?product=jp-group-3563200500-jarrulevyt"},"modified":"2021-02-21T14:41:54","modified_gmt":"2021-02-21T14:41:54","slug":"jp-group-3563200500-jarrulevyt","status":"publish","type":"product","link":"https:\/\/www.autonvaraosahaku.fi\/?product=jp-group-3563200500-jarrulevyt","title":{"rendered":"JP GROUP 3563200500 Jarrulevyt"},"content":{"rendered":"<p>Asennuspuoli: Taka-akseli; Jarrulevytyyppi: Vakiomalli; Ulkol\u00e4pimitta [mm]: 262; Jarrulevyn paksuus (mm): 10; Reikien m\u00e4\u00e4r\u00e4: 5; Pinta: pinnoitettu; KIA: SPORTAGE SL,CEE&#8217;D SW ED,CEE&#8217;D Schr\u00e4gheck ED,PRO CEE&#8217;D ED; HYUNDAI: ix35 LM, EL, ELH,i30 FD,i30 CW FD; 584111H100, 584111H300, 584111H100, 584111H300; Jarrulevy<\/p>\n","protected":false},"excerpt":{"rendered":"<p>JP GROUP Jarrulevyt JP Group 3563200500 Jarrulevy KIA,HYUNDAI,SPORTAGE SL,CEE&#8217;D SW ED,CEE&#8217;D Schr\u00e4gheck ED,PRO CEE&#8217;D ED,ix35 LM, EL, ELH,i30 FD<\/p>\n","protected":false},"featured_media":0,"template":"","meta":{"site-sidebar-layout":"default","site-content-layout":"default","ast-global-header-display":"","ast-main-header-display":"","ast-hfb-above-header-display":"","ast-hfb-below-header-display":"","ast-hfb-mobile-header-display":"","site-post-title":"","ast-breadcrumbs-content":"","ast-featured-img":"","footer-sml-layout":"","theme-transparent-header-meta":"","adv-header-id-meta":"","stick-header-meta":"","header-above-stick-meta":"","header-main-stick-meta":"","header-below-stick-meta":""},"pwb-brand":[131],"product_cat":[66],"product_tag":[],"class_list":{"0":"post-20902","1":"product","2":"type-product","3":"status-publish","5":"pwb-brand-jp-group","6":"product_cat-jarrulevyt","7":"desktop-align-left","8":"tablet-align-left","9":"mobile-align-left","11":"first","12":"instock","13":"product-type-external"},"brands":[{"id":131,"name":"JP GROUP","slug":"jp-group"}],"_links":{"self":[{"href":"https:\/\/www.autonvaraosahaku.fi\/index.php?rest_route=\/wp\/v2\/product\/20902","targetHints":{"allow":["GET"]}}],"collection":[{"href":"https:\/\/www.autonvaraosahaku.fi\/index.php?rest_route=\/wp\/v2\/product"}],"about":[{"href":"https:\/\/www.autonvaraosahaku.fi\/index.php?rest_route=\/wp\/v2\/types\/product"}],"wp:attachment":[{"href":"https:\/\/www.autonvaraosahaku.fi\/index.php?rest_route=%2Fwp%2Fv2%2Fmedia&parent=20902"}],"wp:term":[{"taxonomy":"pwb-brand","embeddable":true,"href":"https:\/\/www.autonvaraosahaku.fi\/index.php?rest_route=%2Fwp%2Fv2%2Fpwb-brand&post=20902"},{"taxonomy":"product_cat","embeddable":true,"href":"https:\/\/www.autonvaraosahaku.fi\/index.php?rest_route=%2Fwp%2Fv2%2Fproduct_cat&post=20902"},{"taxonomy":"product_tag","embeddable":true,"href":"https:\/\/www.autonvaraosahaku.fi\/index.php?rest_route=%2Fwp%2Fv2%2Fproduct_tag&post=20902"}],"curies":[{"name":"wp","href":"https:\/\/api.w.org\/{rel}","templated":true}]}}