{"id":20903,"date":"2021-02-21T14:41:53","date_gmt":"2021-02-21T14:41:53","guid":{"rendered":"https:\/\/www.autonvaraosahaku.fi\/?product=tedgum-00677125-taka-akselin-puslat"},"modified":"2021-02-21T14:41:54","modified_gmt":"2021-02-21T14:41:54","slug":"tedgum-00677125-taka-akselin-puslat","status":"publish","type":"product","link":"https:\/\/www.autonvaraosahaku.fi\/?product=tedgum-00677125-taka-akselin-puslat","title":{"rendered":"TEDGUM 00677125 Taka-akselin puslat"},"content":{"rendered":"<p>Asennuspuoli: Taka-akseli, molemminpuolinen, Edess\u00e4; Kiinnitysmalli: Kumilaakeri; Ohjausmalli: Pitkitt\u00e4istukivarrelle; Materiaali: PU (polyuretaani); Tarvittava kappalem\u00e4\u00e4r\u00e4: 4; Korvaava tuote\/korvaava tiedote 2: rasvakupilla; HYUNDAI: GALLOPER II JK-01; MITSUBISHI: PAJERO I L04_G, L14_G,PAJERO I Canvas Top L04_G; MB584146, MB584146<\/p>\n","protected":false},"excerpt":{"rendered":"<p>TEDGUM Kiinnitys, Akseliston Kiinnitys 00677125  HYUNDAI,MITSUBISHI,GALLOPER II JK-01,PAJERO I L04_G, L14_G,PAJERO I Canvas Top L04_G<\/p>\n","protected":false},"featured_media":0,"template":"","meta":{"site-sidebar-layout":"default","site-content-layout":"default","ast-global-header-display":"","ast-main-header-display":"","ast-hfb-above-header-display":"","ast-hfb-below-header-display":"","ast-hfb-mobile-header-display":"","site-post-title":"","ast-breadcrumbs-content":"","ast-featured-img":"","footer-sml-layout":"","theme-transparent-header-meta":"","adv-header-id-meta":"","stick-header-meta":"","header-above-stick-meta":"","header-main-stick-meta":"","header-below-stick-meta":""},"pwb-brand":[155],"product_cat":[156],"product_tag":[],"class_list":{"0":"post-20903","1":"product","2":"type-product","3":"status-publish","5":"pwb-brand-tedgum","6":"product_cat-taka-akselin-puslat","7":"desktop-align-left","8":"tablet-align-left","9":"mobile-align-left","11":"first","12":"instock","13":"product-type-external"},"brands":[{"id":155,"name":"TEDGUM","slug":"tedgum"}],"_links":{"self":[{"href":"https:\/\/www.autonvaraosahaku.fi\/index.php?rest_route=\/wp\/v2\/product\/20903","targetHints":{"allow":["GET"]}}],"collection":[{"href":"https:\/\/www.autonvaraosahaku.fi\/index.php?rest_route=\/wp\/v2\/product"}],"about":[{"href":"https:\/\/www.autonvaraosahaku.fi\/index.php?rest_route=\/wp\/v2\/types\/product"}],"wp:attachment":[{"href":"https:\/\/www.autonvaraosahaku.fi\/index.php?rest_route=%2Fwp%2Fv2%2Fmedia&parent=20903"}],"wp:term":[{"taxonomy":"pwb-brand","embeddable":true,"href":"https:\/\/www.autonvaraosahaku.fi\/index.php?rest_route=%2Fwp%2Fv2%2Fpwb-brand&post=20903"},{"taxonomy":"product_cat","embeddable":true,"href":"https:\/\/www.autonvaraosahaku.fi\/index.php?rest_route=%2Fwp%2Fv2%2Fproduct_cat&post=20903"},{"taxonomy":"product_tag","embeddable":true,"href":"https:\/\/www.autonvaraosahaku.fi\/index.php?rest_route=%2Fwp%2Fv2%2Fproduct_tag&post=20903"}],"curies":[{"name":"wp","href":"https:\/\/api.w.org\/{rel}","templated":true}]}}