{"id":20911,"date":"2021-02-21T14:41:53","date_gmt":"2021-02-21T14:41:53","guid":{"rendered":"https:\/\/www.autonvaraosahaku.fi\/?product=hjs-83-00-8009-pakoputken-asennussarja"},"modified":"2021-02-21T14:41:55","modified_gmt":"2021-02-21T14:41:55","slug":"hjs-83-00-8009-pakoputken-asennussarja","status":"publish","type":"product","link":"https:\/\/www.autonvaraosahaku.fi\/?product=hjs-83-00-8009-pakoputken-asennussarja","title":{"rendered":"HJS 83 00 8009 Pakoputken asennussarja"},"content":{"rendered":"<p>Putkiliitokset: Kaksoiskiristin; L\u00e4pimitta [mm]: 80; Pituus (mm): 90; Pakoputkisto: von Vorschalld\u00e4mpfer nach Mittelschalld\u00e4mpfer; BMW: 5 E60,5 Touring E61,5 F10, F18,1 F20,3 Touring F31,3 F30, F35, F80,1 F21,7 F01, F02, F03, F04,3 Gran Turismo F34,4 Coupe F32, F82,2 Coupe F22,6 Coupe F13,4 Cabriolet F33, F83,6 Cabriolet F12,4 Gran Coupe F36,5 G30,2 Cabriolet F23,7 G11, G12; 18307560815, 7560815, 18307560815, 7560815; Putkenliitin, Pakoputkisto<\/p>\n","protected":false},"excerpt":{"rendered":"<p>HJS Pakoputken Kiristin 83 00 8009 Putkenliitin, Pakoputkisto BMW,5 E60,5 Touring E61,5 F10, F18,1 F20,3 Touring F31,3 F30, F35, F80,1 F21<\/p>\n","protected":false},"featured_media":0,"template":"","meta":{"site-sidebar-layout":"default","site-content-layout":"default","ast-global-header-display":"","ast-main-header-display":"","ast-hfb-above-header-display":"","ast-hfb-below-header-display":"","ast-hfb-mobile-header-display":"","site-post-title":"","ast-breadcrumbs-content":"","ast-featured-img":"","footer-sml-layout":"","theme-transparent-header-meta":"","adv-header-id-meta":"","stick-header-meta":"","header-above-stick-meta":"","header-main-stick-meta":"","header-below-stick-meta":""},"pwb-brand":[344],"product_cat":[101],"product_tag":[],"class_list":{"0":"post-20911","1":"product","2":"type-product","3":"status-publish","5":"pwb-brand-hjs","6":"product_cat-pakoputken-asennussarja","7":"desktop-align-left","8":"tablet-align-left","9":"mobile-align-left","11":"first","12":"instock","13":"product-type-external"},"brands":[{"id":344,"name":"HJS","slug":"hjs"}],"_links":{"self":[{"href":"https:\/\/www.autonvaraosahaku.fi\/index.php?rest_route=\/wp\/v2\/product\/20911","targetHints":{"allow":["GET"]}}],"collection":[{"href":"https:\/\/www.autonvaraosahaku.fi\/index.php?rest_route=\/wp\/v2\/product"}],"about":[{"href":"https:\/\/www.autonvaraosahaku.fi\/index.php?rest_route=\/wp\/v2\/types\/product"}],"wp:attachment":[{"href":"https:\/\/www.autonvaraosahaku.fi\/index.php?rest_route=%2Fwp%2Fv2%2Fmedia&parent=20911"}],"wp:term":[{"taxonomy":"pwb-brand","embeddable":true,"href":"https:\/\/www.autonvaraosahaku.fi\/index.php?rest_route=%2Fwp%2Fv2%2Fpwb-brand&post=20911"},{"taxonomy":"product_cat","embeddable":true,"href":"https:\/\/www.autonvaraosahaku.fi\/index.php?rest_route=%2Fwp%2Fv2%2Fproduct_cat&post=20911"},{"taxonomy":"product_tag","embeddable":true,"href":"https:\/\/www.autonvaraosahaku.fi\/index.php?rest_route=%2Fwp%2Fv2%2Fproduct_tag&post=20911"}],"curies":[{"name":"wp","href":"https:\/\/api.w.org\/{rel}","templated":true}]}}