{"id":20917,"date":"2021-02-21T14:41:53","date_gmt":"2021-02-21T14:41:53","guid":{"rendered":"https:\/\/www.autonvaraosahaku.fi\/?product=elwis-royal-8155566-kampiakselin-tiiviste"},"modified":"2021-02-21T14:41:56","modified_gmt":"2021-02-21T14:41:56","slug":"elwis-royal-8155566-kampiakselin-tiiviste","status":"publish","type":"product","link":"https:\/\/www.autonvaraosahaku.fi\/?product=elwis-royal-8155566-kampiakselin-tiiviste","title":{"rendered":"ELWIS ROYAL 8155566 Kampiakselin tiiviste"},"content":{"rendered":"<p>Asennuspuoli: Vaihteiston puoli; Tarvittava kappalem\u00e4\u00e4r\u00e4: 1; Leveys (mm): 10; Materiaali: MVQ (silikooni\/kautsu); Sis\u00e4l\u00e4pimitta [mm]: 92; Ulkol\u00e4pimitta [mm]: 110; VOLVO: 940 II Kombi 945,940 Kombi 945,240 Kombi P245,740 Kombi 745,740 744,240 P242, P244,940 944,P 544,P 1800,760 704, 764,P 121,340-360 343, 345,960 Kombi 965,164,140 142, 144,760 Kombi 704, 765,940 II 944,960 964,P 122 S AMAZON,140 Kombi 145,DUETT,340-360 Stufenheck 344,P 2200 Kombi; 430118, 4301180, 6842093, 68420934, 6842160, 68421601; Akselitiiviste, Kampiakseli<\/p>\n","protected":false},"excerpt":{"rendered":"<p>ELWIS ROYAL Kampiakselin Tiiviste 8155566 Akselitiiviste, Kampiakseli VOLVO,940 II Kombi 945,940 Kombi 945,240 Kombi P245,740 Kombi 745,740 744<\/p>\n","protected":false},"featured_media":0,"template":"","meta":{"site-sidebar-layout":"default","site-content-layout":"default","ast-global-header-display":"","ast-main-header-display":"","ast-hfb-above-header-display":"","ast-hfb-below-header-display":"","ast-hfb-mobile-header-display":"","site-post-title":"","ast-breadcrumbs-content":"","ast-featured-img":"","footer-sml-layout":"","theme-transparent-header-meta":"","adv-header-id-meta":"","stick-header-meta":"","header-above-stick-meta":"","header-main-stick-meta":"","header-below-stick-meta":""},"pwb-brand":[120],"product_cat":[88],"product_tag":[],"class_list":{"0":"post-20917","1":"product","2":"type-product","3":"status-publish","5":"pwb-brand-elwis-royal","6":"product_cat-kampiakselin-tiiviste","7":"desktop-align-left","8":"tablet-align-left","9":"mobile-align-left","11":"first","12":"instock","13":"product-type-external"},"brands":[{"id":120,"name":"ELWIS ROYAL","slug":"elwis-royal"}],"_links":{"self":[{"href":"https:\/\/www.autonvaraosahaku.fi\/index.php?rest_route=\/wp\/v2\/product\/20917","targetHints":{"allow":["GET"]}}],"collection":[{"href":"https:\/\/www.autonvaraosahaku.fi\/index.php?rest_route=\/wp\/v2\/product"}],"about":[{"href":"https:\/\/www.autonvaraosahaku.fi\/index.php?rest_route=\/wp\/v2\/types\/product"}],"wp:attachment":[{"href":"https:\/\/www.autonvaraosahaku.fi\/index.php?rest_route=%2Fwp%2Fv2%2Fmedia&parent=20917"}],"wp:term":[{"taxonomy":"pwb-brand","embeddable":true,"href":"https:\/\/www.autonvaraosahaku.fi\/index.php?rest_route=%2Fwp%2Fv2%2Fpwb-brand&post=20917"},{"taxonomy":"product_cat","embeddable":true,"href":"https:\/\/www.autonvaraosahaku.fi\/index.php?rest_route=%2Fwp%2Fv2%2Fproduct_cat&post=20917"},{"taxonomy":"product_tag","embeddable":true,"href":"https:\/\/www.autonvaraosahaku.fi\/index.php?rest_route=%2Fwp%2Fv2%2Fproduct_tag&post=20917"}],"curies":[{"name":"wp","href":"https:\/\/api.w.org\/{rel}","templated":true}]}}