{"id":20921,"date":"2021-02-21T14:41:57","date_gmt":"2021-02-21T14:41:57","guid":{"rendered":"https:\/\/www.autonvaraosahaku.fi\/?product=sachs-803-126-jousijalan-tukilaakeri"},"modified":"2021-02-21T14:41:58","modified_gmt":"2021-02-21T14:41:58","slug":"sachs-803-126-jousijalan-tukilaakeri","status":"publish","type":"product","link":"https:\/\/www.autonvaraosahaku.fi\/?product=sachs-803-126-jousijalan-tukilaakeri","title":{"rendered":"SACHS 803 126 Jousijalan tukilaakeri"},"content":{"rendered":"<p>Asennuspuoli: Etuakseli, Oikea; parilliset tuotenumerot: 803 125; OPEL: COMBO Kasten\/Kombi X12,COMBO Tour X12; FIAT: DOBLO Kasten\/Kombi 263,DOBLO Gro\u00dfraumlimousine 152, 263,DOBLO Pritsche\/Fahrgestell 263; VAUXHALL: COMBO Mk III D Kasten\/Kombi; 51855158, 51902407, 51916658, 51963858, 51963861, 52023353, 52109286, 344811, 344896, 345070, 345174, 95511352, 95514538, 95516717, 95521001, 344811, 344896, 345070, 345174, 95511352, 95514538, 95516717, 95521001; Iskarin Yl\u00e4p\u00e4\u00e4,Iskunvaimentimen Yl\u00e4p\u00e4\u00e4<\/p>\n","protected":false},"excerpt":{"rendered":"<p>SACHS Jousijalan Tukilaakeri 803 126 Iskarin Yl\u00e4p\u00e4\u00e4,Iskunvaimentimen Yl\u00e4p\u00e4\u00e4 OPEL,FIAT,VAUXHALL,COMBO Kasten\/Kombi X12,COMBO Tour X12<\/p>\n","protected":false},"featured_media":0,"template":"","meta":{"site-sidebar-layout":"default","site-content-layout":"default","ast-global-header-display":"","ast-main-header-display":"","ast-hfb-above-header-display":"","ast-hfb-below-header-display":"","ast-hfb-mobile-header-display":"","site-post-title":"","ast-breadcrumbs-content":"","ast-featured-img":"","footer-sml-layout":"","theme-transparent-header-meta":"","adv-header-id-meta":"","stick-header-meta":"","header-above-stick-meta":"","header-main-stick-meta":"","header-below-stick-meta":""},"pwb-brand":[91],"product_cat":[45],"product_tag":[],"class_list":{"0":"post-20921","1":"product","2":"type-product","3":"status-publish","5":"pwb-brand-sachs","6":"product_cat-jousijalan-tukilaakeri","7":"desktop-align-left","8":"tablet-align-left","9":"mobile-align-left","11":"first","12":"instock","13":"product-type-external"},"brands":[{"id":91,"name":"SACHS","slug":"sachs"}],"_links":{"self":[{"href":"https:\/\/www.autonvaraosahaku.fi\/index.php?rest_route=\/wp\/v2\/product\/20921","targetHints":{"allow":["GET"]}}],"collection":[{"href":"https:\/\/www.autonvaraosahaku.fi\/index.php?rest_route=\/wp\/v2\/product"}],"about":[{"href":"https:\/\/www.autonvaraosahaku.fi\/index.php?rest_route=\/wp\/v2\/types\/product"}],"wp:attachment":[{"href":"https:\/\/www.autonvaraosahaku.fi\/index.php?rest_route=%2Fwp%2Fv2%2Fmedia&parent=20921"}],"wp:term":[{"taxonomy":"pwb-brand","embeddable":true,"href":"https:\/\/www.autonvaraosahaku.fi\/index.php?rest_route=%2Fwp%2Fv2%2Fpwb-brand&post=20921"},{"taxonomy":"product_cat","embeddable":true,"href":"https:\/\/www.autonvaraosahaku.fi\/index.php?rest_route=%2Fwp%2Fv2%2Fproduct_cat&post=20921"},{"taxonomy":"product_tag","embeddable":true,"href":"https:\/\/www.autonvaraosahaku.fi\/index.php?rest_route=%2Fwp%2Fv2%2Fproduct_tag&post=20921"}],"curies":[{"name":"wp","href":"https:\/\/api.w.org\/{rel}","templated":true}]}}