{"id":20943,"date":"2021-02-21T14:42:02","date_gmt":"2021-02-21T14:42:02","guid":{"rendered":"https:\/\/www.autonvaraosahaku.fi\/?product=tedgum-ted45866-kardaanin-kuminivel"},"modified":"2021-02-21T14:42:03","modified_gmt":"2021-02-21T14:42:03","slug":"tedgum-ted45866-kardaanin-kuminivel","status":"publish","type":"product","link":"https:\/\/www.autonvaraosahaku.fi\/?product=tedgum-ted45866-kardaanin-kuminivel","title":{"rendered":"TEDGUM TED45866 Kardaanin kuminivel"},"content":{"rendered":"<p>Nivelmalli: Kumi-\/Hardynivel; Tarvittava kappalem\u00e4\u00e4r\u00e4: 1; Lis\u00e4tarvike\/lis\u00e4tieto: Asennusmateriaalilla; OPEL: MOVANO B Kasten,MOVANO B Pritsche\/Fahrgestell; RENAULT: MASTER III Kasten FV,MASTER III Pritsche\/Fahrgestell EV, HV, UV; 4221162, 93168923, 370007837R; R\u00e4ttinivel,Nivel, Pitkitt\u00e4isakseli<\/p>\n","protected":false},"excerpt":{"rendered":"<p>TEDGUM Kardaanin Kuminivel TED45866 R\u00e4ttinivel,Nivel, Pitkitt\u00e4isakseli OPEL,RENAULT,MOVANO B Kasten,MOVANO B Pritsche\/Fahrgestell,MASTER III Kasten FV<\/p>\n","protected":false},"featured_media":0,"template":"","meta":{"site-sidebar-layout":"default","site-content-layout":"default","ast-global-header-display":"","ast-main-header-display":"","ast-hfb-above-header-display":"","ast-hfb-below-header-display":"","ast-hfb-mobile-header-display":"","site-post-title":"","ast-breadcrumbs-content":"","ast-featured-img":"","footer-sml-layout":"","theme-transparent-header-meta":"","adv-header-id-meta":"","stick-header-meta":"","header-above-stick-meta":"","header-main-stick-meta":"","header-below-stick-meta":""},"pwb-brand":[155],"product_cat":[56],"product_tag":[],"class_list":{"0":"post-20943","1":"product","2":"type-product","3":"status-publish","5":"pwb-brand-tedgum","6":"product_cat-kardaanin-kuminivel","7":"desktop-align-left","8":"tablet-align-left","9":"mobile-align-left","11":"first","12":"instock","13":"product-type-external"},"brands":[{"id":155,"name":"TEDGUM","slug":"tedgum"}],"_links":{"self":[{"href":"https:\/\/www.autonvaraosahaku.fi\/index.php?rest_route=\/wp\/v2\/product\/20943","targetHints":{"allow":["GET"]}}],"collection":[{"href":"https:\/\/www.autonvaraosahaku.fi\/index.php?rest_route=\/wp\/v2\/product"}],"about":[{"href":"https:\/\/www.autonvaraosahaku.fi\/index.php?rest_route=\/wp\/v2\/types\/product"}],"wp:attachment":[{"href":"https:\/\/www.autonvaraosahaku.fi\/index.php?rest_route=%2Fwp%2Fv2%2Fmedia&parent=20943"}],"wp:term":[{"taxonomy":"pwb-brand","embeddable":true,"href":"https:\/\/www.autonvaraosahaku.fi\/index.php?rest_route=%2Fwp%2Fv2%2Fpwb-brand&post=20943"},{"taxonomy":"product_cat","embeddable":true,"href":"https:\/\/www.autonvaraosahaku.fi\/index.php?rest_route=%2Fwp%2Fv2%2Fproduct_cat&post=20943"},{"taxonomy":"product_tag","embeddable":true,"href":"https:\/\/www.autonvaraosahaku.fi\/index.php?rest_route=%2Fwp%2Fv2%2Fproduct_tag&post=20943"}],"curies":[{"name":"wp","href":"https:\/\/api.w.org\/{rel}","templated":true}]}}