{"id":20947,"date":"2021-02-21T14:42:02","date_gmt":"2021-02-21T14:42:02","guid":{"rendered":"https:\/\/www.autonvaraosahaku.fi\/?product=topran-623-613-oven-lukko"},"modified":"2021-02-21T14:42:03","modified_gmt":"2021-02-21T14:42:03","slug":"topran-623-613-oven-lukko","status":"publish","type":"product","link":"https:\/\/www.autonvaraosahaku.fi\/?product=topran-623-613-oven-lukko","title":{"rendered":"TOPRAN 623 613 Oven lukko"},"content":{"rendered":"<p>Asennuspuoli: Taakse, oikea; K\u00e4ytt\u00f6: S\u00e4hk\u00f6inen; Napojen m\u00e4\u00e4r\u00e4: 6; Pistokkeen kotelon muoto: D-muoto; parilliset tuotenumerot: 623 622; Vasen \/ oikea liikenne: Oikean-\/vasemmanpuolinen ohjaus; Mukavuusvarusteet: f\u00fcr Fahrzeuge mit Zentralverriegelung; VW: POLO 9N_,POLO Stufenheck 9A4,POLO Stufenheck 9N4; 3B4839016AG, 3B4839016AN, 3B4839016K; Ovilukko<\/p>\n","protected":false},"excerpt":{"rendered":"<p>TOPRAN Oven Lukko 623 613 Ovilukko VW,POLO 9N_,POLO Stufenheck 9A4,POLO Stufenheck 9N4<\/p>\n","protected":false},"featured_media":0,"template":"","meta":{"site-sidebar-layout":"default","site-content-layout":"default","ast-global-header-display":"","ast-main-header-display":"","ast-hfb-above-header-display":"","ast-hfb-below-header-display":"","ast-hfb-mobile-header-display":"","site-post-title":"","ast-breadcrumbs-content":"","ast-featured-img":"","footer-sml-layout":"","theme-transparent-header-meta":"","adv-header-id-meta":"","stick-header-meta":"","header-above-stick-meta":"","header-main-stick-meta":"","header-below-stick-meta":""},"pwb-brand":[18],"product_cat":[46],"product_tag":[],"class_list":{"0":"post-20947","1":"product","2":"type-product","3":"status-publish","5":"pwb-brand-topran","6":"product_cat-oven-lukko","7":"desktop-align-left","8":"tablet-align-left","9":"mobile-align-left","11":"first","12":"instock","13":"product-type-external"},"brands":[{"id":18,"name":"TOPRAN","slug":"topran"}],"_links":{"self":[{"href":"https:\/\/www.autonvaraosahaku.fi\/index.php?rest_route=\/wp\/v2\/product\/20947","targetHints":{"allow":["GET"]}}],"collection":[{"href":"https:\/\/www.autonvaraosahaku.fi\/index.php?rest_route=\/wp\/v2\/product"}],"about":[{"href":"https:\/\/www.autonvaraosahaku.fi\/index.php?rest_route=\/wp\/v2\/types\/product"}],"wp:attachment":[{"href":"https:\/\/www.autonvaraosahaku.fi\/index.php?rest_route=%2Fwp%2Fv2%2Fmedia&parent=20947"}],"wp:term":[{"taxonomy":"pwb-brand","embeddable":true,"href":"https:\/\/www.autonvaraosahaku.fi\/index.php?rest_route=%2Fwp%2Fv2%2Fpwb-brand&post=20947"},{"taxonomy":"product_cat","embeddable":true,"href":"https:\/\/www.autonvaraosahaku.fi\/index.php?rest_route=%2Fwp%2Fv2%2Fproduct_cat&post=20947"},{"taxonomy":"product_tag","embeddable":true,"href":"https:\/\/www.autonvaraosahaku.fi\/index.php?rest_route=%2Fwp%2Fv2%2Fproduct_tag&post=20947"}],"curies":[{"name":"wp","href":"https:\/\/api.w.org\/{rel}","templated":true}]}}