{"id":20952,"date":"2021-02-21T14:42:02","date_gmt":"2021-02-21T14:42:02","guid":{"rendered":"https:\/\/www.autonvaraosahaku.fi\/?product=elwis-royal-6152801-kierretulppa"},"modified":"2021-02-21T14:42:04","modified_gmt":"2021-02-21T14:42:04","slug":"elwis-royal-6152801-kierretulppa","status":"publish","type":"product","link":"https:\/\/www.autonvaraosahaku.fi\/?product=elwis-royal-6152801-kierretulppa","title":{"rendered":"ELWIS ROYAL 6152801 Kierretulppa"},"content":{"rendered":"<p>Tarvittava kappalem\u00e4\u00e4r\u00e4: 1; Paksuus [mm]: 1,6; Materiaali: Alumiini; Sis\u00e4l\u00e4pimitta [mm]: 12,3; Ulkol\u00e4pimitta [mm]: 21; VW: TARO; LEXUS: IS II GSE2_, ALE2_, USE2_,RX MHU3_, GSU3_, MCU3_,IS I JCE1_, GXE1_,GS GRS19_, UZS19_, GWS19_,RX GYL1_, GGL15, AGL10,CT ZWA1_,GS UZS161, JZS160,IS SportCross,RX MCU15,IS III GSE3_, AVE3_,LS UVF4_, USF4_,LS UCF20,GS GRL1_, GWL1_,SC UZZ40_,LS UCF30,LS UCF10,GS JZS147,IS C GSE2_,LX UZJ100,GX _J12_,ES AVV6_, GSV6_, ASV6_,ES GSV4_, ACV4_,GX URJ15_,ES F1, F2,ES MCV_, VZV_,NX ZGZ1_, AGZ1_, AYZ1_,RX _L2_,RC GSC1_, USC1_,SC Coupe UZZ3_, JZZ3_; DAIHATSU: SIRION M3_,CUORE VII L251,CUORE VI L7_,CUORE VIII,MATERIA M4_,TERIOS J2_,TREVIS,SIRION M1,YRV M2,TERIOS J1,HIJET Kasten S85,COPEN L880_, L881_,FEROZA Soft Top F300,MOVE L6, L9,SPORTRAK F300,GRAN MOVE G3,FOURTRAK F7, F8,CHARADE IV G200, G202,CHARADE III G100, G101, G102,APPLAUSE II A101,APPLAUSE I A101, A111,ROCKY Soft Top F7, F8,CHARADE,HIJET Bus S85,CHARADE IV Stufenheck G203,HIJET Pick-up,EXTOL Bus S22_, S23_,CHARADE III Stufenheck G102; SUBARU: JUSTY IV,TREZIA; TOYOTA: YARIS SCP9_, NSP9_, KSP9_, NCP9_, ZSP9_,YARIS SCP1_, NLP1_, NCP1_,AVENSIS Kombi T25,COROLLA Verso ZER_, ZZE12_, R1_,AYGO WNB1_, KGB1_,AURIS NRE15_, ZZE15_, ADE15_, ZRE15_, NDE15_,RAV 4 III ACA3_, ACE_, ALA3_, GSA3_, ZSA3_,RAV 4 II CLA2_, XA2_, ZCA2_, ACA2_,COROLLA ZZE12_, NDE12_, ZDE12_,AVENSIS Station Wagon ZRT27, ADT27,VERSO _AUR2_, _ZGR2_,AVENSIS T25_,YARIS VERSO _NLP2_, _NCP2_,YARIS NHP13_, NSP13_, NCP13_, KSP13_, NLP13_,AURIS NZE18_, ZRE18_,STARLET EP91,COROLLA Kombi _E12J_, _E12T_,PRIUS Liftback NHW20_,AVENSIS Stufenheck T25,AVENSIS _T22_,COROLLA Liftback _E11_,AURIS TOURING SPORTS ADE18_, ZWE18_, ZRE18_,IQ KPJ1_, NGJ1_, KGJ1_, NUJ1_,COROLLA Compact _E11_,AVENSIS Station Wagon _T22_,RAV 4 I SXA1_,COROLLA Verso ZDE12_, CDE12_,CELICA ZZT23_,PRIUS ZVW3_,AVENSIS Stufenheck ZRT27, ADT27,RAV 4 IV ZSA4_, ALA4_,PREVIA MCR3_, ACR3_, CLR3_,LAND CRUISER KDJ12_, GRJ12_,HILUX III Pick-up TGN1_, GGN2_, GGN1_, KUN2_, KUN1_,VERSO S NLP12_, NCP12_, NSP12_,COROLLA Stufenheck _E12J_, _E1; CITRO\u00cbN: C1 PM_, PN_,C1 II; PEUGEOT: 107,108; GREAT WALL: TENGYI C10 Schr\u00e4gheck; ASTON MARTIN: CYGNET; LOTUS: ELISE,EVORA,EXIGE SCC_,EXIGE,EXIGE Cabriolet,2 ELEVEN; 6822AG, 9004430281, 9004430281000, 9043012031, 11137791818, 6822AG, 9008043037, 9043012031, 90430C0005; Tiiviste, \u00d6ljynlaskutulppa<\/p>\n","protected":false},"excerpt":{"rendered":"<p>ELWIS ROYAL \u00d6ljytulpan Tiiviste 6152801 Tiiviste, \u00d6ljynlaskutulppa VW,LEXUS,DAIHATSU,TARO,IS II GSE2_, ALE2_, USE2_,RX MHU3_, GSU3_, MCU3_<\/p>\n","protected":false},"featured_media":0,"template":"","meta":{"site-sidebar-layout":"default","site-content-layout":"default","ast-global-header-display":"","ast-main-header-display":"","ast-hfb-above-header-display":"","ast-hfb-below-header-display":"","ast-hfb-mobile-header-display":"","site-post-title":"","ast-breadcrumbs-content":"","ast-featured-img":"","footer-sml-layout":"","theme-transparent-header-meta":"","adv-header-id-meta":"","stick-header-meta":"","header-above-stick-meta":"","header-main-stick-meta":"","header-below-stick-meta":""},"pwb-brand":[120],"product_cat":[40],"product_tag":[],"class_list":{"0":"post-20952","1":"product","2":"type-product","3":"status-publish","5":"pwb-brand-elwis-royal","6":"product_cat-kierretulppa","7":"desktop-align-left","8":"tablet-align-left","9":"mobile-align-left","11":"first","12":"instock","13":"product-type-external"},"brands":[{"id":120,"name":"ELWIS ROYAL","slug":"elwis-royal"}],"_links":{"self":[{"href":"https:\/\/www.autonvaraosahaku.fi\/index.php?rest_route=\/wp\/v2\/product\/20952","targetHints":{"allow":["GET"]}}],"collection":[{"href":"https:\/\/www.autonvaraosahaku.fi\/index.php?rest_route=\/wp\/v2\/product"}],"about":[{"href":"https:\/\/www.autonvaraosahaku.fi\/index.php?rest_route=\/wp\/v2\/types\/product"}],"wp:attachment":[{"href":"https:\/\/www.autonvaraosahaku.fi\/index.php?rest_route=%2Fwp%2Fv2%2Fmedia&parent=20952"}],"wp:term":[{"taxonomy":"pwb-brand","embeddable":true,"href":"https:\/\/www.autonvaraosahaku.fi\/index.php?rest_route=%2Fwp%2Fv2%2Fpwb-brand&post=20952"},{"taxonomy":"product_cat","embeddable":true,"href":"https:\/\/www.autonvaraosahaku.fi\/index.php?rest_route=%2Fwp%2Fv2%2Fproduct_cat&post=20952"},{"taxonomy":"product_tag","embeddable":true,"href":"https:\/\/www.autonvaraosahaku.fi\/index.php?rest_route=%2Fwp%2Fv2%2Fproduct_tag&post=20952"}],"curies":[{"name":"wp","href":"https:\/\/api.w.org\/{rel}","templated":true}]}}