{"id":20960,"date":"2021-02-21T14:42:06","date_gmt":"2021-02-21T14:42:06","guid":{"rendered":"https:\/\/www.autonvaraosahaku.fi\/?product=era-770048a-polttoainepumppu"},"modified":"2021-02-21T14:42:06","modified_gmt":"2021-02-21T14:42:06","slug":"era-770048a-polttoainepumppu","status":"publish","type":"product","link":"https:\/\/www.autonvaraosahaku.fi\/?product=era-770048a-polttoainepumppu","title":{"rendered":"ERA 770048A Polttoainepumppu"},"content":{"rendered":"<p>Paino [kg]: 0,33; Paine (bar): 3; K\u00e4ytt\u00f6: S\u00e4hk\u00f6inen; Liittimi\u00e4: 2; Siirtom\u00e4\u00e4r\u00e4 (l\/h): 90; Suositellun tarvikkeen tuotenumero: 775046; VW: TRANSPORTER IV Bus 70XB, 70XC, 7DB, 7DW,TRANSPORTER III Bus,TARO,TRANSPORTER III Pritsche\/Fahrgestell; MAZDA: B-SERIE UN; SEAT: IBIZA I 021A,MALAGA 023A,RONDA 022A; JEEP: CHEROKEE XJ; LEXUS: IS II GSE2_, ALE2_, USE2_; HONDA: CIVIC V Stufenheck EG, EH; VOLVO: 940 II Kombi 945,240 Kombi P245,740 744,240 P242, P244,460 L 464,340-360 343, 345,940 II 944,260 P262, P264; DAIHATSU: FOURTRAK F7, F8,CHARADE III G100, G101, G102,ROCKY Soft Top F7, F8,CHARADE I G10; SAAB: 900 I Cabriolet,900 I Combi Coupe; MERCEDES-BENZ: Stufenheck W123,S-CLASS W126,E-CLASS W124,S-CLASS W140,COUPE W111,S-CLASS Coupe C126,100 Bus 631,SL Coupe C107,S-CLASS Coupe C140,T1 Bus 602; 145091, 34023301, 96007671, 9600767180, 71737902, 7555130, 7799543, 0815010, 815010, 90272744, 145091, 34023301, 96007671, 9600767180, 6000581612<\/p>\n","protected":false},"excerpt":{"rendered":"<p>ERA Polttoainepumppu 770048A  VW,MAZDA,SEAT,TRANSPORTER IV Bus 70XB, 70XC, 7DB, 7DW,TRANSPORTER III Bus,TARO,TRANSPORTER III Pritsche\/Fahrgestell<\/p>\n","protected":false},"featured_media":0,"template":"","meta":{"site-sidebar-layout":"default","site-content-layout":"default","ast-global-header-display":"","ast-main-header-display":"","ast-hfb-above-header-display":"","ast-hfb-below-header-display":"","ast-hfb-mobile-header-display":"","site-post-title":"","ast-breadcrumbs-content":"","ast-featured-img":"","footer-sml-layout":"","theme-transparent-header-meta":"","adv-header-id-meta":"","stick-header-meta":"","header-above-stick-meta":"","header-main-stick-meta":"","header-below-stick-meta":""},"pwb-brand":[64],"product_cat":[73],"product_tag":[],"class_list":{"0":"post-20960","1":"product","2":"type-product","3":"status-publish","5":"pwb-brand-era","6":"product_cat-polttoainepumppu","7":"desktop-align-left","8":"tablet-align-left","9":"mobile-align-left","11":"first","12":"instock","13":"product-type-external"},"brands":[{"id":64,"name":"ERA","slug":"era"}],"_links":{"self":[{"href":"https:\/\/www.autonvaraosahaku.fi\/index.php?rest_route=\/wp\/v2\/product\/20960","targetHints":{"allow":["GET"]}}],"collection":[{"href":"https:\/\/www.autonvaraosahaku.fi\/index.php?rest_route=\/wp\/v2\/product"}],"about":[{"href":"https:\/\/www.autonvaraosahaku.fi\/index.php?rest_route=\/wp\/v2\/types\/product"}],"wp:attachment":[{"href":"https:\/\/www.autonvaraosahaku.fi\/index.php?rest_route=%2Fwp%2Fv2%2Fmedia&parent=20960"}],"wp:term":[{"taxonomy":"pwb-brand","embeddable":true,"href":"https:\/\/www.autonvaraosahaku.fi\/index.php?rest_route=%2Fwp%2Fv2%2Fpwb-brand&post=20960"},{"taxonomy":"product_cat","embeddable":true,"href":"https:\/\/www.autonvaraosahaku.fi\/index.php?rest_route=%2Fwp%2Fv2%2Fproduct_cat&post=20960"},{"taxonomy":"product_tag","embeddable":true,"href":"https:\/\/www.autonvaraosahaku.fi\/index.php?rest_route=%2Fwp%2Fv2%2Fproduct_tag&post=20960"}],"curies":[{"name":"wp","href":"https:\/\/api.w.org\/{rel}","templated":true}]}}