{"id":20967,"date":"2021-02-21T14:42:06","date_gmt":"2021-02-21T14:42:06","guid":{"rendered":"https:\/\/www.autonvaraosahaku.fi\/?product=elring-635-580-tiivisteet"},"modified":"2021-02-21T14:42:07","modified_gmt":"2021-02-21T14:42:07","slug":"elring-635-580-tiivisteet","status":"publish","type":"product","link":"https:\/\/www.autonvaraosahaku.fi\/?product=elring-635-580-tiivisteet","title":{"rendered":"ELRING 635.580 Tiivisteet"},"content":{"rendered":"<p>Sis\u00e4l\u00e4pimitta [mm]: 14; Ulkol\u00e4pimitta [mm]: 18; Paksuus [mm]: 2; Materiaali: FPM (fluori-kumi); Muoto: O-rengas; BMW: 3 Touring E91,3 E90,5 E60,5 Touring E61,X3 E83,X5 E70,3 Coupe E92,3 Cabriolet E93,7 E65, E66, E67,X6 E71, E72; 06M115475, N90362001, WHT006777, 11421702905, 06M115475, N90362001, WHT006777, 06M115475, N90362001, WHT006777, 06M115475, N90362001, WHT006777<\/p>\n","protected":false},"excerpt":{"rendered":"<p>ELRING Rengastiiviste 635.580  BMW,3 Touring E91,3 E90,5 E60,5 Touring E61,X3 E83,X5 E70,3 Coupe E92,3 Cabriolet E93,7 E65, E66, E67,X6 E71, E72<\/p>\n","protected":false},"featured_media":0,"template":"","meta":{"site-sidebar-layout":"default","site-content-layout":"default","ast-global-header-display":"","ast-main-header-display":"","ast-hfb-above-header-display":"","ast-hfb-below-header-display":"","ast-hfb-mobile-header-display":"","site-post-title":"","ast-breadcrumbs-content":"","ast-featured-img":"","footer-sml-layout":"","theme-transparent-header-meta":"","adv-header-id-meta":"","stick-header-meta":"","header-above-stick-meta":"","header-main-stick-meta":"","header-below-stick-meta":""},"pwb-brand":[26],"product_cat":[27],"product_tag":[],"class_list":{"0":"post-20967","1":"product","2":"type-product","3":"status-publish","5":"pwb-brand-elring","6":"product_cat-tiivisteet","7":"desktop-align-left","8":"tablet-align-left","9":"mobile-align-left","11":"first","12":"instock","13":"product-type-external"},"brands":[{"id":26,"name":"ELRING","slug":"elring"}],"_links":{"self":[{"href":"https:\/\/www.autonvaraosahaku.fi\/index.php?rest_route=\/wp\/v2\/product\/20967","targetHints":{"allow":["GET"]}}],"collection":[{"href":"https:\/\/www.autonvaraosahaku.fi\/index.php?rest_route=\/wp\/v2\/product"}],"about":[{"href":"https:\/\/www.autonvaraosahaku.fi\/index.php?rest_route=\/wp\/v2\/types\/product"}],"wp:attachment":[{"href":"https:\/\/www.autonvaraosahaku.fi\/index.php?rest_route=%2Fwp%2Fv2%2Fmedia&parent=20967"}],"wp:term":[{"taxonomy":"pwb-brand","embeddable":true,"href":"https:\/\/www.autonvaraosahaku.fi\/index.php?rest_route=%2Fwp%2Fv2%2Fpwb-brand&post=20967"},{"taxonomy":"product_cat","embeddable":true,"href":"https:\/\/www.autonvaraosahaku.fi\/index.php?rest_route=%2Fwp%2Fv2%2Fproduct_cat&post=20967"},{"taxonomy":"product_tag","embeddable":true,"href":"https:\/\/www.autonvaraosahaku.fi\/index.php?rest_route=%2Fwp%2Fv2%2Fproduct_tag&post=20967"}],"curies":[{"name":"wp","href":"https:\/\/api.w.org\/{rel}","templated":true}]}}