{"id":20970,"date":"2021-02-21T14:42:06","date_gmt":"2021-02-21T14:42:06","guid":{"rendered":"https:\/\/www.autonvaraosahaku.fi\/?product=topran-115-647-oven-lukko"},"modified":"2021-02-21T14:42:08","modified_gmt":"2021-02-21T14:42:08","slug":"topran-115-647-oven-lukko","status":"publish","type":"product","link":"https:\/\/www.autonvaraosahaku.fi\/?product=topran-115-647-oven-lukko","title":{"rendered":"TOPRAN 115 647 Oven lukko"},"content":{"rendered":"<p>Asennuspuoli: Taakse, vasen; Napojen m\u00e4\u00e4r\u00e4: 7; Pistokkeen kotelon muoto: D-muoto; Mukavuusvarusteet: ajoneuvoille keskuslukituksella; parilliset tuotenumerot: 115 648; PR-numerolle: 4H3+4I2; VW: GOLF V 1K1,TOURAN 1T1, 1T2,GOLF PLUS 5M1, 521,TOURAN 1T3,TOUAREG 7LA, 7L6, 7L7,GOLF VI Variant AJ5,GOLF V Variant 1K5,JETTA III 1K2; SKODA: OCTAVIA Combi 1Z5,FABIA,FABIA Combi,OCTAVIA 1Z3; SEAT: ALTEA 5P1,TOLEDO III 5P2; 7L0839015, 7L0839015A, 7L0839015D, 7L0839015E, 7L0839015, 7L0839015A, 7L0839015D, 7L0839015E, 7L0839015, 7L0839015A, 7L0839015D, 7L0839015E; Ovilukko<\/p>\n","protected":false},"excerpt":{"rendered":"<p>TOPRAN Oven Lukko 115 647 Ovilukko VW,SKODA,SEAT,GOLF V 1K1,TOURAN 1T1, 1T2,GOLF PLUS 5M1, 521,TOURAN 1T3,TOUAREG 7LA, 7L6, 7L7,GOLF VI Variant AJ5<\/p>\n","protected":false},"featured_media":0,"template":"","meta":{"site-sidebar-layout":"default","site-content-layout":"default","ast-global-header-display":"","ast-main-header-display":"","ast-hfb-above-header-display":"","ast-hfb-below-header-display":"","ast-hfb-mobile-header-display":"","site-post-title":"","ast-breadcrumbs-content":"","ast-featured-img":"","footer-sml-layout":"","theme-transparent-header-meta":"","adv-header-id-meta":"","stick-header-meta":"","header-above-stick-meta":"","header-main-stick-meta":"","header-below-stick-meta":""},"pwb-brand":[18],"product_cat":[46],"product_tag":[],"class_list":{"0":"post-20970","1":"product","2":"type-product","3":"status-publish","5":"pwb-brand-topran","6":"product_cat-oven-lukko","7":"desktop-align-left","8":"tablet-align-left","9":"mobile-align-left","11":"first","12":"instock","13":"product-type-external"},"brands":[{"id":18,"name":"TOPRAN","slug":"topran"}],"_links":{"self":[{"href":"https:\/\/www.autonvaraosahaku.fi\/index.php?rest_route=\/wp\/v2\/product\/20970","targetHints":{"allow":["GET"]}}],"collection":[{"href":"https:\/\/www.autonvaraosahaku.fi\/index.php?rest_route=\/wp\/v2\/product"}],"about":[{"href":"https:\/\/www.autonvaraosahaku.fi\/index.php?rest_route=\/wp\/v2\/types\/product"}],"wp:attachment":[{"href":"https:\/\/www.autonvaraosahaku.fi\/index.php?rest_route=%2Fwp%2Fv2%2Fmedia&parent=20970"}],"wp:term":[{"taxonomy":"pwb-brand","embeddable":true,"href":"https:\/\/www.autonvaraosahaku.fi\/index.php?rest_route=%2Fwp%2Fv2%2Fpwb-brand&post=20970"},{"taxonomy":"product_cat","embeddable":true,"href":"https:\/\/www.autonvaraosahaku.fi\/index.php?rest_route=%2Fwp%2Fv2%2Fproduct_cat&post=20970"},{"taxonomy":"product_tag","embeddable":true,"href":"https:\/\/www.autonvaraosahaku.fi\/index.php?rest_route=%2Fwp%2Fv2%2Fproduct_tag&post=20970"}],"curies":[{"name":"wp","href":"https:\/\/api.w.org\/{rel}","templated":true}]}}