{"id":20984,"date":"2021-02-21T14:42:10","date_gmt":"2021-02-21T14:42:10","guid":{"rendered":"https:\/\/www.autonvaraosahaku.fi\/?product=schrader-3188-anturit-sensorit"},"modified":"2021-02-21T14:42:11","modified_gmt":"2021-02-21T14:42:11","slug":"schrader-3188-anturit-sensorit","status":"publish","type":"product","link":"https:\/\/www.autonvaraosahaku.fi\/?product=schrader-3188-anturit-sensorit","title":{"rendered":"SCHRADER 3188 Anturit (sensorit)"},"content":{"rendered":"<p>Suurin sallittu nopeus (km\/h): 250; Kiristysmomentti: 8; Tarkistuskilpi: CE; Korvaava tuote\/korvaava tiedote 2: Uralla, Venttiileill\u00e4; Varusteet: ajoneuvoille rengaspaineentarkkailulla; Asennusmalli: Poltti\/ruuvi; Tunnuskirjain: 3188; Taajuusalue [Mhz]: 433; Valmistusvuosi alkaen: 03\/2014; FORD USA: MUSTANG Coupe,MUSTANG Convertible; FORD: RANGER TKE,ECOSPORT,TRANSIT CUSTOM Kasten,TOURNEO CUSTOM Bus,TRANSIT CUSTOM Bus,TOURNEO CONNECT \/ GRAND TOURNEO CONNECT Kombi,TRANSIT CONNECT Kasten,MONDEO V Turnier,S-MAX,MONDEO V Stufenheck,TRANSIT Custom  Bus,FIESTA VII,GALAXY,MONDEO V Schr\u00e4gheck,TRANSIT CONNECT Kombi,TRANSIT COURIER Kasten; 3188FR3V1A180CB; Rengaspainevalvonta,Py\u00f6r\u00e4anturi, Rengaspaine<\/p>\n","protected":false},"excerpt":{"rendered":"<p>SCHRADER Rengaspainetunnistimet 3188 Rengaspainevalvonta,Py\u00f6r\u00e4anturi, Rengaspaine FORD USA,FORD,MUSTANG Coupe,MUSTANG Convertible,RANGER TKE,ECOSPORT<\/p>\n","protected":false},"featured_media":0,"template":"","meta":{"site-sidebar-layout":"default","site-content-layout":"default","ast-global-header-display":"","ast-main-header-display":"","ast-hfb-above-header-display":"","ast-hfb-below-header-display":"","ast-hfb-mobile-header-display":"","site-post-title":"","ast-breadcrumbs-content":"","ast-featured-img":"","footer-sml-layout":"","theme-transparent-header-meta":"","adv-header-id-meta":"","stick-header-meta":"","header-above-stick-meta":"","header-main-stick-meta":"","header-below-stick-meta":""},"pwb-brand":[97],"product_cat":[98],"product_tag":[],"class_list":{"0":"post-20984","1":"product","2":"type-product","3":"status-publish","5":"pwb-brand-schrader","6":"product_cat-anturit-sensorit","7":"desktop-align-left","8":"tablet-align-left","9":"mobile-align-left","11":"first","12":"instock","13":"product-type-external"},"brands":[{"id":97,"name":"SCHRADER","slug":"schrader"}],"_links":{"self":[{"href":"https:\/\/www.autonvaraosahaku.fi\/index.php?rest_route=\/wp\/v2\/product\/20984","targetHints":{"allow":["GET"]}}],"collection":[{"href":"https:\/\/www.autonvaraosahaku.fi\/index.php?rest_route=\/wp\/v2\/product"}],"about":[{"href":"https:\/\/www.autonvaraosahaku.fi\/index.php?rest_route=\/wp\/v2\/types\/product"}],"wp:attachment":[{"href":"https:\/\/www.autonvaraosahaku.fi\/index.php?rest_route=%2Fwp%2Fv2%2Fmedia&parent=20984"}],"wp:term":[{"taxonomy":"pwb-brand","embeddable":true,"href":"https:\/\/www.autonvaraosahaku.fi\/index.php?rest_route=%2Fwp%2Fv2%2Fpwb-brand&post=20984"},{"taxonomy":"product_cat","embeddable":true,"href":"https:\/\/www.autonvaraosahaku.fi\/index.php?rest_route=%2Fwp%2Fv2%2Fproduct_cat&post=20984"},{"taxonomy":"product_tag","embeddable":true,"href":"https:\/\/www.autonvaraosahaku.fi\/index.php?rest_route=%2Fwp%2Fv2%2Fproduct_tag&post=20984"}],"curies":[{"name":"wp","href":"https:\/\/api.w.org\/{rel}","templated":true}]}}