{"id":20989,"date":"2021-02-21T14:42:10","date_gmt":"2021-02-21T14:42:10","guid":{"rendered":"https:\/\/www.autonvaraosahaku.fi\/?product=daco-germany-562722-iskunvaimennin"},"modified":"2021-02-21T14:42:12","modified_gmt":"2021-02-21T14:42:12","slug":"daco-germany-562722-iskunvaimennin","status":"publish","type":"product","link":"https:\/\/www.autonvaraosahaku.fi\/?product=daco-germany-562722-iskunvaimennin","title":{"rendered":"DACO Germany 562722 Iskunvaimennin"},"content":{"rendered":"<p>Asennuspuoli: Taka-akseli; Iskunvaimennin tyyppi: Kaasupaine; Iskunvaimennusj\u00e4rjestelm\u00e4: Kaksiputki; Iskunvaimennin asennustapa: Tappi ylh\u00e4\u00e4ll\u00e4, Silmukka alhaalla; Valmistusvuoteen: 09\/2010; OPEL: AGILA B H08; SUZUKI: SWIFT III MZ, EZ,SWIFT IV FZ, NZ,SPLASH; 4180057K00, 4180062J00, 4708275, 93193098, 4180051KA0, 4180057KA1000, 4180062J01000, 4180063J02000, 4180068L00; Iskarit,Iskunvaimennin<\/p>\n","protected":false},"excerpt":{"rendered":"<p>DACO Germany Iskunvaimentimet 562722 Iskarit,Iskunvaimennin OPEL,SUZUKI,AGILA B H08,SWIFT III MZ, EZ,SWIFT IV FZ, NZ,SPLASH<\/p>\n","protected":false},"featured_media":0,"template":"","meta":{"site-sidebar-layout":"default","site-content-layout":"default","ast-global-header-display":"","ast-main-header-display":"","ast-hfb-above-header-display":"","ast-hfb-below-header-display":"","ast-hfb-mobile-header-display":"","site-post-title":"","ast-breadcrumbs-content":"","ast-featured-img":"","footer-sml-layout":"","theme-transparent-header-meta":"","adv-header-id-meta":"","stick-header-meta":"","header-above-stick-meta":"","header-main-stick-meta":"","header-below-stick-meta":""},"pwb-brand":[349],"product_cat":[80],"product_tag":[],"class_list":{"0":"post-20989","1":"product","2":"type-product","3":"status-publish","5":"pwb-brand-daco-germany","6":"product_cat-iskunvaimennin","7":"desktop-align-left","8":"tablet-align-left","9":"mobile-align-left","11":"first","12":"instock","13":"product-type-external"},"brands":[{"id":349,"name":"DACO Germany","slug":"daco-germany"}],"_links":{"self":[{"href":"https:\/\/www.autonvaraosahaku.fi\/index.php?rest_route=\/wp\/v2\/product\/20989","targetHints":{"allow":["GET"]}}],"collection":[{"href":"https:\/\/www.autonvaraosahaku.fi\/index.php?rest_route=\/wp\/v2\/product"}],"about":[{"href":"https:\/\/www.autonvaraosahaku.fi\/index.php?rest_route=\/wp\/v2\/types\/product"}],"wp:attachment":[{"href":"https:\/\/www.autonvaraosahaku.fi\/index.php?rest_route=%2Fwp%2Fv2%2Fmedia&parent=20989"}],"wp:term":[{"taxonomy":"pwb-brand","embeddable":true,"href":"https:\/\/www.autonvaraosahaku.fi\/index.php?rest_route=%2Fwp%2Fv2%2Fpwb-brand&post=20989"},{"taxonomy":"product_cat","embeddable":true,"href":"https:\/\/www.autonvaraosahaku.fi\/index.php?rest_route=%2Fwp%2Fv2%2Fproduct_cat&post=20989"},{"taxonomy":"product_tag","embeddable":true,"href":"https:\/\/www.autonvaraosahaku.fi\/index.php?rest_route=%2Fwp%2Fv2%2Fproduct_tag&post=20989"}],"curies":[{"name":"wp","href":"https:\/\/api.w.org\/{rel}","templated":true}]}}