{"id":20991,"date":"2021-02-21T14:42:10","date_gmt":"2021-02-21T14:42:10","guid":{"rendered":"https:\/\/www.autonvaraosahaku.fi\/?product=daco-germany-560622-iskunvaimennin"},"modified":"2021-02-21T14:42:12","modified_gmt":"2021-02-21T14:42:12","slug":"daco-germany-560622-iskunvaimennin","status":"publish","type":"product","link":"https:\/\/www.autonvaraosahaku.fi\/?product=daco-germany-560622-iskunvaimennin","title":{"rendered":"DACO Germany 560622 Iskunvaimennin"},"content":{"rendered":"<p>Asennuspuoli: Taka-akseli; Iskunvaimennin tyyppi: Kaasupaine; Iskunvaimennusj\u00e4rjestelm\u00e4: Kaksiputki; Iskunvaimennin asennustapa: Silmukka ylh\u00e4\u00e4ll\u00e4, Silmukka alhaalla; suurin pituus [mm]: 400; Valmistusvuosi alkaen: 01\/1998; FIAT: ULYSSE 179AX,ULYSSE 220; PEUGEOT: 807 E,806 221; CITRO\u00cbN: C8 EA_, EB_,EVASION 22, U6; LANCIA: PHEDRA 179,ZETA 220; 00005206R4, 1490901080, 1495866080, 5206AE, 5206AQ, 5206AR, 5206N9, 5206P0, 5206P1, 5206P4, 5206R1, 5206R3, 5206R4, 5206ST, 5206SV, 5206Z3, 5206Z4, 9630053087, 9633627387, 9633627587, 1401252888, 1401266180, 1495575080, 1498473087, 9630053387, 9632349487, 9632349587, 5206AC; Iskarit,Iskunvaimennin<\/p>\n","protected":false},"excerpt":{"rendered":"<p>DACO Germany Iskunvaimentimet 560622 Iskarit,Iskunvaimennin FIAT,PEUGEOT,CITRO\u00cbN,ULYSSE 179AX,ULYSSE 220,807 E,806 221,C8 EA_, EB_,EVASION 22, U6<\/p>\n","protected":false},"featured_media":0,"template":"","meta":{"site-sidebar-layout":"default","site-content-layout":"default","ast-global-header-display":"","ast-main-header-display":"","ast-hfb-above-header-display":"","ast-hfb-below-header-display":"","ast-hfb-mobile-header-display":"","site-post-title":"","ast-breadcrumbs-content":"","ast-featured-img":"","footer-sml-layout":"","theme-transparent-header-meta":"","adv-header-id-meta":"","stick-header-meta":"","header-above-stick-meta":"","header-main-stick-meta":"","header-below-stick-meta":""},"pwb-brand":[349],"product_cat":[80],"product_tag":[],"class_list":{"0":"post-20991","1":"product","2":"type-product","3":"status-publish","5":"pwb-brand-daco-germany","6":"product_cat-iskunvaimennin","7":"desktop-align-left","8":"tablet-align-left","9":"mobile-align-left","11":"first","12":"instock","13":"product-type-external"},"brands":[{"id":349,"name":"DACO Germany","slug":"daco-germany"}],"_links":{"self":[{"href":"https:\/\/www.autonvaraosahaku.fi\/index.php?rest_route=\/wp\/v2\/product\/20991","targetHints":{"allow":["GET"]}}],"collection":[{"href":"https:\/\/www.autonvaraosahaku.fi\/index.php?rest_route=\/wp\/v2\/product"}],"about":[{"href":"https:\/\/www.autonvaraosahaku.fi\/index.php?rest_route=\/wp\/v2\/types\/product"}],"wp:attachment":[{"href":"https:\/\/www.autonvaraosahaku.fi\/index.php?rest_route=%2Fwp%2Fv2%2Fmedia&parent=20991"}],"wp:term":[{"taxonomy":"pwb-brand","embeddable":true,"href":"https:\/\/www.autonvaraosahaku.fi\/index.php?rest_route=%2Fwp%2Fv2%2Fpwb-brand&post=20991"},{"taxonomy":"product_cat","embeddable":true,"href":"https:\/\/www.autonvaraosahaku.fi\/index.php?rest_route=%2Fwp%2Fv2%2Fproduct_cat&post=20991"},{"taxonomy":"product_tag","embeddable":true,"href":"https:\/\/www.autonvaraosahaku.fi\/index.php?rest_route=%2Fwp%2Fv2%2Fproduct_tag&post=20991"}],"curies":[{"name":"wp","href":"https:\/\/api.w.org\/{rel}","templated":true}]}}