{"id":20995,"date":"2021-02-21T14:42:10","date_gmt":"2021-02-21T14:42:10","guid":{"rendered":"https:\/\/www.autonvaraosahaku.fi\/?product=hjs-91-11-1672-keskimmainen-aanenvaimennin"},"modified":"2021-02-21T14:42:12","modified_gmt":"2021-02-21T14:42:12","slug":"hjs-91-11-1672-keskimmainen-aanenvaimennin","status":"publish","type":"product","link":"https:\/\/www.autonvaraosahaku.fi\/?product=hjs-91-11-1672-keskimmainen-aanenvaimennin","title":{"rendered":"HJS 91 11 1672 Keskimm\u00e4inen \u00e4\u00e4nenvaimennin"},"content":{"rendered":"<p>Asennuspuoli: Edess\u00e4; Pakoputkisto: Katalysaattoria varten; Korvaava tuote\/korvaava tiedote 2: Kiinnitysmateriaalilla; Valmistusvuosi alkaen: 07\/1999; VW: LUPO 6X1, 6E1,POLO 6N2; SEAT: AROSA 6H; 6N0253058NX, 6N0253058PX, 6N0253058RX, 6N0253208CF, 6N0253208DR, 6N0253208DS, 6N0253208EC, 6N0253208EF, 6X0253058CX, 6X0253058DX, 6X0253058EX, 6X0253058MX, 6X0253208AB, 6N0253058NX, 6N0253058PX, 6N0253058RX, 6N0253058SX, 6N0253208AF, 6N0253208CF, 6N0253208CK, 6N0253208DR, 6N0253208DS, 6N0253208DT, 6N0253208EA, 6N0253208EC, 6N0253208EF, 6X0253058CX, 6X0253058DX, 6X0253058EX, 6X0253058HX, 6X0253058KX, 6X0253058LX, 6X0253058MX, 6X0253058NX, 6X0253208AB, 6X0253208AC, 6X0253208AD, 6X0253208AE<\/p>\n","protected":false},"excerpt":{"rendered":"<p>HJS Pakoputki 91 11 1672  VW,SEAT,LUPO 6X1, 6E1,POLO 6N2,AROSA 6H<\/p>\n","protected":false},"featured_media":0,"template":"","meta":{"site-sidebar-layout":"default","site-content-layout":"default","ast-global-header-display":"","ast-main-header-display":"","ast-hfb-above-header-display":"","ast-hfb-below-header-display":"","ast-hfb-mobile-header-display":"","site-post-title":"","ast-breadcrumbs-content":"","ast-featured-img":"","footer-sml-layout":"","theme-transparent-header-meta":"","adv-header-id-meta":"","stick-header-meta":"","header-above-stick-meta":"","header-main-stick-meta":"","header-below-stick-meta":""},"pwb-brand":[344],"product_cat":[212],"product_tag":[],"class_list":{"0":"post-20995","1":"product","2":"type-product","3":"status-publish","5":"pwb-brand-hjs","6":"product_cat-keskimmainen-aanenvaimennin","7":"desktop-align-left","8":"tablet-align-left","9":"mobile-align-left","11":"first","12":"instock","13":"product-type-external"},"brands":[{"id":344,"name":"HJS","slug":"hjs"}],"_links":{"self":[{"href":"https:\/\/www.autonvaraosahaku.fi\/index.php?rest_route=\/wp\/v2\/product\/20995","targetHints":{"allow":["GET"]}}],"collection":[{"href":"https:\/\/www.autonvaraosahaku.fi\/index.php?rest_route=\/wp\/v2\/product"}],"about":[{"href":"https:\/\/www.autonvaraosahaku.fi\/index.php?rest_route=\/wp\/v2\/types\/product"}],"wp:attachment":[{"href":"https:\/\/www.autonvaraosahaku.fi\/index.php?rest_route=%2Fwp%2Fv2%2Fmedia&parent=20995"}],"wp:term":[{"taxonomy":"pwb-brand","embeddable":true,"href":"https:\/\/www.autonvaraosahaku.fi\/index.php?rest_route=%2Fwp%2Fv2%2Fpwb-brand&post=20995"},{"taxonomy":"product_cat","embeddable":true,"href":"https:\/\/www.autonvaraosahaku.fi\/index.php?rest_route=%2Fwp%2Fv2%2Fproduct_cat&post=20995"},{"taxonomy":"product_tag","embeddable":true,"href":"https:\/\/www.autonvaraosahaku.fi\/index.php?rest_route=%2Fwp%2Fv2%2Fproduct_tag&post=20995"}],"curies":[{"name":"wp","href":"https:\/\/api.w.org\/{rel}","templated":true}]}}