{"id":21001,"date":"2021-02-21T14:42:14","date_gmt":"2021-02-21T14:42:14","guid":{"rendered":"https:\/\/www.autonvaraosahaku.fi\/?product=bugiad-81963-ahdinletku"},"modified":"2021-02-21T14:42:15","modified_gmt":"2021-02-21T14:42:15","slug":"bugiad-81963-ahdinletku","status":"publish","type":"product","link":"https:\/\/www.autonvaraosahaku.fi\/?product=bugiad-81963-ahdinletku","title":{"rendered":"BUGIAD 81963 Ahdinletku"},"content":{"rendered":"<p>Tuotenumerolle: 95383819; Sein\u00e4paksuus [mm]: 5; Sis\u00e4l\u00e4pimitta 1 [mm]: 60; Sis\u00e4l\u00e4pimitta 2 [mm]: 60; Varustelumahdollisuudet: Reparatursatz; Asennuspuoli: Etu, vasen, Ahtoilmaj\u00e4\u00e4hdytin, Vasen; parilliset tuotenumerot: 81964; CHEVROLET: CAPTIVA C100, C140; OPEL: ANTARA; 22737400, 4819364, 4820968, 835107, 835108, 95047790, 95383819, 95909218, 95909219, 22737400, 4819364, 4820968, 835107, 835108, 95047790, 95383819, 95909218, 95909219; Turbon Letkut,Turbon Putket<\/p>\n","protected":false},"excerpt":{"rendered":"<p>BUGIAD Ahdinletku 81963 Turbon Letkut,Turbon Putket CHEVROLET,OPEL,CAPTIVA C100, C140,ANTARA<\/p>\n","protected":false},"featured_media":0,"template":"","meta":{"site-sidebar-layout":"default","site-content-layout":"default","ast-global-header-display":"","ast-main-header-display":"","ast-hfb-above-header-display":"","ast-hfb-below-header-display":"","ast-hfb-mobile-header-display":"","site-post-title":"","ast-breadcrumbs-content":"","ast-featured-img":"","footer-sml-layout":"","theme-transparent-header-meta":"","adv-header-id-meta":"","stick-header-meta":"","header-above-stick-meta":"","header-main-stick-meta":"","header-below-stick-meta":""},"pwb-brand":[373],"product_cat":[113],"product_tag":[],"class_list":{"0":"post-21001","1":"product","2":"type-product","3":"status-publish","5":"pwb-brand-bugiad","6":"product_cat-ahdinletku","7":"desktop-align-left","8":"tablet-align-left","9":"mobile-align-left","11":"first","12":"instock","13":"product-type-external"},"brands":[{"id":373,"name":"BUGIAD","slug":"bugiad"}],"_links":{"self":[{"href":"https:\/\/www.autonvaraosahaku.fi\/index.php?rest_route=\/wp\/v2\/product\/21001","targetHints":{"allow":["GET"]}}],"collection":[{"href":"https:\/\/www.autonvaraosahaku.fi\/index.php?rest_route=\/wp\/v2\/product"}],"about":[{"href":"https:\/\/www.autonvaraosahaku.fi\/index.php?rest_route=\/wp\/v2\/types\/product"}],"wp:attachment":[{"href":"https:\/\/www.autonvaraosahaku.fi\/index.php?rest_route=%2Fwp%2Fv2%2Fmedia&parent=21001"}],"wp:term":[{"taxonomy":"pwb-brand","embeddable":true,"href":"https:\/\/www.autonvaraosahaku.fi\/index.php?rest_route=%2Fwp%2Fv2%2Fpwb-brand&post=21001"},{"taxonomy":"product_cat","embeddable":true,"href":"https:\/\/www.autonvaraosahaku.fi\/index.php?rest_route=%2Fwp%2Fv2%2Fproduct_cat&post=21001"},{"taxonomy":"product_tag","embeddable":true,"href":"https:\/\/www.autonvaraosahaku.fi\/index.php?rest_route=%2Fwp%2Fv2%2Fproduct_tag&post=21001"}],"curies":[{"name":"wp","href":"https:\/\/api.w.org\/{rel}","templated":true}]}}