{"id":21019,"date":"2021-02-21T14:42:18","date_gmt":"2021-02-21T14:42:18","guid":{"rendered":"https:\/\/www.autonvaraosahaku.fi\/?product=febi-bilstein-108471-jarrulevyt"},"modified":"2021-02-21T14:42:19","modified_gmt":"2021-02-21T14:42:19","slug":"febi-bilstein-108471-jarrulevyt","status":"publish","type":"product","link":"https:\/\/www.autonvaraosahaku.fi\/?product=febi-bilstein-108471-jarrulevyt","title":{"rendered":"FEBI BILSTEIN 108471 Jarrulevyt"},"content":{"rendered":"<p>Jarrulevyn paksuus (mm): 22,5; Kiinnitysreikien lukum\u00e4\u00e4r\u00e4: 6; Paksuus [mm]: 71,0; Ulkol\u00e4pimitta [mm]: 318,0; Reik\u00e4ympyr\u00e4-\u00d8 [mm]: 139,7; Pinta: pinnoitettu; Jarrulevytyyppi: Tuuletettu, sis\u00e4; Asennuspuoli: Etuakseli; V\u00e4himm\u00e4ispaksuus (mm): 20,5; Paino [kg]: 6,840; keskitt\u00e4misl\u00e4pimitta [mm]: 108, 108; Py\u00f6r\u00e4n l\u00e4pimitta [Zoll]: 16; TOYOTA: LAND CRUISER 90 _J9_,4 RUNNER KZN18_, VZN18_, RZN18_; 4351235210, 4351260120; Jarrulevy<\/p>\n","protected":false},"excerpt":{"rendered":"<p>FEBI BILSTEIN Jarrulevyt 108471 Jarrulevy TOYOTA,LAND CRUISER 90 _J9_,4 RUNNER KZN18_, VZN18_, RZN18_<\/p>\n","protected":false},"featured_media":0,"template":"","meta":{"site-sidebar-layout":"default","site-content-layout":"default","ast-global-header-display":"","ast-main-header-display":"","ast-hfb-above-header-display":"","ast-hfb-below-header-display":"","ast-hfb-mobile-header-display":"","site-post-title":"","ast-breadcrumbs-content":"","ast-featured-img":"","footer-sml-layout":"","theme-transparent-header-meta":"","adv-header-id-meta":"","stick-header-meta":"","header-above-stick-meta":"","header-main-stick-meta":"","header-below-stick-meta":""},"pwb-brand":[50],"product_cat":[66],"product_tag":[],"class_list":{"0":"post-21019","1":"product","2":"type-product","3":"status-publish","5":"pwb-brand-febi-bilstein","6":"product_cat-jarrulevyt","7":"desktop-align-left","8":"tablet-align-left","9":"mobile-align-left","11":"first","12":"instock","13":"product-type-external"},"brands":[{"id":50,"name":"FEBI BILSTEIN","slug":"febi-bilstein"}],"_links":{"self":[{"href":"https:\/\/www.autonvaraosahaku.fi\/index.php?rest_route=\/wp\/v2\/product\/21019","targetHints":{"allow":["GET"]}}],"collection":[{"href":"https:\/\/www.autonvaraosahaku.fi\/index.php?rest_route=\/wp\/v2\/product"}],"about":[{"href":"https:\/\/www.autonvaraosahaku.fi\/index.php?rest_route=\/wp\/v2\/types\/product"}],"wp:attachment":[{"href":"https:\/\/www.autonvaraosahaku.fi\/index.php?rest_route=%2Fwp%2Fv2%2Fmedia&parent=21019"}],"wp:term":[{"taxonomy":"pwb-brand","embeddable":true,"href":"https:\/\/www.autonvaraosahaku.fi\/index.php?rest_route=%2Fwp%2Fv2%2Fpwb-brand&post=21019"},{"taxonomy":"product_cat","embeddable":true,"href":"https:\/\/www.autonvaraosahaku.fi\/index.php?rest_route=%2Fwp%2Fv2%2Fproduct_cat&post=21019"},{"taxonomy":"product_tag","embeddable":true,"href":"https:\/\/www.autonvaraosahaku.fi\/index.php?rest_route=%2Fwp%2Fv2%2Fproduct_tag&post=21019"}],"curies":[{"name":"wp","href":"https:\/\/api.w.org\/{rel}","templated":true}]}}