{"id":21022,"date":"2021-02-21T14:42:18","date_gmt":"2021-02-21T14:42:18","guid":{"rendered":"https:\/\/www.autonvaraosahaku.fi\/?product=topran-821-202-lammityslaitteen-puhaltimen-vastus"},"modified":"2021-02-21T14:42:19","modified_gmt":"2021-02-21T14:42:19","slug":"topran-821-202-lammityslaitteen-puhaltimen-vastus","status":"publish","type":"product","link":"https:\/\/www.autonvaraosahaku.fi\/?product=topran-821-202-lammityslaitteen-puhaltimen-vastus","title":{"rendered":"TOPRAN 821 202 L\u00e4mmityslaitteen puhaltimen vastus"},"content":{"rendered":"<p>Lis\u00e4tarvike\/lis\u00e4tieto: Tiivisteill\u00e4; Vasen \/ oikea liikenne: f\u00fcr Linkslenker; KIA: SORENTO I JC,SPORTAGE JE_, KM_,RIO II JB,CARENS III UN,CARNIVAL \/ GRAND CARNIVAL III VQ,RIO II Stufenheck JB; HYUNDAI: TUCSON JM; 971791F200, 971791F210, 971792E200, 971791F200, 971791F210, 971792E200<\/p>\n","protected":false},"excerpt":{"rendered":"<p>TOPRAN S\u00e4\u00e4din, Sis\u00e4valaistus 821 202  KIA,HYUNDAI,SORENTO I JC,SPORTAGE JE_, KM_,RIO II JB,CARENS III UN,CARNIVAL \/ GRAND CARNIVAL III VQ<\/p>\n","protected":false},"featured_media":0,"template":"","meta":{"site-sidebar-layout":"default","site-content-layout":"default","ast-global-header-display":"","ast-main-header-display":"","ast-hfb-above-header-display":"","ast-hfb-below-header-display":"","ast-hfb-mobile-header-display":"","site-post-title":"","ast-breadcrumbs-content":"","ast-featured-img":"","footer-sml-layout":"","theme-transparent-header-meta":"","adv-header-id-meta":"","stick-header-meta":"","header-above-stick-meta":"","header-main-stick-meta":"","header-below-stick-meta":""},"pwb-brand":[18],"product_cat":[134],"product_tag":[],"class_list":{"0":"post-21022","1":"product","2":"type-product","3":"status-publish","5":"pwb-brand-topran","6":"product_cat-lammityslaitteen-puhaltimen-vastus","7":"desktop-align-left","8":"tablet-align-left","9":"mobile-align-left","11":"first","12":"instock","13":"product-type-external"},"brands":[{"id":18,"name":"TOPRAN","slug":"topran"}],"_links":{"self":[{"href":"https:\/\/www.autonvaraosahaku.fi\/index.php?rest_route=\/wp\/v2\/product\/21022","targetHints":{"allow":["GET"]}}],"collection":[{"href":"https:\/\/www.autonvaraosahaku.fi\/index.php?rest_route=\/wp\/v2\/product"}],"about":[{"href":"https:\/\/www.autonvaraosahaku.fi\/index.php?rest_route=\/wp\/v2\/types\/product"}],"wp:attachment":[{"href":"https:\/\/www.autonvaraosahaku.fi\/index.php?rest_route=%2Fwp%2Fv2%2Fmedia&parent=21022"}],"wp:term":[{"taxonomy":"pwb-brand","embeddable":true,"href":"https:\/\/www.autonvaraosahaku.fi\/index.php?rest_route=%2Fwp%2Fv2%2Fpwb-brand&post=21022"},{"taxonomy":"product_cat","embeddable":true,"href":"https:\/\/www.autonvaraosahaku.fi\/index.php?rest_route=%2Fwp%2Fv2%2Fproduct_cat&post=21022"},{"taxonomy":"product_tag","embeddable":true,"href":"https:\/\/www.autonvaraosahaku.fi\/index.php?rest_route=%2Fwp%2Fv2%2Fproduct_tag&post=21022"}],"curies":[{"name":"wp","href":"https:\/\/api.w.org\/{rel}","templated":true}]}}