{"id":21073,"date":"2021-02-21T14:42:27","date_gmt":"2021-02-21T14:42:27","guid":{"rendered":"https:\/\/www.autonvaraosahaku.fi\/?product=ackoja-a52-0507-oljynsuodatin"},"modified":"2021-02-21T14:42:29","modified_gmt":"2021-02-21T14:42:29","slug":"ackoja-a52-0507-oljynsuodatin","status":"publish","type":"product","link":"https:\/\/www.autonvaraosahaku.fi\/?product=ackoja-a52-0507-oljynsuodatin","title":{"rendered":"ACKOJA A52-0507 \u00d6ljynsuodatin"},"content":{"rendered":"<p>Pituus (mm): 64; Leveys (mm): 64; Korkeus (mm): 85; Sis\u00e4l\u00e4pimitta [mm]: 36; Ulkol\u00e4pimitta [mm]: 64; Vasen \/ oikea liikenne: f\u00fcr Linkslenker; KIA: CEE&#8217;D SW ED,CEE&#8217;D Schr\u00e4gheck ED,PRO CEE&#8217;D ED,MAGENTIS MG; HYUNDAI: GETZ TB,MATRIX FC,ACCENT II LC,ACCENT II Stufenheck LC; 2632027100<\/p>\n","protected":false},"excerpt":{"rendered":"<p>ACKOJA \u00d6ljynsuodatin Original ACKOJA Quality A52-0507  KIA,HYUNDAI,CEE&#8217;D SW ED,CEE&#8217;D Schr\u00e4gheck ED,PRO CEE&#8217;D ED,MAGENTIS MG,GETZ TB,MATRIX FC<\/p>\n","protected":false},"featured_media":0,"template":"","meta":{"site-sidebar-layout":"default","site-content-layout":"default","ast-global-header-display":"","ast-main-header-display":"","ast-hfb-above-header-display":"","ast-hfb-below-header-display":"","ast-hfb-mobile-header-display":"","site-post-title":"","ast-breadcrumbs-content":"","ast-featured-img":"","footer-sml-layout":"","theme-transparent-header-meta":"","adv-header-id-meta":"","stick-header-meta":"","header-above-stick-meta":"","header-main-stick-meta":"","header-below-stick-meta":""},"pwb-brand":[386],"product_cat":[30],"product_tag":[],"class_list":{"0":"post-21073","1":"product","2":"type-product","3":"status-publish","5":"pwb-brand-ackoja","6":"product_cat-oljynsuodatin","7":"desktop-align-left","8":"tablet-align-left","9":"mobile-align-left","11":"first","12":"instock","13":"product-type-external"},"brands":[{"id":386,"name":"ACKOJA","slug":"ackoja"}],"_links":{"self":[{"href":"https:\/\/www.autonvaraosahaku.fi\/index.php?rest_route=\/wp\/v2\/product\/21073","targetHints":{"allow":["GET"]}}],"collection":[{"href":"https:\/\/www.autonvaraosahaku.fi\/index.php?rest_route=\/wp\/v2\/product"}],"about":[{"href":"https:\/\/www.autonvaraosahaku.fi\/index.php?rest_route=\/wp\/v2\/types\/product"}],"wp:attachment":[{"href":"https:\/\/www.autonvaraosahaku.fi\/index.php?rest_route=%2Fwp%2Fv2%2Fmedia&parent=21073"}],"wp:term":[{"taxonomy":"pwb-brand","embeddable":true,"href":"https:\/\/www.autonvaraosahaku.fi\/index.php?rest_route=%2Fwp%2Fv2%2Fpwb-brand&post=21073"},{"taxonomy":"product_cat","embeddable":true,"href":"https:\/\/www.autonvaraosahaku.fi\/index.php?rest_route=%2Fwp%2Fv2%2Fproduct_cat&post=21073"},{"taxonomy":"product_tag","embeddable":true,"href":"https:\/\/www.autonvaraosahaku.fi\/index.php?rest_route=%2Fwp%2Fv2%2Fproduct_tag&post=21073"}],"curies":[{"name":"wp","href":"https:\/\/api.w.org\/{rel}","templated":true}]}}